{"id":3946,"date":"2022-01-13T16:09:16","date_gmt":"2022-01-13T15:09:16","guid":{"rendered":"http:\/\/www.hotelvalbrenta.com\/?page_id=3946"},"modified":"2022-01-21T08:52:22","modified_gmt":"2022-01-21T07:52:22","slug":"video-hotel-valbrentafr","status":"publish","type":"page","link":"https:\/\/www.hotelvalbrenta.com\/fr\/video-hotel-valbrentafr\/","title":{"rendered":"Vid\u00e9o HTEL VALBRENTA"},"content":{"rendered":"<p>[vc_row css=&#8221;.vc_custom_1532435029857{padding-top: 50px !important;padding-bottom: 50px !important;}&#8221;][vc_column width=&#8221;1\/2&#8243;][vc_column_text]<\/p>\n<h1><strong><em>Hotel Valbrenta<\/em><\/strong><\/h1>\n<h4>Piazza Diaz 30, 35010 Limena (PD),<br \/>\nT<a href=\"tel:0039049767303\">+39 049 76 73 03<\/a><br \/>\nF +39 049 88 40 790<br \/>\n<a href=\"mailto:info@hotelvalbrenta.com\">info@hotelvalbrenta.com<\/a><\/h4>\n<p>Skype: Hotel Valbrenta[\/vc_column_text][\/vc_column][\/vc_row][vc_row][vc_column][vc_video link=&#8221;https:\/\/youtu.be\/xkxT7hcKswY&#8221; title=&#8221;Parlons de l&#8217;H\u00f4tel Valbrenta&#8221;][\/vc_column][\/vc_row][vc_row][vc_column][vc_column_text]<\/p>\n<pre id=\"tw-target-text\" class=\"tw-data-text tw-text-large tw-ta\" dir=\"ltr\" data-placeholder=\"Traduzione\"><span style=\"font-size: 18px;\"><strong><span class=\"Y2IQFc\" lang=\"fr\">[ Activer les sous-titres sur la vid\u00e9o ]<\/span><\/strong><\/span><\/pre>\n<p>Bonjour \u00e0 tous, je m\u2019appelle Anna Aggujaro.<br \/>\net avec ma s\u0153ur Giovanna et ma m\u00e8re Iva, nous g\u00e9rons l&#8217;h\u00f4tel Valbrenta sur la Piazza Diaz \u00e0 Limena.<br \/>\nVoici, en quelques mots, l&#8217;histoire de notre \u00e9tablissement.<br \/>\nSuivez-moi. Sur ces photos, vous voyez que l&#8217;H\u00f4tel Valbrenta est devenu une demeure historique.<br \/>\nCommen\u00e7ons.<br \/>\n1800 : la place avec en son centre le tr\u00e8s grand saule des vanniers, qui sera remplac\u00e9 par le Monument aux morts de la Grande Guerre,<br \/>\net le remblai de Brentella d\u00e9truit par une inondation.<br \/>\n1930 : les rails du train qui reliait Limena \u00e0 Padoue fr\u00f4lait l&#8217;auberge avec ses portiques et servait d\u2019abri aux voyageurs qui attendaient \u00e0<br \/>\n\u00e0 l&#8217;arr\u00eat de Piazza Diaz.<br \/>\n1945 : l&#8217;auberge d\u00e9figur\u00e9e par des tirs de canon pendant la Seconde Guerre mondiale.<br \/>\n1960 : notre p\u00e8re, Achille Mario Aggujaro, Surnomm\u00e9 aussi \u00ab Oncle Achille \u00bb, commence son aventure et prend en main la gestion du restaurant.<br \/>\nPhoto de ses grands-parents paternels, 1890, Achille Aggujaro et Anna Adele Pavan, les parents de notre p\u00e8re Achille Mario.<br \/>\nEn 1960, Achille Mario Aggujaro, surnomm\u00e9 aussi \u00ab Oncle Achille \u00bb, commence \u00e0 g\u00e9rer l&#8217;auberge historique.<br \/>\n1970 : la salle \u00e0 manger o\u00f9 notre p\u00e8re travaillait, le bar, le tr\u00e8s vieux bar, toujours en 1970 : une autre photo de notre p\u00e8re<br \/>\nen train de contr\u00f4ler la cuisson du cochon de lait, la sp\u00e9cialit\u00e9 de l&#8217;auberge, et la c\u00e9l\u00e8bre chemin\u00e9e qui n&#8217;existe malheureusement plus aujourd&#8217;hui, puis l\u2019\u00e2tre mythique toujours au c\u0153ur de la salle \u00e0 manger.<br \/>\n1967 : Maman et Papa, Achille et Iva donc, le lendemain de leur mariage.<br \/>\nNous voici en 1989 : les travaux de restauration de l\u2019auberge Valbrenta qui, en 1990, deviendra l&#8217;actuelle Valbrenta.<br \/>\nUn si\u00e8cle s&#8217;est \u00e9coul\u00e9 depuis que Sante Aggujaro a achet\u00e9 cet endroit et aujourd&#8217;hui nous sommes toujours l\u00e0 \u00e0 le g\u00e9rer avec passion et hospitalit\u00e9.<br \/>\nBonjour.<br \/>\nAujourd&#8217;hui, nous vous pr\u00e9sentons une autre nouveaut\u00e9 de l&#8217;H\u00f4tel Valbrenta : l&#8217;enregistrement en ligne.<br \/>\nDonc conform\u00e9ment aux normes Covid, afin d&#8217;\u00e9viter les files d&#8217;attente \u00e0 la r\u00e9ception et \u00e0 l&#8217;enregistrement,<br \/>\nnous avons mis en place l&#8217;enregistrement en ligne tout en conservant aussi l\u2019enregistrement manuel.<br \/>\nEn outre, les clients qui souhaiteraient rester dans leur chambre quelques heures de plus et donc quitter l\u2019h\u00f4tel un peu plus tard,<br \/>\npourront se mettre d&#8217;accord avec la secr\u00e9taire pour programmer un d\u00e9part ult\u00e9rieur.<br \/>\nNous vous rappelons \u00e9galement que nos chambres vous permettent aussi de travailler et conviennent donc parfaitement au t\u00e9l\u00e9travail.<br \/>\nLaissez-moi vous pr\u00e9senter la pi\u00e8ce \u00ab\u00a0Bien-\u00eatre\u00a0\u00bb.<br \/>\nCette pi\u00e8ce est \u00e9quip\u00e9e du Wifi, de Sky, d\u2019un coin d\u00e9tente avec tisanes, et d&#8217;un v\u00e9lo d&#8217;exercice.<br \/>\nPour tous ceux qui, lors des journ\u00e9es maussades, ne peuvent pas sortir pour faire une activit\u00e9 physique, mais peuvent, ici, faire un peu de v\u00e9lo.<br \/>\nRegardez \u00e7a. Un peu d&#8217;exercice ne fait jamais de mal m\u00eame par temps nuageux.<br \/>\nBien s\u00fbr, faire un tour en v\u00e9lo sur le parcours sant\u00e9, c\u2019est autre chose.<br \/>\nMais vous pouvez aussi vous contenter du v\u00e9lo d&#8217;exercice dans la pi\u00e8ce 213 de l&#8217;h\u00f4tel Valbrenta.<br \/>\nPermettez-moi de vous pr\u00e9senter une autre chambre.<br \/>\nComme toutes les autres chambres, elle dispose du WiFi, de Sky, d&#8217;un coin d\u00e9tente avec tisanes.<br \/>\nSa particularit\u00e9 r\u00e9side dans le fait que les chambres sont toutes en nuances de vert parce qu&#8217;elles respectent la couleur de la nature<br \/>\ncompte tenu de la proximit\u00e9 de l&#8217;h\u00f4tel avec le fleuve Brenta.<br \/>\nAjoutons que chaque chambre poss\u00e8de un tableau, chacun se devant de repr\u00e9senter un aspect naturel du territoire.<br \/>\nAlors, pourquoi, allez-vous me dire, les clients choisissent l&#8217;h\u00f4tel Valbrenta\u00a0?<br \/>\nLes clients le choisissent pour son emplacement relaxant, au bord du fleuve Brenta, id\u00e9al pour des excursions \u00e0 v\u00e9lo et des promenades.<br \/>\nUne autre raison pour laquelle les clients s\u00e9journent \u00e0 l\u2019H\u00f4tel Valbrenta c&#8217;est parce que nous aimons anticiper les exigences des clients mais surtout parce que les clients se sentent attendus.<br \/>\nLes espaces et les chambres de l&#8217;h\u00f4tel Valbrenta sont assainis \u00e0 l&#8217;aide de produits d\u00e9sinfectants, m\u00e9dicaux et chirurgicaux.<br \/>\nPour pr\u00e9server la sant\u00e9 de nos h\u00f4tes, nous avons mis en place un protocole interne.<br \/>\nNous vous attendons donc avec impatience pour un d\u00e9licieux moment de relaxation en toute s\u00e9curit\u00e9.<br \/>\nMerci.[\/vc_column_text][\/vc_column][\/vc_row]<\/p>\n","protected":false},"excerpt":{"rendered":"<p>[vc_row css=&#8221;.vc_custom_1532435029857{padding-top: 50px !important;padding-bottom: 50px !important;}&#8221;][vc_column width=&#8221;1\/2&#8243;][vc_column_text] Hotel Valbrenta Piazza Diaz 30, 35010 Limena (PD), T+39 049 76 73 03 F +39 049 88 40 790 info@hotelvalbrenta.com Skype: Hotel Valbrenta[\/vc_column_text][\/vc_column][\/vc_row][vc_row][vc_column][vc_video link=&#8221;https:\/\/youtu.be\/xkxT7hcKswY&#8221; title=&#8221;Parlons de l&#8217;H\u00f4tel Valbrenta&#8221;][\/vc_column][\/vc_row][vc_row][vc_column][vc_column_text] [ Activer les sous-titres sur la vid\u00e9o ] Bonjour \u00e0 tous, je m\u2019appelle Anna Aggujaro. et avec ma s\u0153ur Giovanna [&hellip;]<\/p>\n","protected":false},"author":1,"featured_media":0,"parent":0,"menu_order":5,"comment_status":"closed","ping_status":"closed","template":"","meta":[],"_links":{"self":[{"href":"https:\/\/www.hotelvalbrenta.com\/fr\/wp-json\/wp\/v2\/pages\/3946"}],"collection":[{"href":"https:\/\/www.hotelvalbrenta.com\/fr\/wp-json\/wp\/v2\/pages"}],"about":[{"href":"https:\/\/www.hotelvalbrenta.com\/fr\/wp-json\/wp\/v2\/types\/page"}],"author":[{"embeddable":true,"href":"https:\/\/www.hotelvalbrenta.com\/fr\/wp-json\/wp\/v2\/users\/1"}],"replies":[{"embeddable":true,"href":"https:\/\/www.hotelvalbrenta.com\/fr\/wp-json\/wp\/v2\/comments?post=3946"}],"version-history":[{"count":4,"href":"https:\/\/www.hotelvalbrenta.com\/fr\/wp-json\/wp\/v2\/pages\/3946\/revisions"}],"predecessor-version":[{"id":3990,"href":"https:\/\/www.hotelvalbrenta.com\/fr\/wp-json\/wp\/v2\/pages\/3946\/revisions\/3990"}],"wp:attachment":[{"href":"https:\/\/www.hotelvalbrenta.com\/fr\/wp-json\/wp\/v2\/media?parent=3946"}],"curies":[{"name":"wp","href":"https:\/\/api.w.org\/{rel}","templated":true}]}}