{"id":2422,"date":"2018-07-13T14:02:01","date_gmt":"2018-07-13T12:02:01","guid":{"rendered":"http:\/\/hotelvalbrenta.com.netechlab.it\/home-2\/"},"modified":"2022-11-25T09:14:38","modified_gmt":"2022-11-25T08:14:38","slug":"home-2","status":"publish","type":"page","link":"https:\/\/www.hotelvalbrenta.com\/fr\/","title":{"rendered":"Home"},"content":{"rendered":"<p>[vc_row][vc_column][rev_slider_vc alias=&#8221;homepage-fr&#8221;][\/vc_column][\/vc_row][vc_row css=&#8221;.vc_custom_1531490634804{padding-top: 60px !important;padding-bottom: 60px !important;}&#8221;][vc_column][vc_custom_heading text=&#8221;Hotel Valbrenta a Limena di Padova Bonjour&#8221; font_container=&#8221;tag:h1|font_size:24px|text_align:center|color:%23000000|line_height:30px&#8221; google_fonts=&#8221;font_family:Lato%3A100%2C100italic%2C300%2C300italic%2Cregular%2Citalic%2C700%2C700italic%2C900%2C900italic|font_style:700%20bold%20italic%3A700%3Aitalic&#8221;][vc_separator color=&#8221;black&#8221; border_width=&#8221;2&#8243; el_width=&#8221;10&#8243; type=&#8221;small&#8221; gap=&#8221;short&#8221;][vc_column_text]Dans l\u2019h\u00f4tel Valbrenta la tradition et la modernit\u00e9 ont trouv\u00e9 un point de rencontre et de sublimation et la famille Aggujaro peut aujourd\u2019hui, dans le signe d\u2019une tradition, qui se renouvele, continuer \u00e1 offrir un service qui caract\u00e9rise cet h\u00f4tel pour sa hospitalit\u00e9 et bonne cuisine. La position privil\u00e9g\u00e9e de l\u2019h\u00f4tel Valbrenta permit de atteindre les lieus les plus importants sans renoncer \u00e1 la tranquillit\u00e9 du petit village et \u00e1 la puret\u00e9 de la cuisine v\u00e9n\u00e9tienne.[\/vc_column_text][\/vc_column][\/vc_row][vc_row full_width=&#8221;stretch_row_content_no_spaces&#8221; content_placement=&#8221;middle&#8221;][vc_column width=&#8221;1\/2&#8243; css=&#8221;.vc_custom_1531491860326{padding-top: 50px !important;padding-right: 5% !important;padding-left: 10% !important;background-color: #ece6e2 !important;}&#8221;]<div id=\"porto-icon-211063991969eaa6fd68d81\" class=\"porto-just-icon-wrapper  \"><div class=\"align-icon\" style=\"text-align:center;\">\n<div class=\"porto-sicon-img \" style=\"font-size:50px;display:inline-block;\" >\n\t<img class=\"img-icon\" alt=\"\" src=\"https:\/\/www.hotelvalbrenta.com\/wp-content\/uploads\/2018\/07\/cereals-1.png\"\/>\n<\/div><\/div><\/div>[vc_custom_heading text=&#8221;Le petit d\u00e9jeuner, le repas le plus important de la journ\u00e9e&#8221; font_container=&#8221;tag:h1|font_size:24px|text_align:center|color:%23000000|line_height:30px&#8221; google_fonts=&#8221;font_family:Lato%3A100%2C100italic%2C300%2C300italic%2Cregular%2Citalic%2C700%2C700italic%2C900%2C900italic|font_style:700%20bold%20italic%3A700%3Aitalic&#8221;][vc_separator color=&#8221;black&#8221; border_width=&#8221;2&#8243; el_width=&#8221;10&#8243; type=&#8221;small&#8221; gap=&#8221;short&#8221;][vc_column_text el_class=&#8221;lead&#8221;]Un bonjour doux \u00e0 tous nos invit\u00e9s offrant un vaste assortiment de produits sans gluten et naturels pour un bon matin de bien-\u00eatre. Vous trouverez des suggestions pour un petit-d\u00e9jeuner sain et \u00e9quilibr\u00e9.[\/vc_column_text][\/vc_column][vc_column width=&#8221;1\/2&#8243;][vc_row_inner css=&#8221;.vc_custom_1531491727358{margin: 0px !important;padding: 0px !important;}&#8221;][vc_column_inner width=&#8221;1\/2&#8243;][vc_single_image image=&#8221;4131&#8243; img_size=&#8221;full&#8221;][\/vc_column_inner][vc_column_inner width=&#8221;1\/2&#8243;][vc_single_image image=&#8221;4059&#8243; img_size=&#8221;full&#8221;][\/vc_column_inner][\/vc_row_inner][vc_row_inner css=&#8221;.vc_custom_1531491719174{margin: 0px !important;padding: 0px !important;}&#8221;][vc_column_inner width=&#8221;1\/2&#8243;][vc_single_image image=&#8221;4041&#8243; img_size=&#8221;full&#8221;][\/vc_column_inner][vc_column_inner width=&#8221;1\/2&#8243;][vc_single_image image=&#8221;4052&#8243; img_size=&#8221;full&#8221;][\/vc_column_inner][\/vc_row_inner][\/vc_column][\/vc_row][vc_row full_width=&#8221;stretch_row_content_no_spaces&#8221; content_placement=&#8221;middle&#8221;][vc_column width=&#8221;1\/2&#8243;][vc_row_inner css=&#8221;.vc_custom_1531491727358{margin: 0px !important;padding: 0px !important;}&#8221;][vc_column_inner width=&#8221;1\/2&#8243;][vc_single_image image=&#8221;154&#8243; img_size=&#8221;full&#8221;][\/vc_column_inner][vc_column_inner width=&#8221;1\/2&#8243;][vc_single_image image=&#8221;1669&#8243; img_size=&#8221;full&#8221;][vc_single_image image=&#8221;1663&#8243; img_size=&#8221;full&#8221;][\/vc_column_inner][\/vc_row_inner][\/vc_column][vc_column width=&#8221;1\/2&#8243; css=&#8221;.vc_custom_1531493151932{padding-top: 50px !important;padding-right: 5% !important;padding-left: 10% !important;background-color: #d7eeeb !important;}&#8221;]<div id=\"porto-icon-96012825869eaa6fd69445\" class=\"porto-just-icon-wrapper  \"><div class=\"align-icon\" style=\"text-align:center;\">\n<div class=\"porto-sicon-img \" style=\"font-size:50px;display:inline-block;\" >\n\t<img class=\"img-icon\" alt=\"\" src=\"https:\/\/www.hotelvalbrenta.com\/wp-content\/uploads\/2018\/07\/bicycle.png\"\/>\n<\/div><\/div><\/div>[vc_custom_heading text=&#8221;Nous vous pr\u00e9sentons notre nouvelle salle de bien-\u00eatre&#8221; font_container=&#8221;tag:h1|font_size:24px|text_align:center|color:%23000000|line_height:30px&#8221; google_fonts=&#8221;font_family:Lato%3A100%2C100italic%2C300%2C300italic%2Cregular%2Citalic%2C700%2C700italic%2C900%2C900italic|font_style:700%20bold%20italic%3A700%3Aitalic&#8221;][vc_separator color=&#8221;black&#8221; border_width=&#8221;2&#8243; el_width=&#8221;10&#8243; type=&#8221;small&#8221; gap=&#8221;short&#8221;][vc_column_text el_class=&#8221;lead&#8221;]D\u00e9di\u00e9e aux clients les plus sportifs, la salle Wellness est notre nouvelle salle \u00e9quip\u00e9e de v\u00e9los d\u2019exercice. Vous pouvez vous entra\u00eener toute l&#8217;ann\u00e9e, sans vous soucier du mauvais temps![\/vc_column_text][\/vc_column][\/vc_row][vc_row css=&#8221;.vc_custom_1531493644397{padding-top: 60px !important;padding-bottom: 60px !important;}&#8221;][vc_column][vc_raw_html]PHAgc3R5bGU9InRleHQtYWxpZ246IGNlbnRlcjsiPjxpIGFyaWEtaGlkZGVuPSJ0cnVlIiBjbGFzcz0iZmEgZmEtNHggZmEtdHJpcGFkdmlzb3IiPjwvaT48L3A+[\/vc_raw_html][vc_custom_heading text=&#8221;Lire les opinions de nos clients!&#8221; font_container=&#8221;tag:h1|font_size:24px|text_align:center|color:%23000000|line_height:30px&#8221; google_fonts=&#8221;font_family:Lato%3A100%2C100italic%2C300%2C300italic%2Cregular%2Citalic%2C700%2C700italic%2C900%2C900italic|font_style:700%20bold%20italic%3A700%3Aitalic&#8221;][vc_separator color=&#8221;black&#8221; border_width=&#8221;2&#8243; el_width=&#8221;10&#8243; type=&#8221;small&#8221; gap=&#8221;short&#8221;][vc_row_inner css=&#8221;.vc_custom_1531493910077{margin-top: 50px !important;}&#8221;][vc_column_inner width=&#8221;1\/4&#8243;][vc_column_text]<\/p>\n<p style=\"text-align: center; font-size: 16px; margin-botton: 0px; line-height: 14px;\"><strong>\u201cAbsolument recommand\u00e9!\u201d<\/strong><\/p>\n<p style=\"text-align: center; font-size: 14px;\"><em><strong>Comment\u00e9 il y a 1 semaine<\/strong><\/em><\/p>\n<p>[\/vc_column_text][vc_separator color=&#8221;black&#8221; border_width=&#8221;2&#8243; el_width=&#8221;10&#8243; type=&#8221;small&#8221; gap=&#8221;short&#8221;][vc_column_text]<\/p>\n<p style=\"text-align: center;\">Je suis rest\u00e9 il y a une semaine avec mon mari pour deux nuits et \u00e9tait tr\u00e8s heureux! Une grande valeur, chambre spacieuse et confortable, calme, bien chauff\u00e9e, tr\u00e8s propre. droit de place de stationnement devant la porte.<\/p>\n<p>[\/vc_column_text][\/vc_column_inner][vc_column_inner width=&#8221;1\/4&#8243;][vc_column_text]<\/p>\n<p style=\"text-align: center; font-size: 16px; margin-botton: 0px; line-height: 14px;\"><strong>\u201cParfait!\u201d<\/strong><\/p>\n<p style=\"text-align: center; font-size: 14px;\"><em><strong>Comment\u00e9 il y a 2 semaines<\/strong><\/em><\/p>\n<p>[\/vc_column_text][vc_separator color=&#8221;black&#8221; border_width=&#8221;2&#8243; el_width=&#8221;10&#8243; type=&#8221;small&#8221; gap=&#8221;short&#8221;][vc_column_text]<\/p>\n<p style=\"text-align: center;\">Situation id\u00e9ale pour atteindre les pays voisins. Le personnel amical, courtois et accueillant. Les chambres sont grandes, confortables et tr\u00e8s propres (bien au chaud dans ces nuits froides) petit-d\u00e9jeuner buffet excellent, avec un choix de sucr\u00e9 et sal\u00e9. Lors de notre prochaine visite dans la r\u00e9gion, nous reviendrons dans cet h\u00f4tel!<\/p>\n<p>[\/vc_column_text][\/vc_column_inner][vc_column_inner width=&#8221;1\/4&#8243;][vc_column_text]<\/p>\n<p style=\"text-align: center; font-size: 16px; margin-botton: 0px; line-height: 14px;\"><strong>\u201cWeek-end de r\u00eave\u201d<\/strong><\/p>\n<p style=\"text-align: center; font-size: 14px;\"><em><strong>Comment\u00e9 il y a 2 semaines<\/strong><\/em><\/p>\n<p>[\/vc_column_text][vc_separator color=&#8221;black&#8221; border_width=&#8221;2&#8243; el_width=&#8221;10&#8243; type=&#8221;small&#8221; gap=&#8221;short&#8221;][vc_column_text]<\/p>\n<p style=\"text-align: center;\">Couple avec un b\u00e9b\u00e9: tr\u00e8s spacieux, r\u00e9nov\u00e9 et impeccable au 1er \u00e9tage. d\u00eener et hospitalit\u00e9 excellente. Une belle biblioth\u00e8que d\u00e9di\u00e9e aux enfants et a donn\u00e9 \u00e0 la fin du s\u00e9jour un livre \u00e0 mon fils.<\/p>\n<p>[\/vc_column_text][\/vc_column_inner][vc_column_inner width=&#8221;1\/4&#8243;][vc_column_text]<\/p>\n<p style=\"text-align: center; font-size: 16px; margin-botton: 0px; line-height: 14px;\"><strong>\u201cSuper!!!\u00a0\u201d<\/strong><\/p>\n<p style=\"text-align: center; font-size: 14px;\"><em><strong>Avis \u00e9crit le 4 Janvier 2017<\/strong><\/em><\/p>\n<p>[\/vc_column_text][vc_separator color=&#8221;black&#8221; border_width=&#8221;2&#8243; el_width=&#8221;10&#8243; type=&#8221;small&#8221; gap=&#8221;short&#8221;][vc_column_text]<\/p>\n<p style=\"text-align: center;\">Nous avons s\u00e9journ\u00e9 dans cet h\u00f4tel deux nuits \u00e0 la fin de l&#8217;ann\u00e9e, comme base pour visiter Venise; L&#8217;\u00e9valuation est id\u00e9al pour des chambres propres et \u00e0 la bonne temp\u00e9rature. Le petit d\u00e9jeuner buffet \u00e9tait copieux, avec un personnel tr\u00e8s professionnel.<\/p>\n<p>[\/vc_column_text][\/vc_column_inner][\/vc_row_inner][\/vc_column][\/vc_row][vc_row full_width=&#8221;stretch_row_content_no_spaces&#8221; css=&#8221;.vc_custom_1531497251122{margin-top: 0px !important;margin-bottom: 0px !important;padding-top: 0px !important;padding-bottom: 0px !important;background-color: #000000 !important;}&#8221;][vc_column width=&#8221;1\/4&#8243;][vc_column_text]<\/p>\n<div style=\"z-index: 5; position: absolute; color: white; font-size: 20px; padding: 50px;\"><strong>UNE VACANCE AVIS\u00c9E M\u00caME POUR LES SPORTS<\/strong><\/div>\n<p>[\/vc_column_text][vc_single_image image=&#8221;259&#8243; img_size=&#8221;full&#8221; hover_effect=&#8221;yes&#8221; el_class=&#8221;opacity-hover&#8221;][\/vc_column][vc_column width=&#8221;1\/4&#8243;][vc_column_text]<\/p>\n<div style=\"z-index: 5; position: absolute; color: white; font-size: 20px; padding: 50px;\"><strong><br \/>\nUN DIET ATTENTIF \u00c0 TOUTES LES EXIGENCES<\/strong><\/div>\n<p>[\/vc_column_text][vc_single_image image=&#8221;254&#8243; img_size=&#8221;full&#8221; hover_effect=&#8221;yes&#8221; el_class=&#8221;opacity-hover&#8221;][\/vc_column][vc_column width=&#8221;1\/4&#8243;][vc_column_text]<\/p>\n<div style=\"z-index: 5; position: absolute; color: white; font-size: 20px; padding: 50px;\"><strong>LA DESTINATION ID\u00c9ALE POUR CEUX QUI AIMENT LA CULTURE ET LA RELIGION<\/strong><\/div>\n<p>[\/vc_column_text][vc_single_image image=&#8221;264&#8243; img_size=&#8221;full&#8221; hover_effect=&#8221;yes&#8221; el_class=&#8221;opacity-hover&#8221;][\/vc_column][vc_column width=&#8221;1\/4&#8243;][vc_column_text]<\/p>\n<div style=\"z-index: 5; position: absolute; color: white; font-size: 20px; padding: 50px;\"><strong>NOUS SOMMES \u00c0 30 KM DU OUTLET VILLAGE, L&#8217;ENDROIT ID\u00c9AL POUR UN PEU DE SHOPPING<\/strong><\/div>\n<p>[\/vc_column_text][vc_single_image image=&#8221;269&#8243; img_size=&#8221;full&#8221; hover_effect=&#8221;yes&#8221; el_class=&#8221;opacity-hover&#8221;][\/vc_column][\/vc_row][vc_row full_width=&#8221;stretch_row_content_no_spaces&#8221; css=&#8221;.vc_custom_1531495299268{margin-top: 0px !important;margin-bottom: 60px !important;padding-bottom: 0px !important;}&#8221;][vc_column width=&#8221;1\/4&#8243;][vc_column_text]<\/p>\n<div style=\"z-index: 5; position: absolute; color: white; font-size: 20px; padding: 50px;\"><strong>LE CHARME D&#8217;UN LIEU RICHE EN HISTOIRE<\/strong><\/div>\n<p>[\/vc_column_text][vc_single_image image=&#8221;244&#8243; img_size=&#8221;full&#8221; hover_effect=&#8221;yes&#8221; el_class=&#8221;opacity-hover&#8221;][\/vc_column][vc_column width=&#8221;1\/4&#8243;][vc_column_text]<\/p>\n<div style=\"z-index: 5; position: absolute; color: white; font-size: 20px; padding: 50px;\"><strong>NOUS SOMMES SITU\u00c9S \u00c0 PROXIMIT\u00c9 DES ENDROITS LES PLUS BEAUX EN V\u00c9N\u00c9TIE<\/strong><\/div>\n<p>[\/vc_column_text][vc_single_image image=&#8221;279&#8243; img_size=&#8221;full&#8221; hover_effect=&#8221;yes&#8221; el_class=&#8221;opacity-hover&#8221;][\/vc_column][vc_column width=&#8221;1\/4&#8243;][vc_column_text]<\/p>\n<div style=\"z-index: 5; position: absolute; color: white; font-size: 20px; padding: 50px;\"><strong>NOS CHAMBRES SONT \u00c9QUIP\u00c9ES DE TOUT LE CONFORT<\/strong><\/div>\n<p>[\/vc_column_text][vc_single_image image=&#8221;249&#8243; img_size=&#8221;full&#8221; hover_effect=&#8221;yes&#8221; el_class=&#8221;opacity-hover&#8221;][\/vc_column][vc_column width=&#8221;1\/4&#8243;][vc_column_text]<\/p>\n<div style=\"z-index: 5; position: absolute; color: white; font-size: 20px; padding: 50px;\"><strong>UNE ATMOSPH\u00c8RE CHAUD, FAMILIALE ET AUTHENTIQUE<\/strong><\/div>\n<p>[\/vc_column_text][vc_single_image image=&#8221;274&#8243; img_size=&#8221;full&#8221; hover_effect=&#8221;yes&#8221; el_class=&#8221;opacity-hover&#8221;][\/vc_column][\/vc_row][vc_row full_width=&#8221;stretch_row&#8221; css=&#8221;.vc_custom_1531497260378{margin-top: 0px !important;margin-bottom: 0px !important;padding-top: 60px !important;padding-bottom: 60px !important;background-color: #fef7f2 !important;}&#8221;][vc_column]<div id=\"porto-icon-208006703169eaa6fd69b95\" class=\"porto-just-icon-wrapper  \"><div class=\"align-icon\" style=\"text-align:center;\">\n<div class=\"porto-sicon-img \" style=\"font-size:50px;display:inline-block;\" >\n\t<img class=\"img-icon\" alt=\"\" src=\"https:\/\/www.hotelvalbrenta.com\/wp-content\/uploads\/2018\/07\/home_offerte.png\"\/>\n<\/div><\/div><\/div>[vc_custom_heading text=&#8221;D\u00e9couvrez toutes nos offres&#8221; font_container=&#8221;tag:h1|font_size:24px|text_align:center|color:%23000000|line_height:30px&#8221; google_fonts=&#8221;font_family:Lato%3A100%2C100italic%2C300%2C300italic%2Cregular%2Citalic%2C700%2C700italic%2C900%2C900italic|font_style:700%20bold%20italic%3A700%3Aitalic&#8221;][vc_separator color=&#8221;black&#8221; border_width=&#8221;2&#8243; el_width=&#8221;10&#8243; type=&#8221;small&#8221; gap=&#8221;short&#8221;][vc_row_inner equal_height=&#8221;yes&#8221; css=&#8221;.vc_custom_1531497752260{margin-top: 50px !important;}&#8221;][vc_column_inner width=&#8221;1\/2&#8243; css=&#8221;.vc_custom_1531733626021{margin-top: 0px !important;margin-right: 0px !important;margin-bottom: 0px !important;margin-left: 0px !important;background-color: #efede8 !important;background-position: center !important;background-repeat: no-repeat !important;background-size: contain !important;}&#8221;][vc_single_image image=&#8221;295&#8243; img_size=&#8221;full&#8221; alignment=&#8221;center&#8221; css=&#8221;.vc_custom_1531496260292{margin-right: 15px !important;margin-left: 15px !important;}&#8221;][vc_column_text css=&#8221;.vc_custom_1531496345269{margin-top: 15px !important;margin-bottom: 15px !important;}&#8221;]<\/p>\n<p style=\"text-align: center; font-size: 18px; margin-botton: 0px; line-height: 14px;\"><strong>Offre sp\u00e9ciale<\/strong><\/p>\n<p style=\"text-align: center; font-size: 16px;\">Week-end \u00e0 la d\u00e9couverte de Padoue<\/p>\n<p>[\/vc_column_text]<div class=\" porto-btn-ctn-center \"><a class=\"porto-btn porto-adjust-bottom-margin porto-btn-large porto-btn-fade-bg  porto-btn-center \"  rel='' href = \"\/offerte-speciali\/speciale-weekend-padova\/\" target='_blank' data-hover=\"\" data-border-color=\"\" data-bg=\"#005050\" data-hover-bg=\"#006464\" data-border-hover=\"\" data-shadow-click=\"none\" data-shadow=\"\" style=\"border:none;background: #005050;color: #ffffff;\"><span class=\"porto-btn-hover\" style=\"background-color:#006464\"><\/span><span class=\"porto-btn-data porto-btn-text \" >SCOPRI ORA L&#039;OFFERTA<\/span><\/a><\/div>[\/vc_column_inner][vc_column_inner width=&#8221;1\/2&#8243; css=&#8221;.vc_custom_1531733857082{margin-top: 0px !important;margin-right: 0px !important;margin-bottom: 0px !important;margin-left: 0px !important;background-color: #d7eeeb !important;background-position: center !important;background-repeat: no-repeat !important;background-size: contain !important;}&#8221;][vc_single_image image=&#8221;335&#8243; img_size=&#8221;full&#8221; alignment=&#8221;center&#8221; css=&#8221;.vc_custom_1531733092756{margin-right: 15px !important;margin-left: 15px !important;}&#8221;][vc_column_text css=&#8221;.vc_custom_1534497142249{margin-top: 15px !important;margin-bottom: 15px !important;}&#8221;]<\/p>\n<p style=\"text-align: center; font-size: 18px; margin-botton: 0px; line-height: 14px;\"><strong>Offerta speciale<\/strong><\/p>\n<p style=\"text-align: center; font-size: 16px;\">Visita le Ville Venete sul Burchiello!<\/p>\n<p>[\/vc_column_text]<div class=\" porto-btn-ctn-center \"><a class=\"porto-btn porto-adjust-bottom-margin porto-btn-large porto-btn-fade-bg  porto-btn-center \"  rel='' href = \"\/offerte-speciali\/speciale-weekend-padova\/\" target='_blank' data-hover=\"\" data-border-color=\"\" data-bg=\"#005050\" data-hover-bg=\"#006464\" data-border-hover=\"\" data-shadow-click=\"none\" data-shadow=\"\" style=\"border:none;background: #005050;color: #ffffff;\"><span class=\"porto-btn-hover\" style=\"background-color:#006464\"><\/span><span class=\"porto-btn-data porto-btn-text \" >SCOPRI ORA L&#039;OFFERTA<\/span><\/a><\/div>[\/vc_column_inner][\/vc_row_inner][\/vc_column][\/vc_row][vc_row][vc_column]<div id=\"porto-icon-173861166469eaa6fd6aa74\" class=\"porto-just-icon-wrapper   vc_custom_1531736188365\"><div class=\"align-icon\" style=\"text-align:center;\">\n<div class=\"porto-sicon-img \" style=\"font-size:50px;display:inline-block;\" >\n\t<img class=\"img-icon\" alt=\"\" src=\"https:\/\/www.hotelvalbrenta.com\/wp-content\/uploads\/2018\/07\/paper-plane.png\"\/>\n<\/div><\/div><\/div>[vc_custom_heading text=&#8221;Inscrivez-vous \u00e0 notre newsletter Pour recevoir toutes nos offres et promotions!&#8221; font_container=&#8221;tag:h1|font_size:24px|text_align:center|color:%23000000|line_height:30px&#8221; google_fonts=&#8221;font_family:Lato%3A100%2C100italic%2C300%2C300italic%2Cregular%2Citalic%2C700%2C700italic%2C900%2C900italic|font_style:700%20bold%20italic%3A700%3Aitalic&#8221;][vc_separator color=&#8221;black&#8221; border_width=&#8221;2&#8243; el_width=&#8221;10&#8243; type=&#8221;small&#8221; gap=&#8221;short&#8221;]<div class=\" porto-btn-ctn-center newsletterrr\"><a class=\"porto-btn porto-adjust-bottom-margin porto-btn-normal porto-btn-fade-bg  porto-btn-center newsletterrr\" data-hover=\"\" data-border-color=\"#000000\" data-bg=\"#ffffff\" data-hover-bg=\"#cce2df\" data-border-hover=\"\" data-shadow-click=\"none\" data-shadow=\"\" style=\"font-weight:bold;font-size:15px;border-width:2px;border-color:#000000;border-style:solid;background: #ffffff;color: #0a0a0a;\"><span class=\"porto-btn-hover\" style=\"background-color:#cce2df\"><\/span><span class=\"porto-btn-data porto-btn-text \" >ABONNER<\/span><\/a><\/div><script>\r\n        (function($){\r\n            $(\"head\").append(\"<style>.mfp-bg { background-color:rgba(137,137,137,0.8); }<\/style>\");\r\n        })(jQuery);\r\n        <\/script><div class=\"porto-modal-input-wrapper \"><script>\r\n    (function($){\r\n        $(document).ready(function(){\r\n            var selector = \".newsletterrr\";\r\n            $(selector).addClass(\"porto-modal-trigger\");\r\n            $(selector).attr(\"data-trigger-id\", \"porto-modal-69eaa6fd6b1e32-48439932\");\r\n            $(selector).attr(\"data-type\", \"inline\");\r\n            $(selector).attr(\"data-overlay-class\", \"mfp-fade\");\r\n        });\r\n    })(jQuery);\r\n    <\/script><\/div><div id=\"porto-modal-69eaa6fd6b1e32-48439932\" class=\"mfp-hide \"><div class=\"porto-modal-content\">\n<div style=\"position: absolute; top: -30vh; left: 10vw; background-color: white; width: 80vw; padding: 50px;\">\n<p class=\"modal-title\" style=\"text-align: center;\"><strong>NEWSLETTER<\/strong><\/p>\n<p style=\"text-align: center;\">Inscrivez-vous pour recevoir notre lettre d&#8217;information<\/p>\n<p style=\"text-align: center;\">\n<div class=\"wpcf7 no-js\" id=\"wpcf7-f2319-o1\" lang=\"it-IT\" dir=\"ltr\">\n<div class=\"screen-reader-response\"><p role=\"status\" aria-live=\"polite\" aria-atomic=\"true\"><\/p> <ul><\/ul><\/div>\n<form action=\"\/fr\/wp-json\/wp\/v2\/pages\/2422#wpcf7-f2319-o1\" method=\"post\" class=\"wpcf7-form init\" aria-label=\"Modulo di contatto\" novalidate=\"novalidate\" data-status=\"init\">\n<div style=\"display: none;\">\n<input type=\"hidden\" name=\"_wpcf7\" value=\"2319\" \/>\n<input type=\"hidden\" name=\"_wpcf7_version\" value=\"5.7.6\" \/>\n<input type=\"hidden\" name=\"_wpcf7_locale\" value=\"it_IT\" \/>\n<input type=\"hidden\" name=\"_wpcf7_unit_tag\" value=\"wpcf7-f2319-o1\" \/>\n<input type=\"hidden\" name=\"_wpcf7_container_post\" value=\"0\" \/>\n<input type=\"hidden\" name=\"_wpcf7_posted_data_hash\" value=\"\" \/>\n<input type=\"hidden\" name=\"_wpcf7_recaptcha_response\" value=\"\" \/>\n<\/div>\n<div id=\"responsive-form\" class=\"clearfix\">\n\t<div class=\"form-row column-full\">\n\t\t<div class=\"column-half\">\n\t\t\t<p><span class=\"wpcf7-form-control-wrap\" data-name=\"your-name\"><input size=\"40\" class=\"wpcf7-form-control wpcf7-text wpcf7-validates-as-required span12\" aria-required=\"true\" aria-invalid=\"false\" placeholder=\"Nom *\" value=\"\" type=\"text\" name=\"your-name\" \/><\/span>\n\t\t\t<\/p>\n\t\t<\/div>\n\t\t<div class=\"column-half\">\n\t\t\t<p><span class=\"wpcf7-form-control-wrap\" data-name=\"your-name\"><input size=\"40\" class=\"wpcf7-form-control wpcf7-text wpcf7-validates-as-required span12\" aria-required=\"true\" aria-invalid=\"false\" placeholder=\"Pr\u00e9nom *\" value=\"\" type=\"text\" name=\"your-name\" \/><\/span>\n\t\t\t<\/p>\n\t\t<\/div>\n\t<\/div>\n\t<div class=\"form-row column-full\">\n\t\t<div class=\"column-full\">\n\t\t\t<p><span class=\"wpcf7-form-control-wrap\" data-name=\"your-email\"><input size=\"40\" class=\"wpcf7-form-control wpcf7-text wpcf7-email wpcf7-validates-as-required wpcf7-validates-as-email span12\" aria-required=\"true\" aria-invalid=\"false\" placeholder=\"Email *\" value=\"\" type=\"email\" name=\"your-email\" \/><\/span>\n\t\t\t<\/p>\n\t\t<\/div>\n\t<\/div>\n\t<div class=\"form-row column-full\">\n\t\t<div class=\"column-full\">\n\t\t\t<p><span class=\"wpcf7-form-control-wrap\" data-name=\"phone\"><input size=\"40\" class=\"wpcf7-form-control wpcf7-text wpcf7-validates-as-required span12\" aria-required=\"true\" aria-invalid=\"false\" placeholder=\"T\u00e9l\u00e9phone\" value=\"\" type=\"text\" name=\"phone\" \/><\/span>\n\t\t\t<\/p>\n\t\t<\/div>\n\t<\/div>\n\t<div class=\"form-row column-full\">\n\t\t<div class=\"column-full\">\n\t\t\t<p><span class=\"wpcf7-form-control-wrap\" data-name=\"phone\"><input size=\"40\" class=\"wpcf7-form-control wpcf7-text wpcf7-validates-as-required span12\" aria-required=\"true\" aria-invalid=\"false\" placeholder=\"Ville\" value=\"\" type=\"text\" name=\"phone\" \/><\/span>\n\t\t\t<\/p>\n\t\t<\/div>\n\t<\/div>\n\t<div class=\"form-row column-full\">\n\t\t<p><span class=\"wpcf7-form-control-wrap\" data-name=\"acceptance-274\"><span class=\"wpcf7-form-control wpcf7-acceptance\"><span class=\"wpcf7-list-item\"><input type=\"checkbox\" name=\"acceptance-274\" value=\"1\" aria-invalid=\"false\" \/><\/span><\/span><\/span>\n\t\t<\/p>\n\t\t<p>je d\u00e9clare que j'ai lu et accept\u00e9 la <a href=\"\/informativa-privacy\" target=\"_blank\">politique de confidentialit\u00e9<\/a>\n\t\t<\/p>\n\t<\/div>\n\t<div class=\"form-row column-full\">\n\t\n\t<\/div>\n\t<div class=\"form-row column-full\">\n\t\t<div class=\"button-submit-book\">\n\t\t\t<p><input class=\"wpcf7-form-control has-spinner wpcf7-submit\" type=\"submit\" value=\"INSCRIVEZ-VOUS\" \/>\n\t\t\t<\/p>\n\t\t<\/div>\n\t<\/div>\n<\/div><div class=\"wpcf7-response-output\" aria-hidden=\"true\"><\/div>\n<\/form>\n<\/div>\n<\/div>\n<p><\/div><\/div>[\/vc_column][\/vc_row]<\/p>\n","protected":false},"excerpt":{"rendered":"<p>[vc_row][vc_column][rev_slider_vc alias=&#8221;homepage-fr&#8221;][\/vc_column][\/vc_row][vc_row css=&#8221;.vc_custom_1531490634804{padding-top: 60px !important;padding-bottom: 60px !important;}&#8221;][vc_column][vc_custom_heading text=&#8221;Hotel Valbrenta a Limena di Padova Bonjour&#8221; font_container=&#8221;tag:h1|font_size:24px|text_align:center|color:%23000000|line_height:30px&#8221; google_fonts=&#8221;font_family:Lato%3A100%2C100italic%2C300%2C300italic%2Cregular%2Citalic%2C700%2C700italic%2C900%2C900italic|font_style:700%20bold%20italic%3A700%3Aitalic&#8221;][vc_separator color=&#8221;black&#8221; border_width=&#8221;2&#8243; el_width=&#8221;10&#8243; type=&#8221;small&#8221; gap=&#8221;short&#8221;][vc_column_text]Dans l\u2019h\u00f4tel Valbrenta la tradition et la modernit\u00e9 ont trouv\u00e9 un point de rencontre et de sublimation et la famille Aggujaro peut aujourd\u2019hui, dans le signe d\u2019une tradition, qui se renouvele, continuer \u00e1 offrir un [&hellip;]<\/p>\n","protected":false},"author":1,"featured_media":0,"parent":0,"menu_order":0,"comment_status":"closed","ping_status":"closed","template":"","meta":[],"_links":{"self":[{"href":"https:\/\/www.hotelvalbrenta.com\/fr\/wp-json\/wp\/v2\/pages\/2422"}],"collection":[{"href":"https:\/\/www.hotelvalbrenta.com\/fr\/wp-json\/wp\/v2\/pages"}],"about":[{"href":"https:\/\/www.hotelvalbrenta.com\/fr\/wp-json\/wp\/v2\/types\/page"}],"author":[{"embeddable":true,"href":"https:\/\/www.hotelvalbrenta.com\/fr\/wp-json\/wp\/v2\/users\/1"}],"replies":[{"embeddable":true,"href":"https:\/\/www.hotelvalbrenta.com\/fr\/wp-json\/wp\/v2\/comments?post=2422"}],"version-history":[{"count":14,"href":"https:\/\/www.hotelvalbrenta.com\/fr\/wp-json\/wp\/v2\/pages\/2422\/revisions"}],"predecessor-version":[{"id":4310,"href":"https:\/\/www.hotelvalbrenta.com\/fr\/wp-json\/wp\/v2\/pages\/2422\/revisions\/4310"}],"wp:attachment":[{"href":"https:\/\/www.hotelvalbrenta.com\/fr\/wp-json\/wp\/v2\/media?parent=2422"}],"curies":[{"name":"wp","href":"https:\/\/api.w.org\/{rel}","templated":true}]}}