{"id":1978,"date":"2018-07-16T14:02:36","date_gmt":"2018-07-16T12:02:36","guid":{"rendered":"http:\/\/hotelvalbrenta.com.netechlab.it\/hotel\/"},"modified":"2022-06-15T21:51:02","modified_gmt":"2022-06-15T19:51:02","slug":"hotel","status":"publish","type":"page","link":"https:\/\/www.hotelvalbrenta.com\/fr\/hotel\/","title":{"rendered":"Hotel"},"content":{"rendered":"<p>[vc_row css=&#8221;.vc_custom_1531750596119{padding-top: 60px !important;padding-bottom: 60px !important;}&#8221;][vc_column][vc_custom_heading text=&#8221;Hotel Valbrenta a Limena di Padova&#8221; font_container=&#8221;tag:h1|font_size:24px|text_align:center|color:%23000000|line_height:30px&#8221; google_fonts=&#8221;font_family:Lato%3A100%2C100italic%2C300%2C300italic%2Cregular%2Citalic%2C700%2C700italic%2C900%2C900italic|font_style:700%20bold%20italic%3A700%3Aitalic&#8221;][vc_custom_heading text=&#8221;&#8221; font_container=&#8221;tag:h3|font_size:18px|text_align:center|color:%23000000|line_height:30px&#8221; google_fonts=&#8221;font_family:Lato%3A100%2C100italic%2C300%2C300italic%2Cregular%2Citalic%2C700%2C700italic%2C900%2C900italic|font_style:700%20bold%20italic%3A700%3Aitalic&#8221;][vc_separator color=&#8221;black&#8221; border_width=&#8221;2&#8243; el_width=&#8221;10&#8243; type=&#8221;small&#8221; gap=&#8221;short&#8221;][vc_column_text]Dans l\u2019h\u00f4tel Valbrenta la tradition et la modernit\u00e9 ont trouv\u00e9 un point de rencontre et de sublimation et la famille Aggujaro peut aujourd\u2019hui, dans le signe d\u2019une tradition, qui se renouvele, continuer \u00e1 offrir un service qui caract\u00e9rise cet h\u00f4tel pour sa hospitalit\u00e9 et bonne cuisine. La position privil\u00e9g\u00e9e de l\u2019h\u00f4tel Valbrenta permit de atteindre les lieus les plus importants sans renoncer \u00e1 la tranquillit\u00e9 du petit village et \u00e1 la puret\u00e9 de la cuisine v\u00e9n\u00e9tienne.[\/vc_column_text][\/vc_column][\/vc_row][vc_row full_width=&#8221;stretch_row_content_no_spaces&#8221; content_placement=&#8221;middle&#8221; css=&#8221;.vc_custom_1531750186924{padding-top: 50% !important;background-image: url(http:\/\/www.hotelvalbrenta.com\/wp-content\/uploads\/2018\/07\/chi-siamo_storia_LL8wcAZ.jpg?id=410) !important;background-position: center !important;background-repeat: no-repeat !important;background-size: contain !important;}&#8221;][vc_column css=&#8221;.vc_custom_1531749665503{padding-top: 0px !important;padding-right: 0px !important;padding-bottom: 0px !important;padding-left: 0px !important;}&#8221;][\/vc_column][\/vc_row][vc_row css=&#8221;.vc_custom_1531490634804{padding-top: 60px !important;padding-bottom: 60px !important;}&#8221;][vc_column][vc_custom_heading text=&#8221;Notre Histoire&#8221; font_container=&#8221;tag:h1|font_size:24px|text_align:center|color:%23000000|line_height:30px&#8221; google_fonts=&#8221;font_family:Lato%3A100%2C100italic%2C300%2C300italic%2Cregular%2Citalic%2C700%2C700italic%2C900%2C900italic|font_style:700%20bold%20italic%3A700%3Aitalic&#8221;][vc_separator color=&#8221;black&#8221; border_width=&#8221;2&#8243; el_width=&#8221;10&#8243; type=&#8221;small&#8221; gap=&#8221;short&#8221;][\/vc_column][\/vc_row][vc_row][vc_column width=&#8221;1\/2&#8243;][vc_single_image image=&#8221;419&#8243; img_size=&#8221;full&#8221;][\/vc_column][vc_column width=&#8221;1\/2&#8243;][vc_column_text]L&#8217;histoire nous apprend que dans 300 de Padoue en guerre avec le peuple de Vicence construits \u00e0 Limerick Brentella le canal pour amener l&#8217;eau de la Brenta \u00e0 Padoue. Ainsi est n\u00e9e cette nouvelle voie autour de laquelle a surgi le centre de Limerick. Il a form\u00e9 un centre de commerce, le transit des navires, des activit\u00e9s li\u00e9es \u00e0 fiumee avec eux ne pouvaient pas manquer la taverne. Dans cette seconde conception du milieu du XVIIe si\u00e8cle est d\u00e9j\u00e0 entrevu l&#8217;immeuble dans sa taille actuelle. La pr\u00e9sence de cette auberge sont document\u00e9s dans les dessins et la 500 d\u00e9j\u00e0 dans l&#8217;un de 1691, nous trouvons qu&#8217;il repr\u00e9sentait exactement comme aujourd&#8217;hui. Je suis donc plus de trois si\u00e8cles qui ici sont fournis des services qui d\u00e9j\u00e0 alors pr\u00eat\u00e9 le \u00abauberge\u00bb. Nommez ce qui limenesi ont toujours utilis\u00e9 pour d\u00e9signer cet h\u00f4tel. Nous devons nous rappeler que, dans ces jours de l&#8217;auberge n&#8217;\u00e9tait pas seulement un &#8216;&#8221;taverne&#8221;, comme nous l&#8217;entendons aujourd&#8217;hui, o\u00f9 ils ont consomm\u00e9 du vin et des boissons et qu&#8217;ils mangeaient assis ou debout, mais c&#8217;\u00e9tait le lieu de rencontre, un v\u00e9ritable centre centre commercial o\u00f9 vous avez accept\u00e9 les \u00e9changes de marchandises et la vente de toutes sortes.[\/vc_column_text][\/vc_column][\/vc_row][vc_row][vc_column width=&#8221;1\/2&#8243;][vc_column_text]Dans la conception de la deuxi\u00e8me moiti\u00e9 du XVIIe si\u00e8cle &#8211; qui ressemble \u00e0 une photo de la Locanda actuel &#8211; la terrasse en face des deux portes est exactement ce finestrecentrali aujourd&#8217;hui. Il convient de noter, \u00e0 droite, la tige avec le signe du coin repas. Souvent, dans les auberges pourrait vendre \u00e9picerie sans devoir. Un privil\u00e8ge qui les rendait semblable \u00e0 l&#8217;actuel franco.Qui le port, \u00e0 Limerick, en face de l&#8217;auberge, il y avait un poste o\u00f9 vous \u00e9tiez tout le provvedeva de forgeron de ses t\u00e2ches. En face de l&#8217;auberge pass\u00e9 beaucoup de bateaux transportant des marchandises de la Brenta et r\u00e9alis\u00e9 \u00e0 Padoue et Venise, et cela est devenu un point de r\u00e9f\u00e9rence et lieu de rencontre pour les plaisanciers. Jusqu&#8217;au d\u00e9but du XIXe si\u00e8cle, l&#8217;auberge a \u00e9t\u00e9 la propri\u00e9t\u00e9 de la noble famille v\u00e9nitienne Fini, qui contr\u00f4lait l&#8217;ensemble de l&#8217;activit\u00e9 \u00e9conomique du pays. Nous savons que, en 1770, nous avons mang\u00e9 \u00e0 l&#8217;auberge avec 5 lires, selon un rapport de d\u00e9penses soumis par l&#8217;ing\u00e9nieur qui a dirig\u00e9 les travaux pour la construction de &#8220;colmelloni.&#8221; Comme le montre la photo de fineOttocento l&#8217;auberge a toujours conserv\u00e9 sa fonction de lieu de rafra\u00eechissement et d&#8217;h\u00e9bergement pour tous ceux qui ont assist\u00e9 \u00e0 la route importante reliant Padoue et de l&#8217;Europe du Nord \u00e0 travers la r\u00e9gion du Trentin. Pour une comparaison, nous rappelons que le m\u00eame ing\u00e9nieur a pass\u00e9 48 lires pour Burchio le transport de Venise \u00e0 Limerick.[\/vc_column_text][\/vc_column][vc_column width=&#8221;1\/2&#8243;][vc_single_image image=&#8221;428&#8243; img_size=&#8221;full&#8221;][\/vc_column][\/vc_row][vc_row][vc_column width=&#8221;1\/2&#8243;][vc_single_image image=&#8221;433&#8243; img_size=&#8221;full&#8221;][\/vc_column][vc_column width=&#8221;1\/2&#8243;][vc_column_text]\u00c7a fait plus d&#8217;un si\u00e8cle depuis Sante Aggujaro achet\u00e9 cet endroit alors qui sera g\u00e9r\u00e9 par la famille. De cette fa\u00e7on, ici, \u00e0 l&#8217;H\u00f4tel Valbrenta, tradition et modernit\u00e9 ont trouv\u00e9 un point de rencontre et de sublimation et aujourd&#8217;hui le Aggujaro de la famille, sous le signe d&#8217;une tradition familiale qui se renouvelle, il peut continuer \u00e0 offrir ces services qui, mut\u00e9s fois, n&#8217;ont pas chang\u00e9 le caract\u00e8re de l&#8217;hospitalit\u00e9 et de la bonne nourriture qui ont toujours distingu\u00e9 cet h\u00f4tel. Son emplacement est id\u00e9al dans le pass\u00e9 quand tout trafficie les d\u00e9placements ont eu lieu le long de la riv, reste donc maintenant \u00e0 son emplacement \u00e0 la p\u00e9riph\u00e9rie de Padoue, \u00e0 deux minutes de la sortie ouest de l&#8217;autoroute Venise &#8211; Milan, une demi-heure de route de Venise. Il ya tous les ingr\u00e9dients afin d&#8217;avoir la proximit\u00e9 commode pour les grands centres sans pour autant sacrifier la tranquillit\u00e9 de la petite ville et l&#8217;authenticit\u00e9 de la cuisine v\u00e9nitienne.[\/vc_column_text][\/vc_column][\/vc_row]<\/p>\n","protected":false},"excerpt":{"rendered":"<p>[vc_row css=&#8221;.vc_custom_1531750596119{padding-top: 60px !important;padding-bottom: 60px !important;}&#8221;][vc_column][vc_custom_heading text=&#8221;Hotel Valbrenta a Limena di Padova&#8221; font_container=&#8221;tag:h1|font_size:24px|text_align:center|color:%23000000|line_height:30px&#8221; google_fonts=&#8221;font_family:Lato%3A100%2C100italic%2C300%2C300italic%2Cregular%2Citalic%2C700%2C700italic%2C900%2C900italic|font_style:700%20bold%20italic%3A700%3Aitalic&#8221;][vc_custom_heading text=&#8221;&#8221; font_container=&#8221;tag:h3|font_size:18px|text_align:center|color:%23000000|line_height:30px&#8221; google_fonts=&#8221;font_family:Lato%3A100%2C100italic%2C300%2C300italic%2Cregular%2Citalic%2C700%2C700italic%2C900%2C900italic|font_style:700%20bold%20italic%3A700%3Aitalic&#8221;][vc_separator color=&#8221;black&#8221; border_width=&#8221;2&#8243; el_width=&#8221;10&#8243; type=&#8221;small&#8221; gap=&#8221;short&#8221;][vc_column_text]Dans l\u2019h\u00f4tel Valbrenta la tradition et la modernit\u00e9 ont trouv\u00e9 un point de rencontre et de sublimation et la famille Aggujaro peut aujourd\u2019hui, dans le signe d\u2019une tradition, qui se renouvele, continuer \u00e1 offrir [&hellip;]<\/p>\n","protected":false},"author":1,"featured_media":0,"parent":0,"menu_order":6,"comment_status":"closed","ping_status":"closed","template":"","meta":[],"_links":{"self":[{"href":"https:\/\/www.hotelvalbrenta.com\/fr\/wp-json\/wp\/v2\/pages\/1978"}],"collection":[{"href":"https:\/\/www.hotelvalbrenta.com\/fr\/wp-json\/wp\/v2\/pages"}],"about":[{"href":"https:\/\/www.hotelvalbrenta.com\/fr\/wp-json\/wp\/v2\/types\/page"}],"author":[{"embeddable":true,"href":"https:\/\/www.hotelvalbrenta.com\/fr\/wp-json\/wp\/v2\/users\/1"}],"replies":[{"embeddable":true,"href":"https:\/\/www.hotelvalbrenta.com\/fr\/wp-json\/wp\/v2\/comments?post=1978"}],"version-history":[{"count":7,"href":"https:\/\/www.hotelvalbrenta.com\/fr\/wp-json\/wp\/v2\/pages\/1978\/revisions"}],"predecessor-version":[{"id":4084,"href":"https:\/\/www.hotelvalbrenta.com\/fr\/wp-json\/wp\/v2\/pages\/1978\/revisions\/4084"}],"wp:attachment":[{"href":"https:\/\/www.hotelvalbrenta.com\/fr\/wp-json\/wp\/v2\/media?parent=1978"}],"curies":[{"name":"wp","href":"https:\/\/api.w.org\/{rel}","templated":true}]}}