{"id":1950,"date":"2018-07-13T14:05:01","date_gmt":"2018-07-13T12:05:39","guid":{"rendered":"http:\/\/hotelvalbrenta.com.netechlab.it\/sport-cicloturismo\/"},"modified":"2019-04-29T11:14:28","modified_gmt":"2019-04-29T09:14:28","slug":"sport-cicloturismo","status":"publish","type":"page","link":"https:\/\/www.hotelvalbrenta.com\/fr\/sport-cicloturismo\/","title":{"rendered":"Sport et cyclisme"},"content":{"rendered":"<p>[vc_row full_width=&#8221;stretch_row_content_no_spaces&#8221; wrap_container=&#8221;yes&#8221; text_align=&#8221;center&#8221; css=&#8221;.vc_custom_1531821585469{padding-top: 60px !important;padding-bottom: 60px !important;background-color: #efede8 !important;}&#8221;][vc_column][vc_single_image image=&#8221;837&#8243; alignment=&#8221;center&#8221;][vc_custom_heading text=&#8221;Reste en forme!&#8221; font_container=&#8221;tag:h1|font_size:24px|text_align:center|color:%23000000|line_height:30px&#8221; google_fonts=&#8221;font_family:Lato%3A100%2C100italic%2C300%2C300italic%2Cregular%2Citalic%2C700%2C700italic%2C900%2C900italic|font_style:700%20bold%20italic%3A700%3Aitalic&#8221;][vc_separator color=&#8221;black&#8221; border_width=&#8221;2&#8243; el_width=&#8221;10&#8243; type=&#8221;small&#8221; gap=&#8221;short&#8221;][vc_column_text]Pendant votre s\u00e9jour chez nous, voulez-vous faire de l\u2019activit\u00e9 physique et vous maintenir en forme? Etes-vous en train de penser que nous vous proposerons une salle de gym ou un centre sportif pr\u00e8s de l\u2019h\u00f4tel? Rien de tout cela. Ce que nous vous proposons est encore meilleur: un parcours-vie immerg\u00e9 dans la nature id\u00e9ale pour VTT et randonn\u00e9es. Le parcours-vie situ\u00e9 juste \u00e0 c\u00f4t\u00e9 de l\u2019h\u00f4tel vous permettra de d\u00e9couvrir les merveilles qui nous entourent, en vous permettant de respirer l\u2019air pur, faire du jogging et de la gym ou tout simplement pour profiter d\u2019un imprenable panorama et d\u00e9couvrir un magnifique et m\u00e9connu coin de la ville de Padoue. Depuis des ann\u00e9es, de nombreux clients nous choisissent, non seulement pour l\u2019ambiance confortable, les chambres bien entretenues et la cuisine toujours d&#8217;une excellente qualit\u00e9, mais aussi pour \u00eatre le point de rep\u00e8re pour ce parcours-vie: une petite mais pr\u00e9cieuse perle incrust\u00e9e dans le territoire de la ville de Limena.[\/vc_column_text][\/vc_column][\/vc_row][vc_row full_width=&#8221;stretch_row_content_no_spaces&#8221; content_placement=&#8221;middle&#8221; css=&#8221;.vc_custom_1531822038197{background-color: #efede8 !important;background-position: center !important;background-repeat: no-repeat !important;background-size: contain !important;}&#8221;][vc_column css=&#8221;.vc_custom_1531821924229{padding-top: 10% !important;padding-right: 10% !important;padding-bottom: 10% !important;padding-left: 10% !important;background-image: url(http:\/\/www.hotelvalbrenta.com\/wp-content\/uploads\/2018\/07\/header_sport_2RSRlAM.jpg?id=859) !important;background-position: center !important;background-repeat: no-repeat !important;background-size: cover !important;}&#8221;][\/vc_column][\/vc_row][vc_row full_width=&#8221;stretch_row_content_no_spaces&#8221; wrap_container=&#8221;yes&#8221; text_align=&#8221;center&#8221; css=&#8221;.vc_custom_1531822377829{padding-top: 60px !important;padding-bottom: 60px !important;}&#8221;][vc_column][vc_single_image image=&#8221;1013&#8243; alignment=&#8221;center&#8221;][vc_custom_heading text=&#8221;Pistes cyclables&#8221; font_container=&#8221;tag:h1|font_size:24px|text_align:center|color:%23000000|line_height:30px&#8221; google_fonts=&#8221;font_family:Lato%3A100%2C100italic%2C300%2C300italic%2Cregular%2Citalic%2C700%2C700italic%2C900%2C900italic|font_style:700%20bold%20italic%3A700%3Aitalic&#8221;][vc_separator color=&#8221;black&#8221; border_width=&#8221;2&#8243; el_width=&#8221;10&#8243; type=&#8221;small&#8221; gap=&#8221;short&#8221;][vc_column_text]<\/p>\n<p>[\/vc_column_text][\/vc_column][\/vc_row][vc_row][vc_column][vc_tta_accordion][vc_tta_section title=&#8221;1. Limena &#8211; Via Fornace&#8221; tab_id=&#8221;1533891541247-8b6ebb1c-6215&#8243;][vc_row_inner][vc_column_inner width=&#8221;2\/3&#8243;][vc_column_text]<\/p>\n<p style=\"text-align: left;\">Trottoir \/ piste cyclable qui relie les villages de Taggi di Sotto \/ Taggi di Sopra \u00e0 Limena (PD). Distance: 3,7 km Type: ciclopedonale Fonds: asphalte Convient aux enfants: il Convient pour les patineurs: aucun dur\u00e9e ( Km \/ h): 15 minutes<\/p>\n<p>[\/vc_column_text][\/vc_column_inner][vc_column_inner width=&#8221;1\/3&#8243;][vc_single_image image=&#8221;1026&#8243; img_size=&#8221;full&#8221;][\/vc_column_inner][\/vc_row_inner][\/vc_tta_section][vc_tta_section title=&#8221;2. Padova &#8211; Piazzola sul Brenta (boucle)&#8221; tab_id=&#8221;1533891541325-fceeb2aa-716c&#8221;][vc_row_inner][vc_column_inner width=&#8221;2\/3&#8243;][vc_column_text]<\/p>\n<p style=\"text-align: left;\">Itin\u00e9raire mixte entre la voie unique de terre digues, routes cyclables et \u00e9tend avec peu de trafic que la ville \u00ab di Padova, menant \u00e0 la belle Villa Contarini au centre du terrain sur la Brenta. Le retour est le long de la rivi\u00e8re Brenta et le canal Brentelle. Distance: 63,35 km Type: piste cyclable Fonds: mixte Convient aux enfants: il Convient pour les patineurs: aucun dur\u00e9e ( Km \/ h): 253 minutes<\/p>\n<p>[\/vc_column_text][\/vc_column_inner][vc_column_inner width=&#8221;1\/3&#8243;][vc_single_image image=&#8221;1055&#8243; img_size=&#8221;full&#8221;][\/vc_column_inner][\/vc_row_inner][\/vc_tta_section][vc_tta_section title=&#8221;3. Padoue: rivi\u00e8re anneau&#8221; tab_id=&#8221;1533891721542-2bfcc205-0818&#8243;][vc_row_inner][vc_column_inner width=&#8221;2\/3&#8243;][vc_column_text]<\/p>\n<p style=\"text-align: left;\">Rivi\u00e8re Ring qui entoure la ville de Padoue en barrage en remblai. Tr\u00e8s agr\u00e9able et facile, de longues \u00e9tendues ombrag\u00e9es, sc\u00e8ne reposante. Entre la fin de la section C et le d\u00e9but de la section D, traversant la Via Roma Loc. Limena, \u00e0 gauche (20-30 m\u00e8tres), il y a une vieille fontaine en fonte (d&#8217;une valeur d&#8217;une photo) \u00e0 proximit\u00e9 du service d&#8217;arr\u00eat le transport de passagers extra-urbain (situ\u00e9). Distance: 44.86 km Type: ciclopedonale Fonds: mixte Convient aux enfants: il Convient pour les patineurs: aucun dur\u00e9e ( Km \/ h): 179 minutes<\/p>\n<p>[\/vc_column_text][\/vc_column_inner][vc_column_inner width=&#8221;1\/3&#8243;][vc_single_image image=&#8221;1069&#8243; img_size=&#8221;full&#8221;][\/vc_column_inner][\/vc_row_inner][\/vc_tta_section][vc_tta_section title=&#8221;4. Torre &#8211; Limena Brenta rivi\u00e8re levee&#8221; tab_id=&#8221;1533891741743-526a2178-02dd&#8221;][vc_row_inner][vc_column_inner width=&#8221;2\/3&#8243;][vc_column_text]<\/p>\n<p style=\"text-align: left;\">Chemin tr\u00e8s facile et la banque \u00e0 long romantique de la Brenta. Remarquable Le Charterhouse des Trois ch\u00eanes centenaires (400 ans). gravier de gravier assez facile. Distance: 9,83 km Type: ciclopedonale Fonds: gravier Convient aux enfants: il Convient pour les patineurs: non class\u00e9 dur\u00e9e ( Km \/ h): 39 minutes<\/p>\n<p>[\/vc_column_text][\/vc_column_inner][vc_column_inner width=&#8221;1\/3&#8243;][vc_single_image image=&#8221;1081&#8243; img_size=&#8221;full&#8221;][\/vc_column_inner][\/vc_row_inner][\/vc_tta_section][vc_tta_section title=&#8221;5. Vigonovo &#8211; Fontaniva, le long de la Brenta&#8221; tab_id=&#8221;1533891786048-7b5a6397-669b&#8221;][vc_row_inner][vc_column_inner width=&#8221;2\/3&#8243;][vc_column_text]<\/p>\n<p style=\"text-align: left;\">Chemin le long des rives de la rivi\u00e8re Brenta hiver tr\u00e8s chaud. Assez difficile en cas de pluie avant la randonn\u00e9e.<\/p>\n<p>[\/vc_column_text][\/vc_column_inner][vc_column_inner width=&#8221;1\/3&#8243;][vc_single_image image=&#8221;1090&#8243; img_size=&#8221;full&#8221;][\/vc_column_inner][\/vc_row_inner][\/vc_tta_section][vc_tta_section title=&#8221;6. Tr\u00e9vise &#8211; Ostiglia&#8221; tab_id=&#8221;1533891821908-7ea01138-5e63&#8243;][vc_row_inner][vc_column_inner width=&#8221;2\/3&#8243;][vc_column_text]<\/p>\n<p style=\"text-align: left;\">Piste cyclable en construction sur l&#8217;ancienne voie ferr\u00e9e militaire de piste. De vastes \u00e9tendues d\u00e9j\u00e0 possible. Distance: 113.2 km Type: v\u00e9lo Fonds: mixte Convient aux enfants: il Convient pour les patineurs: non class\u00e9 dur\u00e9e ( Km \/ h): 453 minutes<\/p>\n<p>[\/vc_column_text][\/vc_column_inner][vc_column_inner width=&#8221;1\/3&#8243;][vc_single_image image=&#8221;1109&#8243; img_size=&#8221;full&#8221;][\/vc_column_inner][\/vc_row_inner][\/vc_tta_section][vc_tta_section title=&#8221;7. Piazzola sul Brenta &#8211; PD &#8211; nature et boucle de v\u00e9lo&#8221; tab_id=&#8221;1533891850497-e7cefc04-fcaf&#8221;][vc_row_inner][vc_column_inner width=&#8221;2\/3&#8243;][vc_column_text]<\/p>\n<p style=\"text-align: left;\">Parcours vari\u00e9. La premi\u00e8re partie, apr\u00e8s avoir quitt\u00e9 la belle ville de Piazzola sul Brenta, caract\u00e9ris\u00e9 par Villa solennelle Contarinin, va dans le sentier le long de la rivi\u00e8re Brenta. Vraiment impressionnant paysage naturel avec le c\u00f4t\u00e9 de la rivi\u00e8re et sur les autres lacs et r\u00e9servoirs pleins de la flore et la faune. Apr\u00e8s l&#8217;\u00e9tirement naturel de jusqu&#8217;\u00e0 7 km (sur le chemin bien foul\u00e9 et petits hauts et des bas &#8211; pas d&#8217;eau), la route longe les routes rurales, pour atteindre les villages de Carturo puis, en rentrant au sud sur les routes pav\u00e9es dans le trafic faible, Isola Mantegna (lieu la naissance du c\u00e9l\u00e8bre peintre Andrea mantegna), porte-pot (avec la belle Villa da Ponte) pour s&#8217;adapter \u00e0 Piazzola sul Brenta. vraiment beau voyage, mauvaise signalisation. Dommage qu&#8217;il n&#8217;y ait jamais une fontaine. La partie naturaliste est vraiment charmant (\u00e0 part les moustiques &#8230;). Distance: 20,4 km Type: piste cyclable Fonds: mixte Convient aux enfants: il Convient pour les patineurs: non class\u00e9 dur\u00e9e ( Km \/ h): 80 minutes<\/p>\n<p>[\/vc_column_text][\/vc_column_inner][vc_column_inner width=&#8221;1\/3&#8243;][vc_single_image image=&#8221;1117&#8243; img_size=&#8221;full&#8221;][\/vc_column_inner][\/vc_row_inner][\/vc_tta_section][vc_tta_section title=&#8221;8. Eugan\u00e9ens&#8221; tab_id=&#8221;1533891865516-f32b4a02-4e10&#8243;][vc_row_inner][vc_column_inner width=&#8221;2\/3&#8243;][vc_column_text]<\/p>\n<p style=\"text-align: left;\">Dans ce magnifique balade autour des collines eugan\u00e9ennes, pour la plupart, il fonctionne sur remblai de terre, mais bon fond permet la distance m\u00eame avec un v\u00e9lo de tourisme ou de course aussi longtemps que \u00e9quip\u00e9 de pneus. Je ne recommande pas, \u00e9tant donn\u00e9 les chemins de terre \u00c9vitez de longueur et le long des routes pav\u00e9es adjacentes serait une grande perte pour le ch\u00e2ssis de plaisir et vous ne pouvez pas bien comprendre la structure et la beaut\u00e9 des cours d&#8217;eau, ainsi que profiter d&#8217;une vue plus terre \u00e0 terre vers les collines. Distance: 73.17 km Type: piste cyclable Fonds: mixte Convient aux enfants: aucun Convient pour les patineurs: non class\u00e9 dur\u00e9e ( Km \/ h): 293 minutes<\/p>\n<p>[\/vc_column_text][\/vc_column_inner][vc_column_inner width=&#8221;1\/3&#8243;][vc_single_image image=&#8221;1123&#8243; img_size=&#8221;full&#8221;][\/vc_column_inner][\/vc_row_inner][\/vc_tta_section][vc_tta_section title=&#8221;9. Castelfranco &#8211; Padova le long du ruisseau Muson&#8221; tab_id=&#8221;1533891903541-efa2965c-55de&#8221;][vc_row_inner][vc_column_inner width=&#8221;2\/3&#8243;][vc_column_text]<\/p>\n<p style=\"text-align: left;\">Chemin qui suit le ruisseau de Muson \u00ab Castagnara \u00bb (Padoue) jusqu&#8217;\u00e0 Castelfranco Veneto. Cette route relie avec le v\u00e9lo anneau fuviale Padoue , coupant le cycle de la Tergola \u00e0 Tour et Burri v\u00e9lo dell&#8217;Ostiglia \u00e0 Loreggia. En Castelfranco Veneto il se connecte avec la moto pour Asolo. Distance: 40,47 km Type: ciclopedonale Fonds: mixte Convient aux enfants: aucun Convient pour les patineurs: non class\u00e9 dur\u00e9e ( Km \/ h): 162 minutes<\/p>\n<p>[\/vc_column_text][\/vc_column_inner][vc_column_inner width=&#8221;1\/3&#8243;][vc_single_image image=&#8221;1128&#8243; img_size=&#8221;full&#8221;][\/vc_column_inner][\/vc_row_inner][\/vc_tta_section][\/vc_tta_accordion][\/vc_column][\/vc_row][vc_row content_placement=&#8221;middle&#8221;][vc_column css=&#8221;.vc_custom_1531742046349{padding-top: 100px !important;padding-right: 100px !important;padding-bottom: 100px !important;padding-left: 100px !important;background-color: #efede8 !important;}&#8221;][vc_single_image image=&#8221;1138&#8243; alignment=&#8221;center&#8221;][vc_custom_heading text=&#8221;Ti presentiamo la nostra nuova camera Wellness&#8221; font_container=&#8221;tag:h2|font_size:20px|text_align:center|color:%23000000|line_height:30px&#8221; google_fonts=&#8221;font_family:Lato%3A100%2C100italic%2C300%2C300italic%2Cregular%2Citalic%2C700%2C700italic%2C900%2C900italic|font_style:700%20bold%20italic%3A700%3Aitalic&#8221;][vc_column_text el_class=&#8221;lead&#8221;]Dedicata a tutti i clienti pi\u00f9 sportivi, <strong>la camera Wellness<\/strong> \u00e8 la nostra nuova camera <strong>dotata di Cyclette<\/strong>. Potrai allenarti tutto l\u2019anno, senza preoccuparti del brutto tempo![\/vc_column_text][\/vc_column][\/vc_row][vc_row content_placement=&#8221;middle&#8221; css=&#8221;.vc_custom_1531832686140{margin-bottom: 100px !important;background-color: #efede8 !important;background-position: center !important;background-repeat: no-repeat !important;background-size: contain !important;}&#8221;][vc_column css=&#8221;.vc_custom_1531832645986{padding-top: 10% !important;padding-right: 10% !important;padding-bottom: 10% !important;padding-left: 10% !important;background-image: url(http:\/\/www.hotelvalbrenta.com\/wp-content\/uploads\/2018\/07\/SPORT-E-CICLOTURISMO.png?id=1149) !important;background-position: center !important;background-repeat: no-repeat !important;background-size: cover !important;}&#8221;][\/vc_column][\/vc_row]<\/p>\n","protected":false},"excerpt":{"rendered":"<p>[vc_row full_width=&#8221;stretch_row_content_no_spaces&#8221; wrap_container=&#8221;yes&#8221; text_align=&#8221;center&#8221; css=&#8221;.vc_custom_1531821585469{padding-top: 60px !important;padding-bottom: 60px !important;background-color: #efede8 !important;}&#8221;][vc_column][vc_single_image image=&#8221;837&#8243; alignment=&#8221;center&#8221;][vc_custom_heading text=&#8221;Reste en forme!&#8221; font_container=&#8221;tag:h1|font_size:24px|text_align:center|color:%23000000|line_height:30px&#8221; google_fonts=&#8221;font_family:Lato%3A100%2C100italic%2C300%2C300italic%2Cregular%2Citalic%2C700%2C700italic%2C900%2C900italic|font_style:700%20bold%20italic%3A700%3Aitalic&#8221;][vc_separator color=&#8221;black&#8221; border_width=&#8221;2&#8243; el_width=&#8221;10&#8243; type=&#8221;small&#8221; gap=&#8221;short&#8221;][vc_column_text]Pendant votre s\u00e9jour chez nous, voulez-vous faire de l\u2019activit\u00e9 physique et vous maintenir en forme? Etes-vous en train de penser que nous vous proposerons une salle de gym ou un centre sportif pr\u00e8s [&hellip;]<\/p>\n","protected":false},"author":1,"featured_media":0,"parent":0,"menu_order":1,"comment_status":"closed","ping_status":"closed","template":"","meta":[],"_links":{"self":[{"href":"https:\/\/www.hotelvalbrenta.com\/fr\/wp-json\/wp\/v2\/pages\/1950"}],"collection":[{"href":"https:\/\/www.hotelvalbrenta.com\/fr\/wp-json\/wp\/v2\/pages"}],"about":[{"href":"https:\/\/www.hotelvalbrenta.com\/fr\/wp-json\/wp\/v2\/types\/page"}],"author":[{"embeddable":true,"href":"https:\/\/www.hotelvalbrenta.com\/fr\/wp-json\/wp\/v2\/users\/1"}],"replies":[{"embeddable":true,"href":"https:\/\/www.hotelvalbrenta.com\/fr\/wp-json\/wp\/v2\/comments?post=1950"}],"version-history":[{"count":5,"href":"https:\/\/www.hotelvalbrenta.com\/fr\/wp-json\/wp\/v2\/pages\/1950\/revisions"}],"predecessor-version":[{"id":3067,"href":"https:\/\/www.hotelvalbrenta.com\/fr\/wp-json\/wp\/v2\/pages\/1950\/revisions\/3067"}],"wp:attachment":[{"href":"https:\/\/www.hotelvalbrenta.com\/fr\/wp-json\/wp\/v2\/media?parent=1950"}],"curies":[{"name":"wp","href":"https:\/\/api.w.org\/{rel}","templated":true}]}}