{"id":1938,"date":"2018-07-13T14:02:01","date_gmt":"2018-07-13T12:02:01","guid":{"rendered":"http:\/\/hotelvalbrenta.com.netechlab.it\/camere-e-servizi\/"},"modified":"2022-06-27T17:00:20","modified_gmt":"2022-06-27T15:00:20","slug":"camere-e-servizi","status":"publish","type":"page","link":"https:\/\/www.hotelvalbrenta.com\/fr\/camere-e-servizi\/","title":{"rendered":"Chambres et Services"},"content":{"rendered":"<p>[vc_row full_width=&#8221;stretch_row_content_no_spaces&#8221; css=&#8221;.vc_custom_1531751234947{padding: 25% !important;background-image: url(http:\/\/www.hotelvalbrenta.com\/wp-content\/uploads\/2018\/07\/banner-principale-camere-e-servizi_cfjVw3t.jpg?id=530) !important;background-position: center !important;background-repeat: no-repeat !important;background-size: contain !important;}&#8221;][vc_column][\/vc_column][\/vc_row][vc_row full_width=&#8221;stretch_row_content_no_spaces&#8221; css=&#8221;.vc_custom_1656342007886{padding-top: 25% !important;padding-right: 25% !important;padding-bottom: 25% !important;padding-left: 25% !important;background-image: url(https:\/\/www.hotelvalbrenta.com\/wp-content\/uploads\/2022\/06\/645D59D7-689F-4A7B-BAF3-01B0198A2F5D-scaled.jpg?id=4115) !important;background-position: center !important;background-repeat: no-repeat !important;background-size: contain !important;}&#8221;][vc_column][\/vc_column][\/vc_row][vc_row css=&#8221;.vc_custom_1531753288528{margin-top: 50px !important;margin-bottom: 50px !important;}&#8221;][vc_column width=&#8221;1\/2&#8243;][vc_column_text]<\/p>\n<h1><em><strong>Nos chambres<\/strong><\/em><\/h1>\n<p>[\/vc_column_text][vc_single_image image=&#8221;643&#8243; img_size=&#8221;large&#8221;][\/vc_column][vc_column width=&#8221;1\/2&#8243; css=&#8221;.vc_custom_1531752900288{border-left-width: 2px !important;border-left-color: #005050 !important;border-left-style: solid !important;}&#8221;][vc_column_text]<\/p>\n<p style=\"color: #003535; font-size: 18px;\">L&#8217;h\u00f4tel dispose de 30 chambres insonoris\u00e9es, toutes meubl\u00e9es avec go\u00fbt et \u00e9quip\u00e9es pour handicap\u00e9s, \u00e9quip\u00e9es de t\u00e9l\u00e9phone, t\u00e9l\u00e9vision et climatisation. Toutes les chambres disposent d&#8217;une salle de bain priv\u00e9e avec douche et s\u00e8che-cheveux.<\/p>\n<p>[\/vc_column_text]<div class=\" porto-btn-ctn-center \"><a class=\"porto-btn porto-adjust-bottom-margin porto-btn-large porto-btn-fade-bg  porto-btn-center \"  rel='' href = \"http:\/\/www.hotelvalbrenta.com\/fr\/gallery\/\" target='_blank' data-hover=\"\" data-border-color=\"\" data-bg=\"#005050\" data-hover-bg=\"#006464\" data-border-hover=\"\" data-shadow-click=\"none\" data-shadow=\"\" style=\"border:none;background: #005050;color: #ffffff;\"><span class=\"porto-btn-hover\" style=\"background-color:#006464\"><\/span><span class=\"porto-btn-data porto-btn-text \" >GALERIE<\/span><\/a><\/div>[\/vc_column][\/vc_row][vc_row css=&#8221;.vc_custom_1531753303298{margin-top: 50px !important;margin-bottom: 50px !important;}&#8221;][vc_column width=&#8221;1\/2&#8243;][vc_column_text]<\/p>\n<h1><em><strong>Services inclus<\/strong><\/em><\/h1>\n<p>[\/vc_column_text][vc_single_image image=&#8221;654&#8243; img_size=&#8221;large&#8221;][\/vc_column][vc_column width=&#8221;1\/2&#8243; css=&#8221;.vc_custom_1531752921989{border-left-width: 2px !important;border-left-color: #005050 !important;border-left-style: solid !important;}&#8221;][vc_column_text]<\/p>\n<p style=\"color: #003535; font-size: 18px;\"><em>L&#8217;h\u00f4tel propose les services suivants: r\u00e9veil, concierge 24\/24 h, parking, Sky TV, WI FI internet. Le petit d\u00e9jeuner est toujours inclus dans le prix et est servi dans le restaurant adjacent &#8220;Il Tulipano&#8221;. Des conventions sont \u00e9galement pr\u00e9vues pour ceux qui souhaitent d\u00e9jeuner ou d\u00eener aussi. Il y a une salle de r\u00e9union avec un panneau de film et un projecteur vid\u00e9o.<br \/>\n<\/em><\/p>\n<p>[\/vc_column_text][\/vc_column][\/vc_row][vc_row css=&#8221;.vc_custom_1531753313777{margin-top: 50px !important;margin-bottom: 50px !important;}&#8221;][vc_column width=&#8221;1\/2&#8243;][vc_column_text]<\/p>\n<h1><em><strong>Services et conventions suppl\u00e9mentaires<\/strong><\/em><\/h1>\n<p>[\/vc_column_text][\/vc_column][vc_column width=&#8221;1\/2&#8243; css=&#8221;.vc_custom_1531752937845{border-left-width: 2px !important;border-left-color: #005050 !important;border-left-style: solid !important;}&#8221;][vc_column_text]<\/p>\n<p style=\"color: #003535; font-size: 18px;\"><strong>Transfert des clients.<\/strong> Pour nous rejoindre \u00e0 partir de n&#8217;importe quel poste a\u00e9roport, le port ou le train ou distribuer \u00e0 n&#8217;importe quelle destination vous pouvez vous tourner vers Location H\u00f4tel entreprise partenaire Valbrenta DRM Autonoleggio qui a r\u00e9serv\u00e9 des tarifs exclusifs pour tous nos clients. Pour plus d&#8217;informations: Tel. +39 049 8235866 (h.0-24) www.dmr-autonoleggio.eu<\/p>\n<p>[\/vc_column_text][\/vc_column][\/vc_row]<\/p>\n","protected":false},"excerpt":{"rendered":"<p>[vc_row full_width=&#8221;stretch_row_content_no_spaces&#8221; css=&#8221;.vc_custom_1531751234947{padding: 25% !important;background-image: url(http:\/\/www.hotelvalbrenta.com\/wp-content\/uploads\/2018\/07\/banner-principale-camere-e-servizi_cfjVw3t.jpg?id=530) !important;background-position: center !important;background-repeat: no-repeat !important;background-size: contain !important;}&#8221;][vc_column][\/vc_column][\/vc_row][vc_row full_width=&#8221;stretch_row_content_no_spaces&#8221; css=&#8221;.vc_custom_1656342007886{padding-top: 25% !important;padding-right: 25% !important;padding-bottom: 25% !important;padding-left: 25% !important;background-image: url(https:\/\/www.hotelvalbrenta.com\/wp-content\/uploads\/2022\/06\/645D59D7-689F-4A7B-BAF3-01B0198A2F5D-scaled.jpg?id=4115) !important;background-position: center !important;background-repeat: no-repeat !important;background-size: contain !important;}&#8221;][vc_column][\/vc_column][\/vc_row][vc_row css=&#8221;.vc_custom_1531753288528{margin-top: 50px !important;margin-bottom: 50px !important;}&#8221;][vc_column width=&#8221;1\/2&#8243;][vc_column_text] Nos chambres [\/vc_column_text][vc_single_image image=&#8221;643&#8243; img_size=&#8221;large&#8221;][\/vc_column][vc_column width=&#8221;1\/2&#8243; css=&#8221;.vc_custom_1531752900288{border-left-width: 2px !important;border-left-color: #005050 !important;border-left-style: solid !important;}&#8221;][vc_column_text] L&#8217;h\u00f4tel dispose de 30 chambres [&hellip;]<\/p>\n","protected":false},"author":1,"featured_media":0,"parent":0,"menu_order":11,"comment_status":"closed","ping_status":"closed","template":"","meta":[],"_links":{"self":[{"href":"https:\/\/www.hotelvalbrenta.com\/fr\/wp-json\/wp\/v2\/pages\/1938"}],"collection":[{"href":"https:\/\/www.hotelvalbrenta.com\/fr\/wp-json\/wp\/v2\/pages"}],"about":[{"href":"https:\/\/www.hotelvalbrenta.com\/fr\/wp-json\/wp\/v2\/types\/page"}],"author":[{"embeddable":true,"href":"https:\/\/www.hotelvalbrenta.com\/fr\/wp-json\/wp\/v2\/users\/1"}],"replies":[{"embeddable":true,"href":"https:\/\/www.hotelvalbrenta.com\/fr\/wp-json\/wp\/v2\/comments?post=1938"}],"version-history":[{"count":5,"href":"https:\/\/www.hotelvalbrenta.com\/fr\/wp-json\/wp\/v2\/pages\/1938\/revisions"}],"predecessor-version":[{"id":4185,"href":"https:\/\/www.hotelvalbrenta.com\/fr\/wp-json\/wp\/v2\/pages\/1938\/revisions\/4185"}],"wp:attachment":[{"href":"https:\/\/www.hotelvalbrenta.com\/fr\/wp-json\/wp\/v2\/media?parent=1938"}],"curies":[{"name":"wp","href":"https:\/\/api.w.org\/{rel}","templated":true}]}}