{"id":1922,"date":"2018-07-17T11:45:10","date_gmt":"2018-07-17T09:45:10","guid":{"rendered":"http:\/\/hotelvalbrenta.com.netechlab.it\/cultura-divertimento\/altri-luoghi-di-interesse\/"},"modified":"2018-08-14T12:40:22","modified_gmt":"2018-08-14T10:40:22","slug":"altri-luoghi-di-interesse","status":"publish","type":"page","link":"https:\/\/www.hotelvalbrenta.com\/fr\/cultura-divertimento\/altri-luoghi-di-interesse\/","title":{"rendered":"Autres points d&#8217;int\u00e9r\u00eat"},"content":{"rendered":"<p>[vc_row][vc_column][vc_separator style=&#8221;solid&#8221;][\/vc_column][\/vc_row][vc_row][vc_column width=&#8221;1\/2&#8243;][vc_single_image image=&#8221;949&#8243; img_size=&#8221;full&#8221;][vc_custom_heading text=&#8221;Golf Club La Montecchia&#8221; font_container=&#8221;tag:h2|font_size:18px|text_align:left|color:%23000000|line_height:30px&#8221; google_fonts=&#8221;font_family:Lato%3A100%2C100italic%2C300%2C300italic%2Cregular%2Citalic%2C700%2C700italic%2C900%2C900italic|font_style:700%20bold%20italic%3A700%3Aitalic&#8221;][vc_column_text]Le Golf Montecchia, cr\u00e9\u00e9 en 1988 par un groupe d&#8217;entrepreneurs dispos\u00e9s Padoue, approche maintenant ses 25 premi\u00e8res ann\u00e9es de la vie. Terrain, un parcours de championnat con\u00e7u par l&#8217;architecte britannique Tom Macaulay, a accueilli le Challenge Tour en 2001 et 2002 et le Alps Tour en 2010 et 2012. Au fil des ans, vous avez apport\u00e9 des am\u00e9liorations et des modifications \u00e0 la piste de course, alors que la nature il a fait sa part en renfor\u00e7ant le patrimoine de l&#8217;arbre. www.golfmontecchia.it[\/vc_column_text][\/vc_column][vc_column width=&#8221;1\/2&#8243;][vc_single_image image=&#8221;956&#8243; img_size=&#8221;full&#8221;][vc_custom_heading text=&#8221;Valsugana Rugby Altichiero Padova&#8221; font_container=&#8221;tag:h2|font_size:18px|text_align:left|color:%23000000|line_height:30px&#8221; google_fonts=&#8221;font_family:Lato%3A100%2C100italic%2C300%2C300italic%2Cregular%2Citalic%2C700%2C700italic%2C900%2C900italic|font_style:700%20bold%20italic%3A700%3Aitalic&#8221;][vc_column_text]Le Valsugana &#8211; ou Valsu &#8211; est un club fond\u00e9 en 1982 et se compose de deux associations \u00e0 but non lucratif, fond\u00e9es sur le volontariat de ses membres; est d\u00e9di\u00e9 \u00e0 la promotion de la pratique et les valeurs du rugby chez les jeunes.[\/vc_column_text][\/vc_column][\/vc_row][vc_row][vc_column width=&#8221;1\/2&#8243;][vc_single_image image=&#8221;963&#8243; img_size=&#8221;full&#8221;][vc_custom_heading text=&#8221;Stadio Euganeo &#8211; 7 km&#8221; font_container=&#8221;tag:h2|font_size:18px|text_align:left|color:%23000000|line_height:30px&#8221; google_fonts=&#8221;font_family:Lato%3A100%2C100italic%2C300%2C300italic%2Cregular%2Citalic%2C700%2C700italic%2C900%2C900italic|font_style:700%20bold%20italic%3A700%3Aitalic&#8221;][vc_column_text]Le Stadio Euganeo est le domaine principal complexe sportif de la ville de Padoue. Depuis 1994, accueille les matchs \u00e0 domicile de l&#8217;\u00e9quipe de football de Padoue, les \u00e9v\u00e9nements internationaux en athl\u00e9tisme et des concerts de musique.[\/vc_column_text][\/vc_column][vc_column width=&#8221;1\/2&#8243;][vc_single_image image=&#8221;969&#8243; img_size=&#8221;full&#8221;][vc_custom_heading text=&#8221;Gran Teatro Geox &#8211; 12 Km&#8221; font_container=&#8221;tag:h2|font_size:18px|text_align:left|color:%23000000|line_height:30px&#8221; google_fonts=&#8221;font_family:Lato%3A100%2C100italic%2C300%2C300italic%2Cregular%2Citalic%2C700%2C700italic%2C900%2C900italic|font_style:700%20bold%20italic%3A700%3Aitalic&#8221;][vc_column_text]Le Gran Teatro Geox est l&#8217;un des espaces les plus importants Italiens vivent. Une sc\u00e8ne de la vocation m\u00e9tropolitaine, est devenu le point pour le spectacle dans le Nord de r\u00e9f\u00e9rence.[\/vc_column_text][\/vc_column][\/vc_row][vc_row][vc_column width=&#8221;1\/2&#8243;][vc_single_image image=&#8221;975&#8243; img_size=&#8221;full&#8221;][vc_custom_heading text=&#8221;Centro Sportivo del Plebiscito Padova &#8211; 10 Km&#8221; font_container=&#8221;tag:h2|font_size:18px|text_align:left|color:%23000000|line_height:30px&#8221; google_fonts=&#8221;font_family:Lato%3A100%2C100italic%2C300%2C300italic%2Cregular%2Citalic%2C700%2C700italic%2C900%2C900italic|font_style:700%20bold%20italic%3A700%3Aitalic&#8221;][vc_column_text]Le Centro Sportivo Plebiscito de Padoue est la principale \u00e9quipe de water-polo dans la ville de Padoue \u00e0 la fois m\u00e2le et femelle dans le domaine[\/vc_column_text][\/vc_column][vc_column width=&#8221;1\/2&#8243;][vc_single_image image=&#8221;980&#8243; img_size=&#8221;full&#8221;][vc_custom_heading text=&#8221;Palaghiaccio &#8211; 10 Km&#8221; font_container=&#8221;tag:h2|font_size:18px|text_align:left|color:%23000000|line_height:30px&#8221; google_fonts=&#8221;font_family:Lato%3A100%2C100italic%2C300%2C300italic%2Cregular%2Citalic%2C700%2C700italic%2C900%2C900italic|font_style:700%20bold%20italic%3A700%3Aitalic&#8221;][vc_column_text]Inaugur\u00e9e par Karolina Kostner, la belle Ice Palace Padova est un b\u00e2timent moderne qui abrite des programmes de hockey et des cours de patinage artistique, est facilement accessible et offre la possibilit\u00e9 de pratiquer un sport diff\u00e9rent de l&#8217;habituel. www.2001team.com[\/vc_column_text][\/vc_column][\/vc_row][vc_row][vc_column width=&#8221;1\/2&#8243;][vc_single_image image=&#8221;986&#8243; img_size=&#8221;full&#8221;][vc_custom_heading text=&#8221;PalaFabris &#8211; 16 Km&#8221; font_container=&#8221;tag:h2|font_size:18px|text_align:left|color:%23000000|line_height:30px&#8221; google_fonts=&#8221;font_family:Lato%3A100%2C100italic%2C300%2C300italic%2Cregular%2Citalic%2C700%2C700italic%2C900%2C900italic|font_style:700%20bold%20italic%3A700%3Aitalic&#8221;][vc_column_text]Le PalaFabris (ex Palasport San Lazzaro) est la plus importante salle de sport de la ville de Padoue et l&#8217;un des plus important dans la V\u00e9n\u00e9tie. En plus d&#8217;accueillir les matches \u00e0 domicile de l&#8217;\u00e9quipe de Padoue volley-ball, basket-ball et le handball, accueille d&#8217;autres \u00e9v\u00e9nements sportifs comme championnat de boxe, comp\u00e9titions d&#8217;escrime, la boxe, le tennis et ainsi de suite. Il y aura \u00e9galement jouer des concerts et des conventions importantes.[\/vc_column_text][\/vc_column][vc_column width=&#8221;1\/2&#8243;][vc_single_image image=&#8221;992&#8243; img_size=&#8221;full&#8221;][vc_custom_heading text=&#8221;Arte e Danza a Padova&#8221; font_container=&#8221;tag:h2|font_size:18px|text_align:left|color:%23000000|line_height:30px&#8221; google_fonts=&#8221;font_family:Lato%3A100%2C100italic%2C300%2C300italic%2Cregular%2Citalic%2C700%2C700italic%2C900%2C900italic|font_style:700%20bold%20italic%3A700%3Aitalic&#8221;][vc_column_text]Fond\u00e9e en 2005, avec l&#8217;intention sp\u00e9cifique de cr\u00e9er une r\u00e9alit\u00e9 seulement au niveau technique et artistique le plus \u00e9lev\u00e9, l&#8217;exp\u00e9rience Artedanza est produit par Simonetta Vaccara Reynaud, qui a eu une longue carri\u00e8re en tant que danseuse professionnelle dans le monde du ballet classique, contemporain et jazz. En un rien de temps, il a donn\u00e9 l&#8217;occasion \u00e0 ses \u00e9tudiants de mettre en \u00e9vidence leur talent et la possibilit\u00e9 de r\u00e9aliser professionnelle &#8230; www.artedanzapadova.it[\/vc_column_text][\/vc_column][\/vc_row]<\/p>\n","protected":false},"excerpt":{"rendered":"<p>[vc_row][vc_column][vc_separator style=&#8221;solid&#8221;][\/vc_column][\/vc_row][vc_row][vc_column width=&#8221;1\/2&#8243;][vc_single_image image=&#8221;949&#8243; img_size=&#8221;full&#8221;][vc_custom_heading text=&#8221;Golf Club La Montecchia&#8221; font_container=&#8221;tag:h2|font_size:18px|text_align:left|color:%23000000|line_height:30px&#8221; google_fonts=&#8221;font_family:Lato%3A100%2C100italic%2C300%2C300italic%2Cregular%2Citalic%2C700%2C700italic%2C900%2C900italic|font_style:700%20bold%20italic%3A700%3Aitalic&#8221;][vc_column_text]Le Golf Montecchia, cr\u00e9\u00e9 en 1988 par un groupe d&#8217;entrepreneurs dispos\u00e9s Padoue, approche maintenant ses 25 premi\u00e8res ann\u00e9es de la vie. Terrain, un parcours de championnat con\u00e7u par l&#8217;architecte britannique Tom Macaulay, a accueilli le Challenge Tour en 2001 et 2002 et le Alps Tour [&hellip;]<\/p>\n","protected":false},"author":1,"featured_media":0,"parent":1893,"menu_order":1,"comment_status":"closed","ping_status":"closed","template":"","meta":[],"_links":{"self":[{"href":"https:\/\/www.hotelvalbrenta.com\/fr\/wp-json\/wp\/v2\/pages\/1922"}],"collection":[{"href":"https:\/\/www.hotelvalbrenta.com\/fr\/wp-json\/wp\/v2\/pages"}],"about":[{"href":"https:\/\/www.hotelvalbrenta.com\/fr\/wp-json\/wp\/v2\/types\/page"}],"author":[{"embeddable":true,"href":"https:\/\/www.hotelvalbrenta.com\/fr\/wp-json\/wp\/v2\/users\/1"}],"replies":[{"embeddable":true,"href":"https:\/\/www.hotelvalbrenta.com\/fr\/wp-json\/wp\/v2\/comments?post=1922"}],"version-history":[{"count":3,"href":"https:\/\/www.hotelvalbrenta.com\/fr\/wp-json\/wp\/v2\/pages\/1922\/revisions"}],"predecessor-version":[{"id":1932,"href":"https:\/\/www.hotelvalbrenta.com\/fr\/wp-json\/wp\/v2\/pages\/1922\/revisions\/1932"}],"up":[{"embeddable":true,"href":"https:\/\/www.hotelvalbrenta.com\/fr\/wp-json\/wp\/v2\/pages\/1893"}],"wp:attachment":[{"href":"https:\/\/www.hotelvalbrenta.com\/fr\/wp-json\/wp\/v2\/media?parent=1922"}],"curies":[{"name":"wp","href":"https:\/\/api.w.org\/{rel}","templated":true}]}}