{"id":1908,"date":"2018-07-17T11:20:18","date_gmt":"2018-07-17T09:20:18","guid":{"rendered":"http:\/\/hotelvalbrenta.com.netechlab.it\/cultura-divertimento\/scopri-il-veneto-e-i-dintorni\/"},"modified":"2018-08-14T12:25:03","modified_gmt":"2018-08-14T10:25:03","slug":"scopri-il-veneto-e-i-dintorni","status":"publish","type":"page","link":"https:\/\/www.hotelvalbrenta.com\/fr\/cultura-divertimento\/scopri-il-veneto-e-i-dintorni\/","title":{"rendered":"D\u00e9couvrez V\u00e9n\u00e9tie et ses environs"},"content":{"rendered":"<p>[vc_row full_width=&#8221;stretch_row_content_no_spaces&#8221; content_placement=&#8221;middle&#8221; css=&#8221;.vc_custom_1531819727851{background-position: center !important;background-repeat: no-repeat !important;background-size: contain !important;}&#8221;][vc_column css=&#8221;.vc_custom_1531749665503{padding-top: 0px !important;padding-right: 0px !important;padding-bottom: 0px !important;padding-left: 0px !important;}&#8221;][vc_single_image image=&#8221;1033&#8243; img_size=&#8221;full&#8221; alignment=&#8221;center&#8221; css=&#8221;.vc_custom_1531828025287{background-position: center !important;background-repeat: no-repeat !important;background-size: contain !important;}&#8221;][\/vc_column][\/vc_row][vc_row css=&#8221;.vc_custom_1531750596119{padding-top: 60px !important;padding-bottom: 60px !important;}&#8221;][vc_column][vc_custom_heading text=&#8221;Une croisi\u00e8re romantique parmi les villas de la v\u00e9n\u00e9tie de la Rivi\u00e8re de la Brenta&#8221; font_container=&#8221;tag:h2|font_size:18px|text_align:left|color:%23000000|line_height:30px&#8221; google_fonts=&#8221;font_family:Lato%3A100%2C100italic%2C300%2C300italic%2Cregular%2Citalic%2C700%2C700italic%2C900%2C900italic|font_style:700%20bold%20italic%3A700%3Aitalic&#8221;][vc_column_text]La \u201cVilla Veneta\u201d, est li\u00e9e au ph\u00e9nom\u00e8ne de la \u201cvill\u00e9giature\u201d qui se pr\u00e9senta dans la V\u00e9n\u00e9tie entre le XV si\u00e8cle et le XVI si\u00e8cle et dura tout au cours des deux si\u00e8cles suivants, jusqu\u2019\u00e0 la chute de la glorieuse R\u00e9publique de Venise en 1797. A partir du XVI si\u00e8cle, les canaux et les rivi\u00e8res ais\u00e9ment atteignables de Venise, furent c\u00f4toy\u00e9s par des somptueuses r\u00e9sidences estivales. Le Canal de la Brenta qui mettait en communication, avec autres courants, Venise et Padoue, \u00e9tait le canal \u00e0 la mode, lieu de d\u00e9lice et prolongement id\u00e9al du Grand Canal de Venise, o\u00f9 eurirent plus de soixante-dix luxueuses villas. Ici, pas loin de la ville, les nobles plus ais\u00e9s passaient leurs vacances, en partant de Venise avec des confortables embarcations appel\u00e9es \u201cburchielli\u201d (bachots) qui remontaient le long du Canal Navigable de la Brenta; ces embarcations \u00e9taient pouss\u00e9es \u00e0 force de rames de S.Marc, \u00e0 travers la lagune de la V\u00e9n\u00e9tie jusqu\u2019\u00e0 Fusina, \u00e0 partir d\u2019o\u00f9 \u00e9taient tra\u00een\u00e9s par des chevaux jusqu\u2019\u00e0 Padoue, au long de la Riviera de la Brenta. Le voyage \u00e9tait fascinant et amusant; dans le lent avancer entre les villas et les saules pleureurs, dames et sigisb\u00e9es, nobles et aventuriers, com\u00e9diens et artistes animaient la vie \u00e0 bord rendant pittoresque et plaisant le parcours uvial. A la n du XVIII si\u00e8cle, avec la chute de la R\u00e9publique de Venise provoqu\u00e9e par Napol\u00e9on, le service arr\u00eata. Propos\u00e9 \u00e0 nouveau comme itin\u00e9raire touristique en 1960, le service reprit avec un important accroissement des voyageurs. Aujourd\u2019hui le Burchiello, embarcation moderne et confortable, sillonne l\u2019eau de la Brenta de Padoue \u00e0 Venise et vice-versa, en portant des milliers de touristes et s\u2019arr\u00eatant aux plus belles et c\u00e9l\u00e8bres villas li\u00e9es aux noms illustres de Palladio et Tiepolo pour la visite guid\u00e9e, m\u00eame \u00e0 l\u2019int\u00e9rieur. Un voyage suggestif qui, en passant par neuf ponts tournants et cinq Ecluses, v\u00e9ritables \u201c\u00e9l\u00e9vateurs d\u2019eau\u201d, permet au touriste de remonter (ou descendre) un d\u00e9nivellement d\u2019eau d\u2019environ 10 m\u00e8tres existant entre Venise et Padoue.[\/vc_column_text][\/vc_column][\/vc_row][vc_row][vc_column width=&#8221;1\/4&#8243;][vc_single_image image=&#8221;887&#8243; img_size=&#8221;full&#8221;][vc_custom_heading text=&#8221;Piazzola sul brenta &#8211; 9 km&#8221; font_container=&#8221;tag:h2|font_size:18px|text_align:left|color:%23000000|line_height:30px&#8221; google_fonts=&#8221;font_family:Lato%3A100%2C100italic%2C300%2C300italic%2Cregular%2Citalic%2C700%2C700italic%2C900%2C900italic|font_style:700%20bold%20italic%3A700%3Aitalic&#8221;][vc_column_text]Villa Contarini. Camerini est une des plus grandes villas v\u00e9nitiennes en style baroque. Elle s\u00b4est trouve au fond de la place principale de Piazzola sul Brenta, une place semi-circulaire \u00e0 arcades. Derri\u00e8re la villa se trouve un grand parc de plus de 40 hectares avec viviers, lacs et all\u00e9es plant\u00e9s d\u00b4arbres.[\/vc_column_text][\/vc_column][vc_column width=&#8221;1\/4&#8243;][vc_single_image image=&#8221;894&#8243; img_size=&#8221;full&#8221;][vc_custom_heading text=&#8221;Colli euganei &#8211; 30 km&#8221; font_container=&#8221;tag:h2|font_size:18px|text_align:left|color:%23000000|line_height:30px&#8221; google_fonts=&#8221;font_family:Lato%3A100%2C100italic%2C300%2C300italic%2Cregular%2Citalic%2C700%2C700italic%2C900%2C900italic|font_style:700%20bold%20italic%3A700%3Aitalic&#8221;][vc_column_text]L\u00b4ensemble des Collines Euganei, au sein du parc naturel homonyme est riche en attractions historiques et artistiques. On y trouve des bourgs m\u00e9di\u00e9vaux et des stations thermales situ\u00e9es dans un merveilleux territoire naturaliste qui offre aussi beaucoup de possibilit\u00e9s pour faire de la randon\u00e9e et du v\u00e9lo. www.turismopadova.it[\/vc_column_text][\/vc_column][vc_column width=&#8221;1\/4&#8243;][vc_single_image image=&#8221;902&#8243; img_size=&#8221;full&#8221;][vc_custom_heading text=&#8221;Venezia &#8211; 30 km&#8221; font_container=&#8221;tag:h2|font_size:18px|text_align:left|color:%23000000|line_height:30px&#8221; google_fonts=&#8221;font_family:Lato%3A100%2C100italic%2C300%2C300italic%2Cregular%2Citalic%2C700%2C700italic%2C900%2C900italic|font_style:700%20bold%20italic%3A700%3Aitalic&#8221;][vc_column_text]Parfois couverte de brouillard provoqu\u00e9 par l\u00b4humidit\u00e9 et envahit par les touristes provenants du monde entier, il semble presque que Venise n\u00b4existe pas et qu\u00b4elle fasse seulement partie de nos r\u00eaves. www.turismovenezia.it[\/vc_column_text][\/vc_column][vc_column width=&#8221;1\/4&#8243;][vc_single_image image=&#8221;908&#8243; img_size=&#8221;full&#8221;][vc_custom_heading text=&#8221;Padova &#8211; 10 km&#8221; font_container=&#8221;tag:h2|font_size:18px|text_align:left|color:%23000000|line_height:30px&#8221; google_fonts=&#8221;font_family:Lato%3A100%2C100italic%2C300%2C300italic%2Cregular%2Citalic%2C700%2C700italic%2C900%2C900italic|font_style:700%20bold%20italic%3A700%3Aitalic&#8221;][vc_column_text]Ville de grandes traditions artistiques et culturelles, Padoue vante plus de 3.000 ann\u00e9es d\u00b4histoire, qui lui ont laiss\u00e9 en h\u00e9ritage une grande quantit\u00e9 de monuments de grande valeur historique et artistique. www.turismopadova.it[\/vc_column_text][\/vc_column][\/vc_row][vc_row][vc_column width=&#8221;1\/4&#8243;][vc_single_image image=&#8221;887&#8243; img_size=&#8221;full&#8221;][vc_custom_heading text=&#8221;Arqu\u00e0 Petrarca &#8211; 9 km&#8221; font_container=&#8221;tag:h2|font_size:18px|text_align:left|color:%23000000|line_height:30px&#8221; google_fonts=&#8221;font_family:Lato%3A100%2C100italic%2C300%2C300italic%2Cregular%2Citalic%2C700%2C700italic%2C900%2C900italic|font_style:700%20bold%20italic%3A700%3Aitalic&#8221;][vc_column_text]Le c\u00e9l\u00e8bre po\u00e8te Petrarca choisit les Collines Euganei et particuli\u00e8rement ce charmant bourg pour passer la derni\u00e8re periode de sa vie. Aujourd\u00b4hui il est encore possible de visiter celle qui fut sa demeure. www.turismopadova.it[\/vc_column_text][\/vc_column][vc_column width=&#8221;1\/4&#8243;][vc_single_image image=&#8221;922&#8243; img_size=&#8221;full&#8221;][vc_custom_heading text=&#8221;Vicenza &#8211; 45 km&#8221; font_container=&#8221;tag:h2|font_size:18px|text_align:left|color:%23000000|line_height:30px&#8221; google_fonts=&#8221;font_family:Lato%3A100%2C100italic%2C300%2C300italic%2Cregular%2Citalic%2C700%2C700italic%2C900%2C900italic|font_style:700%20bold%20italic%3A700%3Aitalic&#8221;][vc_column_text]Une antique tradition d\u00b4orf\u00e8vrerie fait de Vicenza un point de r\u00e9f\u00e9rence mondial. Vicenza est, en outre, une ville attirante, li\u00e9e au g\u00e9nie esth\u00e9tique de Andrea Palladio, qui laissa dans sa ville d\u00b4adoption un pr\u00e8cieux h\u00e9ritage de villas et palaces d\u00b4une beaut\u00e9 si extraordinaire qu\u00b4on r\u00e9serve \u00e0 Vicenza le titre de Patrimoine Mondial de l\u00b4UNESCO. www.visitvicenza.org[\/vc_column_text][\/vc_column][vc_column width=&#8221;1\/4&#8243;][vc_single_image image=&#8221;928&#8243; img_size=&#8221;full&#8221;][vc_custom_heading text=&#8221;Verona &#8211; 85 km&#8221; font_container=&#8221;tag:h2|font_size:18px|text_align:left|color:%23000000|line_height:30px&#8221; google_fonts=&#8221;font_family:Lato%3A100%2C100italic%2C300%2C300italic%2Cregular%2Citalic%2C700%2C700italic%2C900%2C900italic|font_style:700%20bold%20italic%3A700%3Aitalic&#8221;][vc_column_text]On ne peut pas penser \u00e0 Verone autrement que par l\u00b4histoire d\u00b4amour de Rome\u00f2 et Juliette. L\u00b4ar\u00e8ne est tout aussi magnifique avec ses r\u00e8pr\u00e9sentations. www.tourism.verona.it[\/vc_column_text][\/vc_column][vc_column width=&#8221;1\/4&#8243;][\/vc_column][\/vc_row]<\/p>\n","protected":false},"excerpt":{"rendered":"<p>[vc_row full_width=&#8221;stretch_row_content_no_spaces&#8221; content_placement=&#8221;middle&#8221; css=&#8221;.vc_custom_1531819727851{background-position: center !important;background-repeat: no-repeat !important;background-size: contain !important;}&#8221;][vc_column css=&#8221;.vc_custom_1531749665503{padding-top: 0px !important;padding-right: 0px !important;padding-bottom: 0px !important;padding-left: 0px !important;}&#8221;][vc_single_image image=&#8221;1033&#8243; img_size=&#8221;full&#8221; alignment=&#8221;center&#8221; css=&#8221;.vc_custom_1531828025287{background-position: center !important;background-repeat: no-repeat !important;background-size: contain !important;}&#8221;][\/vc_column][\/vc_row][vc_row css=&#8221;.vc_custom_1531750596119{padding-top: 60px !important;padding-bottom: 60px !important;}&#8221;][vc_column][vc_custom_heading text=&#8221;Une croisi\u00e8re romantique parmi les villas de la v\u00e9n\u00e9tie de la Rivi\u00e8re de la Brenta&#8221; font_container=&#8221;tag:h2|font_size:18px|text_align:left|color:%23000000|line_height:30px&#8221; google_fonts=&#8221;font_family:Lato%3A100%2C100italic%2C300%2C300italic%2Cregular%2Citalic%2C700%2C700italic%2C900%2C900italic|font_style:700%20bold%20italic%3A700%3Aitalic&#8221;][vc_column_text]La \u201cVilla Veneta\u201d, est li\u00e9e [&hellip;]<\/p>\n","protected":false},"author":1,"featured_media":0,"parent":1893,"menu_order":0,"comment_status":"closed","ping_status":"closed","template":"","meta":[],"_links":{"self":[{"href":"https:\/\/www.hotelvalbrenta.com\/fr\/wp-json\/wp\/v2\/pages\/1908"}],"collection":[{"href":"https:\/\/www.hotelvalbrenta.com\/fr\/wp-json\/wp\/v2\/pages"}],"about":[{"href":"https:\/\/www.hotelvalbrenta.com\/fr\/wp-json\/wp\/v2\/types\/page"}],"author":[{"embeddable":true,"href":"https:\/\/www.hotelvalbrenta.com\/fr\/wp-json\/wp\/v2\/users\/1"}],"replies":[{"embeddable":true,"href":"https:\/\/www.hotelvalbrenta.com\/fr\/wp-json\/wp\/v2\/comments?post=1908"}],"version-history":[{"count":2,"href":"https:\/\/www.hotelvalbrenta.com\/fr\/wp-json\/wp\/v2\/pages\/1908\/revisions"}],"predecessor-version":[{"id":1916,"href":"https:\/\/www.hotelvalbrenta.com\/fr\/wp-json\/wp\/v2\/pages\/1908\/revisions\/1916"}],"up":[{"embeddable":true,"href":"https:\/\/www.hotelvalbrenta.com\/fr\/wp-json\/wp\/v2\/pages\/1893"}],"wp:attachment":[{"href":"https:\/\/www.hotelvalbrenta.com\/fr\/wp-json\/wp\/v2\/media?parent=1908"}],"curies":[{"name":"wp","href":"https:\/\/api.w.org\/{rel}","templated":true}]}}