{"id":2640,"date":"2018-10-11T09:55:54","date_gmt":"2018-10-11T07:55:54","guid":{"rendered":"http:\/\/hotelvalbrenta.com.netechlab.it\/privacy-policy\/"},"modified":"2022-09-29T09:51:55","modified_gmt":"2022-09-29T07:51:55","slug":"privacy-policy","status":"publish","type":"page","link":"https:\/\/www.hotelvalbrenta.com\/en\/privacy-policy\/","title":{"rendered":"Privacy Policy"},"content":{"rendered":"<h1>PRIVACY POLICY<\/h1>\n<h1><\/h1>\n<p><strong>PRIVACY CONTATTI- Documento informativo articolo 13 Reg. UE 2016\/679- GDPR &#8211;\u00a0<\/strong><em>Informativa per trattamento di dati personali raccolti presso l\u2019interessato<\/em><\/p>\n<p>Nel rispetto di quanto previsto dal Reg. UE 2016\/679 [<a href=\"https:\/\/eur-lex.europa.eu\/legal-content\/IT\/TXT\/HTML\/?uri=CELEX:32016R0679&amp;from=IT\" target=\"_blank\" rel=\"noopener\">Regolamento Europeo per la protezione dei dati personali<\/a>] Le forniamo le dovute informazioni in ordine al trattamento dei dati personali forniti. L&#8217;informativa non \u00e8 da considerarsi valida per altri siti web eventualmente consultabili tramite\u00a0<em>links\u00a0<\/em>presenti sui siti internet a dominio del titolare, che non \u00e8 da considerarsi in alcun modo responsabile dei siti internet dei terzi.<\/p>\n<p>Si tratta di un&#8217;informativa che \u00e8 resa ai sensi dell&#8217; art. 13 della Reg. UE 2016\/679 (Regolamento Europeo per la protezione dei dati personali)e si ispira anche a quanto previsto dalla Direttiva 2002\/58\/CE, come aggiornata dalla\u00a0<a href=\"http:\/\/eur-lex.europa.eu\/LexUriServ\/LexUriServ.do?uri=OJ:L:2009:337:0011:0036:it:PDF\" target=\"_blank\" rel=\"noopener\">Direttiva 2009\/136\/CE<\/a>, in materia di Cookies nonch\u00e9 a quanto previsto dal Provvedimento dell\u2019Autorit\u00e0 Garante per la protezione dei dati personali del 08.05.2014 in materia di cookies.<\/p>\n<p><strong>Dati personali trattabili<\/strong>: \u00abdato personale\u00bb: qualsiasi informazione riguardante una persona fisica identificata o identificabile (\u00abinteressato\u00bb); si considera identificabile la persona fisica che pu\u00f2 essere identificata, direttamente o indirettamente, con particolare riferimento a un identificativo come il nome, un numero di identificazione, dati relativi all\u2019ubicazione, un identificativo online o a uno o pi\u00f9 elementi caratteristici della sua identit\u00e0 fisica, fisiologica, genetica, psichica, economica, culturale o sociale; (C26, C27, C30)<\/p>\n<ol>\n<li><strong> TITOLARE DEL TRATTAMENTO<\/strong>, ai sensi degli artt. 4 e 24 del Reg. UE 2016\/679, <strong>Hotel Valbrenta di Iva Reffo &amp; C snc<\/strong>\u2013 Piazza Diaz I, 35010 Limena (PD), Tel. 049 76 73 03,\u00a0<a href=\"mailto:info@hotelvalbrenta.com\">info@hotelvalbrenta.com\u00a0<\/a>nella persona del legale rappresentante pro-tempore.<\/li>\n<li><strong> FINALIT\u00c0 E BASE GIURIDICA DEL TRATTAMENTO<\/strong><\/li>\n<\/ol>\n<p>I dati di natura personale forniti saranno trattati, nel rispetto delle condizioni di liceit\u00e0 ex art. 6 lett. f) (legittimo interesse) Reg. UE 2016\/679, per le seguenti finalit\u00e0:<\/p>\n<p>&#8211; compilazione form raccolta dati per richiesta di contatto con invio delle informazioni richieste.<\/p>\n<p>Il trattamento dati si basa sull\u2019articolo 6, paragrafo 1, lettera f): (considerando 47) tenuto conto delle ragionevoli aspettative nutrite dall\u2019interessato al momento e nell\u2019ambito della raccolta dei dati personali, quando l\u2019interessato possa ragionevolmente attendersi che abbia luogo un trattamento a tal fine.<\/p>\n<p>&nbsp;<\/p>\n<ol start=\"3\">\n<li><strong>DESTINATARI O CATEGORIE DI DESTINATARI DEI DATI<\/strong><\/li>\n<\/ol>\n<p>I dati di natura personale forniti saranno comunicati a destinatari, che tratteranno i dati in qualit\u00e0 di responsabili (art. 28 del Reg. UE 2016\/679) e\/o in qualit\u00e0 di persone fisiche che agiscono sotto l\u2019autorit\u00e0 del Titolare (art. 29 del Reg. UE 2016\/679), per le finalit\u00e0 sopra elencate al punto 1C. Precisamente, i dati saranno comunicati a:<\/p>\n<p>&#8211; soggetti che forniscono servizi per la gestione del sistema informativo e delle reti di comunicazione ivi compresa la posta elettronica, newsletter e gestione siti internet; studi o Societ\u00e0 nell\u2019ambito di rapporti di assistenza e consulenza; autorit\u00e0 competenti per adempimenti di obblighi di legge e\/o di disposizioni di organi pubblici, su richiesta.<\/p>\n<p>I soggetti appartenenti alle categorie suddette svolgono la funzione di Responsabile del trattamento dei dati, oppure operano in totale autonomia come distinti Titolari del trattamento. L\u2019elenco dei Responsabili del trattamento \u00e8 costantemente aggiornato e disponibile scrivendo a\u00a0info@hotelvalbrenta.com o presso la sede legale del Titolare in Piazza Diaz I, 35010 Limena (PD).<\/p>\n<ol start=\"4\">\n<li><strong> PERIODO DI CONSERVAZIONE DEI DATI O CRITERI PER DETERMINARE IL PERIODO<\/strong><\/li>\n<\/ol>\n<p>Il trattamento sar\u00e0 svolto in forma automatizzata e manuale, con modalit\u00e0 e strumenti volti a garantire la massima sicurezza e riservatezza, ad opera di soggetti di ci\u00f2 appositamente incaricati.<\/p>\n<p>Nel rispetto di quanto previsto dall\u2019art. 5 comma 1 lett. e) del Reg. UE 2016\/679 i dati personali raccolti verranno conservati in una forma che consenta l\u2019identificazione degli interessati per un arco di tempo non superiore al conseguimento delle finalit\u00e0 per le quali i dati personali sono trattati. La conservazione dei dati di natura personale forniti dipende dalla finalit\u00e0 del trattamento:<\/p>\n<p>&#8211; per richiesta di contatto (massimo 1 anno).<\/p>\n<ol start=\"5\">\n<li><strong> DIRITTI DEGLI INTERESSATI<\/strong><\/li>\n<\/ol>\n<p>Lei potr\u00e0 far valere i propri diritti come espressi dagli artt. 15, 16, 17, 18, 19, 20, 21, 22 del Regolamento UE 2016\/679, rivolgendosi al Titolare, all\u2019indirizzo\u00a0<a href=\"mailto:info@hotelvalbrenta.com\">info@hotelvalbrenta.com<\/a>. Lei ha il diritto, in qualunque momento, di chiedere al Titolare del trattamento l\u2019accesso ai Suoi dati personali (art. 15), la rettifica (art. 16), la cancellazione (art. 17) degli stessi, la limitazione del trattamento (art.18) o di opporsi, in qualsiasi momento, al loro trattamento basato sul legittimo interesse (art. 21) (compresi i trattamenti automatizzati, es. la profilazione), nonch\u00e9 alla portabilit\u00e0 dei suoi dati. Fatto salvo ogni altro ricorso amministrativo e giurisdizionale, se ritiene che il trattamento dei dati che la riguardano, violi quanto previsto dal Reg. UE 2016\/679, ai sensi dell\u2019art. 15 lettera f) del succitato Reg. UE 2016\/679, Lei ha il diritto di proporre reclamo al Garante per la protezione dei dati personali e, con riferimento all\u2019art. 6 paragrafo 1, lettera a) e art. 9, paragrafo 2, lettera a), ha il diritto di revocare in qualsiasi momento il consenso prestato. Nel caso di richiesta di portabilit\u00e0 del dato il Titolare del trattamento Le fornir\u00e0 in un formato strutturato, di uso comune e leggibile, da dispositivo automatico, i dati personali che la riguardano, fatto salvo i commi 3 e 4 dell\u2019art. 20 del Reg. UE 2016\/679.<\/p>\n<p>La comunicazione di dati personali non \u00e8 un obbligo. Lei \u00e8 libero di fornire i dati personali nelle aree dedicate sul sito. Il mancato conferimento dei dati personali comporta l&#8217;impossibilit\u00e0 di fruire dei servizi offerti dal titolare del trattamento. Non vi \u00e8 l\u2019esistenza di un processo decisionale automatizzato.<\/p>\n<p>&nbsp;<\/p>\n<p><em>Data di aggiornamento 31.05.2018<\/em><\/p>\n","protected":false},"excerpt":{"rendered":"<p>PRIVACY POLICY PRIVACY CONTATTI- Documento informativo articolo 13 Reg. UE 2016\/679- GDPR &#8211;\u00a0Informativa per trattamento di dati personali raccolti presso l\u2019interessato Nel rispetto di quanto previsto dal Reg. UE 2016\/679 [Regolamento Europeo per la protezione dei dati personali] Le forniamo le dovute informazioni in ordine al trattamento dei dati personali forniti. L&#8217;informativa non \u00e8 da [&hellip;]<\/p>\n","protected":false},"author":1,"featured_media":0,"parent":0,"menu_order":10,"comment_status":"closed","ping_status":"open","template":"","meta":[],"_links":{"self":[{"href":"https:\/\/www.hotelvalbrenta.com\/en\/wp-json\/wp\/v2\/pages\/2640"}],"collection":[{"href":"https:\/\/www.hotelvalbrenta.com\/en\/wp-json\/wp\/v2\/pages"}],"about":[{"href":"https:\/\/www.hotelvalbrenta.com\/en\/wp-json\/wp\/v2\/types\/page"}],"author":[{"embeddable":true,"href":"https:\/\/www.hotelvalbrenta.com\/en\/wp-json\/wp\/v2\/users\/1"}],"replies":[{"embeddable":true,"href":"https:\/\/www.hotelvalbrenta.com\/en\/wp-json\/wp\/v2\/comments?post=2640"}],"version-history":[{"count":2,"href":"https:\/\/www.hotelvalbrenta.com\/en\/wp-json\/wp\/v2\/pages\/2640\/revisions"}],"predecessor-version":[{"id":4250,"href":"https:\/\/www.hotelvalbrenta.com\/en\/wp-json\/wp\/v2\/pages\/2640\/revisions\/4250"}],"wp:attachment":[{"href":"https:\/\/www.hotelvalbrenta.com\/en\/wp-json\/wp\/v2\/media?parent=2640"}],"curies":[{"name":"wp","href":"https:\/\/api.w.org\/{rel}","templated":true}]}}