{"id":3947,"date":"2022-01-21T09:16:48","date_gmt":"2022-01-21T08:16:48","guid":{"rendered":"http:\/\/www.hotelvalbrenta.com\/?page_id=3947"},"modified":"2022-01-28T16:06:08","modified_gmt":"2022-01-28T15:06:08","slug":"reden-hotel-valbrenta","status":"publish","type":"page","link":"https:\/\/www.hotelvalbrenta.com\/de\/reden-hotel-valbrenta\/","title":{"rendered":"Reden wir \u00fcber das Hotel Valbrenta"},"content":{"rendered":"<p>[vc_row full_height=&#8221;yes&#8221; columns_placement=&#8221;top&#8221;][vc_column][vc_video link=&#8221;https:\/\/youtu.be\/rhV3fo44l5w&#8221; align=&#8221;center&#8221; title=&#8221;Lassen Sie uns \u00fcber das Hotel Valbrenta sprechen&#8221;][\/vc_column][\/vc_row][vc_row][vc_column][vc_column_text]<strong>[ Aktivieren Sie Untertitel im Video ]<\/strong><\/p>\n<p>Guten Tag allerseits, ich bin Anna Aggujaro. Zusammen mit meiner Schwester Giovanna\u00a0und meiner Mutter Iva leite ich das Hotel Valbrenta an der Piazza Diaz in Limena.<\/p>\n<p>Heute erz\u00e4hle ich Ihnen etwas \u00fcber die Geschichte unseres Hotels.<\/p>\n<p>Folgen Sie mir.\u00a0Dank dieser Fotos wurde das Hotel Valbrenta zu einer historischen Residenz.<\/p>\n<p>Los geht\u2018s.<br \/>\n1800: Die Piazza mit der riesigen Korbweide in der Mitte. An ihrer Stelle wurde das Monument zum Gedenken der Gefallen im Ersten Weltkrieg errichtet.\u00a0Hier der von einer \u00dcberschwemmung zerst\u00f6rte Brentella-Damm.<br \/>\n1930: Die Zuggleise, die Limena mit Padua verbanden,\u00a0passierten das Gasthaus, das mit seinen S\u00e4uleng\u00e4ngen\u00a0den wartenden B\u00fcrgern<br \/>\nan der Haltestelle der Piazza Diaz Schutz bot.<\/p>\n<p>1945: Das zerst\u00f6rte Gasthaus, zerbombt von Kanonen\u00a0w\u00e4hrend des Zweiten Weltkrieges.<\/p>\n<p>1960: Unser Vater, Achille Mario Aggujaro, auch Onkel Achille genannt.\u00a0 Sein Abenteuer nimmt seinen Lauf, er \u00fcbernimmt die Leitung des Gasthauses.<\/p>\n<p>Foto der Gro\u00dfeltern v\u00e4terlicherseits, 1890, Achille Aggujaro und Anna Adele Pavan,\u00a0die Eltern unseres Vaters Achille Mario.<\/p>\n<p>1960 Achille Mario Aggujaro, auch Onkel Achille genannt,\u00a0\u00fcbernimmt die Leitung des historischen Gasthauses.<\/p>\n<p>1970: Der Speisesaal, in dem unser Vater arbeitete,\u00a0die Bar, die uralte Bar, auch 1970.<\/p>\n<p>Ein weiteres Foto unseres Vaters,\u00a0beim \u00dcberwachen des Garprozesses eines Spanferkels, der Spezialit\u00e4t des Hauses.<\/p>\n<p>Der ber\u00fchmte Kamin, den es heute leider nicht mehr gibt,\u00a0 also eine mythische Feuerstelle, ebenfalls im Speisesaal.<\/p>\n<p>1967: Mutter und Vater, Iva und Achille, einen Tag nach ihrer Hochzeit.<\/p>\n<p>Weiter geht\u2018s im Jahr 1989: Restaurierungsarbeiten des Gasthauses Valbrenta,\u00a0das 1990 zum heutigen Hotel Valbrenta wurde.<\/p>\n<p>Ein Jahrhundert ist vergangen, seit Sante Aggujaro dieses Haus gekauft hatte.<\/p>\n<p>Bis heute leiten wir es mit Leidenschaft und Gastfreundlichkeit.\u00a0Guten Tag.<\/p>\n<p>Heute pr\u00e4sentieren wir Ihnen eine weitere Neuheit des Hotels Valbrenta:\u00a0Den Online Check-in.<\/p>\n<p>um Warteschlangen in der Hotelhalle und an der Rezeption zu vermeiden,\u00a0haben wir den Online Check-in eingef\u00fchrt.<\/p>\n<p>Nat\u00fcrlich haben wir den Check-in vor Ort auch beibehalten.\u00a0Au\u00dferdem k\u00f6nnen alle G\u00e4ste, die ihr Zimmer ein paar Stunden l\u00e4nger behalten,\u00a0also erst sp\u00e4ter freigeben m\u00f6chten,\u00a0in Absprache mit dem Sekretariat einen Late Check-out vereinbaren.<\/p>\n<p>Wir machen darauf aufmerksam, dass Sie in unseren Zimmern auch arbeiten k\u00f6nnen,\u00a0sie sind alle f\u00fcr Smart Working ausgestattet.<\/p>\n<p>Hier unser Wellness-Raum.\u00a0Charakteristisch f\u00fcr diesen Raum ist neben WLAN, Sky, Tee-Ecke,\u00a0dieser Hometrainer.\u00a0F\u00fcr alle, die an Schlechtwettertagen\u00a0ihr Fitnessprogramm nicht drau\u00dfen absolvieren k\u00f6nnen.<\/p>\n<p>Hier k\u00f6nnen sie sich auf dem Hometrainer austoben.\u00a0Schauen Sie.\u00a0Ein bisschen Bewegung schadet nie,\u00a0auch nicht an tr\u00fcben Tagen.<\/p>\n<p>Nat\u00fcrlich ist eine lange Radtour im freien Gel\u00e4nde was ganz anderes. Aber man kann sich auch mal mit dem Hometrainer im Raum 213 des Hotels Valbrenta begn\u00fcgen. Heute zeige ich Ihnen ein anderes Zimmer.\u00a0Wie alle Zimmer verf\u00fcgt es \u00fcber WLAN, Sky, Tee-Ecke,\u00a0aber charakteristisch ist das Gr\u00fcn der Zimmer,\u00a0angesichts der N\u00e4he des Hotels zum Fluss Brenta.<\/p>\n<p>Als weitere Besonderheit hat jedes Zimmer sein eigenes Bild,\u00a0ein jedes davon repr\u00e4sentiert ein St\u00fcck Natur dieses Territoriums.<\/p>\n<p>Jetzt verrate ich Ihnen, warum sich die G\u00e4ste f\u00fcr das Hotel Valbrenta entscheiden.\u00a0Die G\u00e4ste w\u00e4hlen Hotel Valbrenta\u00a0wegen der entspannenden Atmosph\u00e4re in Flussn\u00e4he, entlang der Brenta.<\/p>\n<p>Ideal f\u00fcr Radtouren und Spazierg\u00e4nge.\u00a0\u00a0Ein weiterer Grund, warum sich G\u00e4ste f\u00fcr Hotel Valbrenta entscheiden,\u00a0ist unsere Vorliebe,<br \/>\nden Bed\u00fcrfnissen der G\u00e4ste einen Schritt voraus zu sein,\u00a0vor allem, weil sich der Gast daher erwartet f\u00fchlt.<\/p>\n<p>R\u00e4umlichkeiten und Zimmer im Hotel Valbrenta\u00a0werden mit Desinfektionsmitteln, medizinisch-chirurgischen Produkten, sanifiziert.<\/p>\n<p>Zum Schutz der Gesundheit unserer G\u00e4ste\u00a0verfolgen wir ein internes Protokoll.\u00a0Wir erwarten Sie!<br \/>\nBei uns k\u00f6nnen Sie in aller Sicherheit relaxen.\u00a0Danke.[\/vc_column_text][\/vc_column][\/vc_row]<\/p>\n","protected":false},"excerpt":{"rendered":"<p>[vc_row full_height=&#8221;yes&#8221; columns_placement=&#8221;top&#8221;][vc_column][vc_video link=&#8221;https:\/\/youtu.be\/rhV3fo44l5w&#8221; align=&#8221;center&#8221; title=&#8221;Lassen Sie uns \u00fcber das Hotel Valbrenta sprechen&#8221;][\/vc_column][\/vc_row][vc_row][vc_column][vc_column_text][ Aktivieren Sie Untertitel im Video ] Guten Tag allerseits, ich bin Anna Aggujaro. Zusammen mit meiner Schwester Giovanna\u00a0und meiner Mutter Iva leite ich das Hotel Valbrenta an der Piazza Diaz in Limena. Heute erz\u00e4hle ich Ihnen etwas \u00fcber die Geschichte unseres Hotels. [&hellip;]<\/p>\n","protected":false},"author":1,"featured_media":0,"parent":0,"menu_order":5,"comment_status":"closed","ping_status":"closed","template":"","meta":[],"_links":{"self":[{"href":"https:\/\/www.hotelvalbrenta.com\/de\/wp-json\/wp\/v2\/pages\/3947"}],"collection":[{"href":"https:\/\/www.hotelvalbrenta.com\/de\/wp-json\/wp\/v2\/pages"}],"about":[{"href":"https:\/\/www.hotelvalbrenta.com\/de\/wp-json\/wp\/v2\/types\/page"}],"author":[{"embeddable":true,"href":"https:\/\/www.hotelvalbrenta.com\/de\/wp-json\/wp\/v2\/users\/1"}],"replies":[{"embeddable":true,"href":"https:\/\/www.hotelvalbrenta.com\/de\/wp-json\/wp\/v2\/comments?post=3947"}],"version-history":[{"count":10,"href":"https:\/\/www.hotelvalbrenta.com\/de\/wp-json\/wp\/v2\/pages\/3947\/revisions"}],"predecessor-version":[{"id":4011,"href":"https:\/\/www.hotelvalbrenta.com\/de\/wp-json\/wp\/v2\/pages\/3947\/revisions\/4011"}],"wp:attachment":[{"href":"https:\/\/www.hotelvalbrenta.com\/de\/wp-json\/wp\/v2\/media?parent=3947"}],"curies":[{"name":"wp","href":"https:\/\/api.w.org\/{rel}","templated":true}]}}