{"id":2423,"date":"2018-07-13T14:02:01","date_gmt":"2018-07-13T12:02:01","guid":{"rendered":"http:\/\/hotelvalbrenta.com.netechlab.it\/home-2\/"},"modified":"2022-11-25T09:17:18","modified_gmt":"2022-11-25T08:17:18","slug":"home-2","status":"publish","type":"page","link":"https:\/\/www.hotelvalbrenta.com\/de\/","title":{"rendered":"Home"},"content":{"rendered":"<p>[vc_row][vc_column][rev_slider_vc alias=&#8221;homepage-de&#8221;][\/vc_column][\/vc_row][vc_row css=&#8221;.vc_custom_1531490634804{padding-top: 60px !important;padding-bottom: 60px !important;}&#8221;][vc_column][vc_custom_heading text=&#8221;Hotel Valbrenta a Limena di Padova Willkommen&#8221; font_container=&#8221;tag:h1|font_size:24px|text_align:center|color:%23000000|line_height:30px&#8221; google_fonts=&#8221;font_family:Lato%3A100%2C100italic%2C300%2C300italic%2Cregular%2Citalic%2C700%2C700italic%2C900%2C900italic|font_style:700%20bold%20italic%3A700%3Aitalic&#8221;][vc_separator color=&#8221;black&#8221; border_width=&#8221;2&#8243; el_width=&#8221;10&#8243; type=&#8221;small&#8221; gap=&#8221;short&#8221;][vc_column_text]Bei dem Hotel \u201eValbrenta\u201c, bei dem die Tradition und die Modernit\u00e4t ihren Sublimations- und Treffpunkt gefunden haben, kann die Aggujaro Familie heute noch, im Zeichen einer sich wiederholenden Familientradition, jenes Service anbieten, das dieses Hotel f\u00fcr seine Gastfreundschaft und gute K\u00fcche immer gekennzeichnet hat. Die g\u00fcnstige Lage des Hotels erlaubt es seinen G\u00e4sten, alle wichtigsten St\u00e4dte schnell und leicht zu erreichen, ohne dabei auf die Ruhe der kleinen Ortschaft und auf die Naturreinheit der Venetianer K\u00fcche zu verzichten.[\/vc_column_text][\/vc_column][\/vc_row][vc_row full_width=&#8221;stretch_row_content_no_spaces&#8221; content_placement=&#8221;middle&#8221;][vc_column width=&#8221;1\/2&#8243; css=&#8221;.vc_custom_1531491860326{padding-top: 50px !important;padding-right: 5% !important;padding-left: 10% !important;background-color: #ece6e2 !important;}&#8221;]<div id=\"porto-icon-82526468169fc5b3d69b2c\" class=\"porto-just-icon-wrapper  \"><div class=\"align-icon\" style=\"text-align:center;\">\n<div class=\"porto-sicon-img \" style=\"font-size:50px;display:inline-block;\" >\n\t<img class=\"img-icon\" alt=\"\" src=\"https:\/\/www.hotelvalbrenta.com\/wp-content\/uploads\/2018\/07\/cereals-1.png\"\/>\n<\/div><\/div><\/div>[vc_custom_heading text=&#8221;Fr\u00fchst\u00fcck, die wichtigste Mahlzeit des Tages&#8221; font_container=&#8221;tag:h1|font_size:24px|text_align:center|color:%23000000|line_height:30px&#8221; google_fonts=&#8221;font_family:Lato%3A100%2C100italic%2C300%2C300italic%2Cregular%2Citalic%2C700%2C700italic%2C900%2C900italic|font_style:700%20bold%20italic%3A700%3Aitalic&#8221;][vc_separator color=&#8221;black&#8221; border_width=&#8221;2&#8243; el_width=&#8221;10&#8243; type=&#8221;small&#8221; gap=&#8221;short&#8221;][vc_column_text el_class=&#8221;lead&#8221;]Ein s\u00fc\u00dfer Guten Morgen an alle unsere G\u00e4ste, die eine gro\u00dfe Auswahl an glutenfreien und nat\u00fcrlichen Produkten f\u00fcr einen guten Morgen des Wohlbefindens anbieten. Sie finden Vorschl\u00e4ge f\u00fcr ein gesundes und ausgewogenes Fr\u00fchst\u00fcck.[\/vc_column_text][\/vc_column][vc_column width=&#8221;1\/2&#8243;][vc_row_inner css=&#8221;.vc_custom_1531491727358{margin: 0px !important;padding: 0px !important;}&#8221;][vc_column_inner width=&#8221;1\/2&#8243;][vc_single_image image=&#8221;4132&#8243; img_size=&#8221;full&#8221;][\/vc_column_inner][vc_column_inner width=&#8221;1\/2&#8243;][vc_single_image image=&#8221;4017&#8243; img_size=&#8221;full&#8221;][\/vc_column_inner][\/vc_row_inner][vc_row_inner css=&#8221;.vc_custom_1531491719174{margin: 0px !important;padding: 0px !important;}&#8221;][vc_column_inner width=&#8221;1\/2&#8243;][vc_single_image image=&#8221;4042&#8243; img_size=&#8221;full&#8221;][\/vc_column_inner][vc_column_inner width=&#8221;1\/2&#8243;][vc_single_image image=&#8221;4053&#8243; img_size=&#8221;full&#8221;][\/vc_column_inner][\/vc_row_inner][\/vc_column][\/vc_row][vc_row full_width=&#8221;stretch_row_content_no_spaces&#8221; content_placement=&#8221;middle&#8221;][vc_column width=&#8221;1\/2&#8243;][vc_row_inner css=&#8221;.vc_custom_1531491727358{margin: 0px !important;padding: 0px !important;}&#8221;][vc_column_inner width=&#8221;1\/2&#8243;][vc_single_image image=&#8221;154&#8243; img_size=&#8221;full&#8221;][\/vc_column_inner][vc_column_inner width=&#8221;1\/2&#8243;][vc_single_image image=&#8221;1669&#8243; img_size=&#8221;full&#8221;][vc_single_image image=&#8221;1663&#8243; img_size=&#8221;full&#8221;][\/vc_column_inner][\/vc_row_inner][\/vc_column][vc_column width=&#8221;1\/2&#8243; css=&#8221;.vc_custom_1531493151932{padding-top: 50px !important;padding-right: 5% !important;padding-left: 10% !important;background-color: #d7eeeb !important;}&#8221;]<div id=\"porto-icon-108247055369fc5b3d6a424\" class=\"porto-just-icon-wrapper  \"><div class=\"align-icon\" style=\"text-align:center;\">\n<div class=\"porto-sicon-img \" style=\"font-size:50px;display:inline-block;\" >\n\t<img class=\"img-icon\" alt=\"\" src=\"https:\/\/www.hotelvalbrenta.com\/wp-content\/uploads\/2018\/07\/bicycle.png\"\/>\n<\/div><\/div><\/div>[vc_custom_heading text=&#8221;Wir pr\u00e4sentieren Ihnen unseren neuen Wellnessraum&#8221; font_container=&#8221;tag:h1|font_size:24px|text_align:center|color:%23000000|line_height:30px&#8221; google_fonts=&#8221;font_family:Lato%3A100%2C100italic%2C300%2C300italic%2Cregular%2Citalic%2C700%2C700italic%2C900%2C900italic|font_style:700%20bold%20italic%3A700%3Aitalic&#8221;][vc_separator color=&#8221;black&#8221; border_width=&#8221;2&#8243; el_width=&#8221;10&#8243; type=&#8221;small&#8221; gap=&#8221;short&#8221;][vc_column_text el_class=&#8221;lead&#8221;]Der Wellnessraum ist f\u00fcr alle sportlichen G\u00e4ste gedacht und unser neuer Raum, der mit Heimtrainern ausgestattet ist. Sie k\u00f6nnen das ganze Jahr \u00fcber trainieren, ohne sich um schlechtes Wetter sorgen zu m\u00fcssen![\/vc_column_text][\/vc_column][\/vc_row][vc_row css=&#8221;.vc_custom_1531493644397{padding-top: 60px !important;padding-bottom: 60px !important;}&#8221;][vc_column][vc_raw_html]PHAgc3R5bGU9InRleHQtYWxpZ246IGNlbnRlcjsiPjxpIGFyaWEtaGlkZGVuPSJ0cnVlIiBjbGFzcz0iZmEgZmEtNHggZmEtdHJpcGFkdmlzb3IiPjwvaT48L3A+[\/vc_raw_html][vc_custom_heading text=&#8221;Lesen Sie die Bewertungen unserer Kunden!&#8221; font_container=&#8221;tag:h1|font_size:24px|text_align:center|color:%23000000|line_height:30px&#8221; google_fonts=&#8221;font_family:Lato%3A100%2C100italic%2C300%2C300italic%2Cregular%2Citalic%2C700%2C700italic%2C900%2C900italic|font_style:700%20bold%20italic%3A700%3Aitalic&#8221;][vc_separator color=&#8221;black&#8221; border_width=&#8221;2&#8243; el_width=&#8221;10&#8243; type=&#8221;small&#8221; gap=&#8221;short&#8221;][vc_row_inner css=&#8221;.vc_custom_1531493910077{margin-top: 50px !important;}&#8221;][vc_column_inner width=&#8221;1\/4&#8243;][vc_column_text]<\/p>\n<p style=\"text-align: center; font-size: 16px; margin-botton: 0px; line-height: 14px;\"><strong>\u201cEmpfehlenswert Auf jeden Fall!\u201d<\/strong><\/p>\n<p style=\"text-align: center; font-size: 14px;\"><em><strong>Bewertung 1 Woche ver\u00f6ffentlicht vor<\/strong><\/em><\/p>\n<p>[\/vc_column_text][vc_separator color=&#8221;black&#8221; border_width=&#8221;2&#8243; el_width=&#8221;10&#8243; type=&#8221;small&#8221; gap=&#8221;short&#8221;][vc_column_text]<\/p>\n<p style=\"text-align: center;\">Ich war vor einer Woche mit meinem Mann f\u00fcr zwei N\u00e4chte und war sehr zufrieden! Gro\u00dfer Wert, ger\u00e4umige und komfortable Zimmer, ruhig, gut beheizt, sehr sauber. Bequemes Parken direkt vor der T\u00fcr.<\/p>\n<p>[\/vc_column_text][\/vc_column_inner][vc_column_inner width=&#8221;1\/4&#8243;][vc_column_text]<\/p>\n<p style=\"text-align: center; font-size: 16px; margin-botton: 0px; line-height: 14px;\"><strong>\u201cPerfect!\u201d<\/strong><\/p>\n<p style=\"text-align: center; font-size: 14px;\"><em><strong>Bewertung 2 Wochen ver\u00f6ffentlicht vor<\/strong><\/em><\/p>\n<p>[\/vc_column_text][vc_separator color=&#8221;black&#8221; border_width=&#8221;2&#8243; el_width=&#8221;10&#8243; type=&#8221;small&#8221; gap=&#8221;short&#8221;][vc_column_text]<\/p>\n<p style=\"text-align: center;\">Perfekte Lage, die Nachbarl\u00e4nder zu erreichen. Freundliches Personal, freundlich und einladend. Die Zimmer sind gro\u00df, komfortabel und sehr sauber (sch\u00f6n warm in diesen kalten N\u00e4chten) Fr\u00fchst\u00fcck ausgezeichnet, mit einer Auswahl an s\u00fc\u00dfen und salzigen. W\u00e4hrend unserem n\u00e4chsten Besuch in der Gegend werden wir auf jeden Fall in diesem Hotel \u00fcbernachten!<\/p>\n<p>[\/vc_column_text][\/vc_column_inner][vc_column_inner width=&#8221;1\/4&#8243;][vc_column_text]<\/p>\n<p style=\"text-align: center; font-size: 16px; margin-botton: 0px; line-height: 14px;\"><strong>\u201cTraumwochenende\u201d<\/strong><\/p>\n<p style=\"text-align: center; font-size: 14px;\"><em><strong>Bewertung 2 Wochen ver\u00f6ffentlicht vor<\/strong><\/em><\/p>\n<p>[\/vc_column_text][vc_separator color=&#8221;black&#8221; border_width=&#8221;2&#8243; el_width=&#8221;10&#8243; type=&#8221;small&#8221; gap=&#8221;short&#8221;][vc_column_text]<\/p>\n<p style=\"text-align: center;\">Paar mit einem Baby: sehr ger\u00e4umig, renoviert und makellos in der 1. Etage. Ausgezeichnete Abendessen und wunderbare Gastfreundschaft. Eine sch\u00f6ne Bibliothek mit den Kindern gewidmet und gab ein Buch zu meinem Sohn am Ende des Aufenthalts.<\/p>\n<p>[\/vc_column_text][\/vc_column_inner][vc_column_inner width=&#8221;1\/4&#8243;][vc_column_text]<\/p>\n<p style=\"text-align: center; font-size: 16px; margin-botton: 0px; line-height: 14px;\"><strong>\u201cSuper !!!\u201d<\/strong><\/p>\n<p style=\"text-align: center; font-size: 14px;\"><em><strong>Bewertet 4. Januar 2017<\/strong><\/em><\/p>\n<p>[\/vc_column_text][vc_separator color=&#8221;black&#8221; border_width=&#8221;2&#8243; el_width=&#8221;10&#8243; type=&#8221;small&#8221; gap=&#8221;short&#8221;][vc_column_text]<\/p>\n<p style=\"text-align: center;\">Wir haben in diesem Hotel zwei N\u00e4chte des Jahres beenden, als Basis Venedig zu besuchen; Evaluation ist f\u00fcr Reinr\u00e4ume und mit der richtigen Temperatur. Fr\u00fchst\u00fccksbuffet war reichlich, mit sehr professionellem Personal.<\/p>\n<p>[\/vc_column_text][\/vc_column_inner][\/vc_row_inner][\/vc_column][\/vc_row][vc_row full_width=&#8221;stretch_row_content_no_spaces&#8221; css=&#8221;.vc_custom_1531497251122{margin-top: 0px !important;margin-bottom: 0px !important;padding-top: 0px !important;padding-bottom: 0px !important;background-color: #000000 !important;}&#8221;][vc_column width=&#8221;1\/4&#8243;][vc_column_text]<\/p>\n<div style=\"z-index: 5; position: absolute; color: white; font-size: 20px; padding: 50px;\"><strong>EIN URLAUB F\u00dcR SPORTS BERATET<\/strong><\/div>\n<p>[\/vc_column_text][vc_single_image image=&#8221;259&#8243; img_size=&#8221;full&#8221; hover_effect=&#8221;yes&#8221; el_class=&#8221;opacity-hover&#8221;][\/vc_column][vc_column width=&#8221;1\/4&#8243;][vc_column_text]<\/p>\n<div style=\"z-index: 5; position: absolute; color: white; font-size: 20px; padding: 50px;\"><strong><br \/>\nEIN DI\u00c4T SORGF\u00c4LTIG ALLE ANFORDERUNGEN<\/strong><\/div>\n<p>[\/vc_column_text][vc_single_image image=&#8221;254&#8243; img_size=&#8221;full&#8221; hover_effect=&#8221;yes&#8221; el_class=&#8221;opacity-hover&#8221;][\/vc_column][vc_column width=&#8221;1\/4&#8243;][vc_column_text]<\/p>\n<div style=\"z-index: 5; position: absolute; color: white; font-size: 20px; padding: 50px;\"><strong>DAS PERFEKTE ZIEL F\u00dcR DIEJENIGEN, DIE KULTUREN UND RELIGION LIEBE<\/strong><\/div>\n<p>[\/vc_column_text][vc_single_image image=&#8221;264&#8243; img_size=&#8221;full&#8221; hover_effect=&#8221;yes&#8221; el_class=&#8221;opacity-hover&#8221;][\/vc_column][vc_column width=&#8221;1\/4&#8243;][vc_column_text]<\/p>\n<div style=\"z-index: 5; position: absolute; color: white; font-size: 20px; padding: 50px;\"><strong>WIR SIND 30 KM VOM OUTLET VILLAGE, DER PERFEKTEN ORT F\u00dcR EIN BISSCHEN SHOPPING<\/strong><\/div>\n<p>[\/vc_column_text][vc_single_image image=&#8221;269&#8243; img_size=&#8221;full&#8221; hover_effect=&#8221;yes&#8221; el_class=&#8221;opacity-hover&#8221;][\/vc_column][\/vc_row][vc_row full_width=&#8221;stretch_row_content_no_spaces&#8221; css=&#8221;.vc_custom_1531495299268{margin-top: 0px !important;margin-bottom: 60px !important;padding-bottom: 0px !important;}&#8221;][vc_column width=&#8221;1\/4&#8243;][vc_column_text]<\/p>\n<div style=\"z-index: 5; position: absolute; color: white; font-size: 20px; padding: 50px;\"><strong>DER CHARME EINES GESCHICHTSTR\u00c4CHTIGEN ORTES<\/strong><\/div>\n<p>[\/vc_column_text][vc_single_image image=&#8221;244&#8243; img_size=&#8221;full&#8221; hover_effect=&#8221;yes&#8221; el_class=&#8221;opacity-hover&#8221;][\/vc_column][vc_column width=&#8221;1\/4&#8243;][vc_column_text]<\/p>\n<div style=\"z-index: 5; position: absolute; color: white; font-size: 20px; padding: 50px;\"><strong>WIR SIND IN DER N\u00c4HE DER SCH\u00d6NSTEN PL\u00c4TZE IN VENETO<\/strong><\/div>\n<p>[\/vc_column_text][vc_single_image image=&#8221;279&#8243; img_size=&#8221;full&#8221; hover_effect=&#8221;yes&#8221; el_class=&#8221;opacity-hover&#8221;][\/vc_column][vc_column width=&#8221;1\/4&#8243;][vc_column_text]<\/p>\n<div style=\"z-index: 5; position: absolute; color: white; font-size: 20px; padding: 50px;\"><strong>UNSERE ZIMMER SIND MIT ALLEM KOMFORT AUSGESTATTET<\/strong><\/div>\n<p>[\/vc_column_text][vc_single_image image=&#8221;249&#8243; img_size=&#8221;full&#8221; hover_effect=&#8221;yes&#8221; el_class=&#8221;opacity-hover&#8221;][\/vc_column][vc_column width=&#8221;1\/4&#8243;][vc_column_text]<\/p>\n<div style=\"z-index: 5; position: absolute; color: white; font-size: 20px; padding: 50px;\"><strong>FREUNDLICHE UND FAMILI\u00c4RE ATMOSPH\u00c4RE<\/strong><\/div>\n<p>[\/vc_column_text][vc_single_image image=&#8221;274&#8243; img_size=&#8221;full&#8221; hover_effect=&#8221;yes&#8221; el_class=&#8221;opacity-hover&#8221;][\/vc_column][\/vc_row][vc_row full_width=&#8221;stretch_row&#8221; css=&#8221;.vc_custom_1531497260378{margin-top: 0px !important;margin-bottom: 0px !important;padding-top: 60px !important;padding-bottom: 60px !important;background-color: #fef7f2 !important;}&#8221;][vc_column]<div id=\"porto-icon-124988295369fc5b3d6ad23\" class=\"porto-just-icon-wrapper  \"><div class=\"align-icon\" style=\"text-align:center;\">\n<div class=\"porto-sicon-img \" style=\"font-size:50px;display:inline-block;\" >\n\t<img class=\"img-icon\" alt=\"\" src=\"https:\/\/www.hotelvalbrenta.com\/wp-content\/uploads\/2018\/07\/home_offerte.png\"\/>\n<\/div><\/div><\/div>[vc_custom_heading text=&#8221;Entdecken Sie alle unsere Angebote&#8221; font_container=&#8221;tag:h1|font_size:24px|text_align:center|color:%23000000|line_height:30px&#8221; google_fonts=&#8221;font_family:Lato%3A100%2C100italic%2C300%2C300italic%2Cregular%2Citalic%2C700%2C700italic%2C900%2C900italic|font_style:700%20bold%20italic%3A700%3Aitalic&#8221;][vc_separator color=&#8221;black&#8221; border_width=&#8221;2&#8243; el_width=&#8221;10&#8243; type=&#8221;small&#8221; gap=&#8221;short&#8221;][vc_row_inner equal_height=&#8221;yes&#8221; css=&#8221;.vc_custom_1531497752260{margin-top: 50px !important;}&#8221;][vc_column_inner width=&#8221;1\/2&#8243; css=&#8221;.vc_custom_1531733626021{margin-top: 0px !important;margin-right: 0px !important;margin-bottom: 0px !important;margin-left: 0px !important;background-color: #efede8 !important;background-position: center !important;background-repeat: no-repeat !important;background-size: contain !important;}&#8221;][vc_single_image image=&#8221;295&#8243; img_size=&#8221;full&#8221; alignment=&#8221;center&#8221; css=&#8221;.vc_custom_1531496260292{margin-right: 15px !important;margin-left: 15px !important;}&#8221;][vc_column_text css=&#8221;.vc_custom_1531496345269{margin-top: 15px !important;margin-bottom: 15px !important;}&#8221;]<\/p>\n<p style=\"text-align: center; font-size: 18px; margin-botton: 0px; line-height: 14px;\"><strong>Spezialangebot<\/strong><\/p>\n<p style=\"text-align: center; font-size: 16px;\">Wochenende Padova zu entdecken<\/p>\n<p>[\/vc_column_text]<div class=\" porto-btn-ctn-center \"><a class=\"porto-btn porto-adjust-bottom-margin porto-btn-large porto-btn-fade-bg  porto-btn-center \"  rel='' href = \"\/offerte-speciali\/speciale-weekend-padova\/\" target='_blank' data-hover=\"\" data-border-color=\"\" data-bg=\"#005050\" data-hover-bg=\"#006464\" data-border-hover=\"\" data-shadow-click=\"none\" data-shadow=\"\" style=\"border:none;background: #005050;color: #ffffff;\"><span class=\"porto-btn-hover\" style=\"background-color:#006464\"><\/span><span class=\"porto-btn-data porto-btn-text \" >SCOPRI ORA L&#039;OFFERTA<\/span><\/a><\/div>[\/vc_column_inner][vc_column_inner width=&#8221;1\/2&#8243; css=&#8221;.vc_custom_1531733857082{margin-top: 0px !important;margin-right: 0px !important;margin-bottom: 0px !important;margin-left: 0px !important;background-color: #d7eeeb !important;background-position: center !important;background-repeat: no-repeat !important;background-size: contain !important;}&#8221;][vc_single_image image=&#8221;335&#8243; img_size=&#8221;full&#8221; alignment=&#8221;center&#8221; css=&#8221;.vc_custom_1531733092756{margin-right: 15px !important;margin-left: 15px !important;}&#8221;][vc_column_text css=&#8221;.vc_custom_1534497142249{margin-top: 15px !important;margin-bottom: 15px !important;}&#8221;]<\/p>\n<p style=\"text-align: center; font-size: 18px; margin-botton: 0px; line-height: 14px;\"><strong>Offerta speciale<\/strong><\/p>\n<p style=\"text-align: center; font-size: 16px;\">Visita le Ville Venete sul Burchiello!<\/p>\n<p>[\/vc_column_text]<div class=\" porto-btn-ctn-center \"><a class=\"porto-btn porto-adjust-bottom-margin porto-btn-large porto-btn-fade-bg  porto-btn-center \"  rel='' href = \"\/offerte-speciali\/speciale-weekend-padova\/\" target='_blank' data-hover=\"\" data-border-color=\"\" data-bg=\"#005050\" data-hover-bg=\"#006464\" data-border-hover=\"\" data-shadow-click=\"none\" data-shadow=\"\" style=\"border:none;background: #005050;color: #ffffff;\"><span class=\"porto-btn-hover\" style=\"background-color:#006464\"><\/span><span class=\"porto-btn-data porto-btn-text \" >SCOPRI ORA L&#039;OFFERTA<\/span><\/a><\/div>[\/vc_column_inner][\/vc_row_inner][\/vc_column][\/vc_row][vc_row][vc_column]<div id=\"porto-icon-59813911369fc5b3d6bf00\" class=\"porto-just-icon-wrapper   vc_custom_1531736188365\"><div class=\"align-icon\" style=\"text-align:center;\">\n<div class=\"porto-sicon-img \" style=\"font-size:50px;display:inline-block;\" >\n\t<img class=\"img-icon\" alt=\"\" src=\"https:\/\/www.hotelvalbrenta.com\/wp-content\/uploads\/2018\/07\/paper-plane.png\"\/>\n<\/div><\/div><\/div>[vc_custom_heading text=&#8221;Melden Sie sich f\u00fcr unseren Newsletter Um alle unsere Angebote zu erhalten!&#8221; font_container=&#8221;tag:h1|font_size:24px|text_align:center|color:%23000000|line_height:30px&#8221; google_fonts=&#8221;font_family:Lato%3A100%2C100italic%2C300%2C300italic%2Cregular%2Citalic%2C700%2C700italic%2C900%2C900italic|font_style:700%20bold%20italic%3A700%3Aitalic&#8221;][vc_separator color=&#8221;black&#8221; border_width=&#8221;2&#8243; el_width=&#8221;10&#8243; type=&#8221;small&#8221; gap=&#8221;short&#8221;]<div class=\" porto-btn-ctn-center newsletterrr\"><a class=\"porto-btn porto-adjust-bottom-margin porto-btn-normal porto-btn-fade-bg  porto-btn-center newsletterrr\" data-hover=\"\" data-border-color=\"#000000\" data-bg=\"#ffffff\" data-hover-bg=\"#cce2df\" data-border-hover=\"\" data-shadow-click=\"none\" data-shadow=\"\" style=\"font-weight:bold;font-size:15px;border-width:2px;border-color:#000000;border-style:solid;background: #ffffff;color: #0a0a0a;\"><span class=\"porto-btn-hover\" style=\"background-color:#cce2df\"><\/span><span class=\"porto-btn-data porto-btn-text \" >ABONNIEREN<\/span><\/a><\/div><script>\r\n        (function($){\r\n            $(\"head\").append(\"<style>.mfp-bg { background-color:rgba(137,137,137,0.8); }<\/style>\");\r\n        })(jQuery);\r\n        <\/script><div class=\"porto-modal-input-wrapper \"><script>\r\n    (function($){\r\n        $(document).ready(function(){\r\n            var selector = \".newsletterrr\";\r\n            $(selector).addClass(\"porto-modal-trigger\");\r\n            $(selector).attr(\"data-trigger-id\", \"porto-modal-69fc5b3d6c63d3-10547385\");\r\n            $(selector).attr(\"data-type\", \"inline\");\r\n            $(selector).attr(\"data-overlay-class\", \"mfp-fade\");\r\n        });\r\n    })(jQuery);\r\n    <\/script><\/div><div id=\"porto-modal-69fc5b3d6c63d3-10547385\" class=\"mfp-hide \"><div class=\"porto-modal-content\">\n<div style=\"position: absolute; top: -30vh; left: 10vw; background-color: white; width: 80vw; padding: 50px;\">\n<p class=\"modal-title\" style=\"text-align: center;\"><strong>NEWSLETTER<\/strong><\/p>\n<p style=\"text-align: center;\">Abonnieren Sie jetzt unseren newsletter<\/p>\n<p style=\"text-align: center;\">\n<div class=\"wpcf7 no-js\" id=\"wpcf7-f2320-o1\" lang=\"it-IT\" dir=\"ltr\">\n<div class=\"screen-reader-response\"><p role=\"status\" aria-live=\"polite\" aria-atomic=\"true\"><\/p> <ul><\/ul><\/div>\n<form action=\"\/de\/wp-json\/wp\/v2\/pages\/2423#wpcf7-f2320-o1\" method=\"post\" class=\"wpcf7-form init\" aria-label=\"Modulo di contatto\" novalidate=\"novalidate\" data-status=\"init\">\n<div style=\"display: none;\">\n<input type=\"hidden\" name=\"_wpcf7\" value=\"2320\" \/>\n<input type=\"hidden\" name=\"_wpcf7_version\" value=\"5.7.6\" \/>\n<input type=\"hidden\" name=\"_wpcf7_locale\" value=\"it_IT\" \/>\n<input type=\"hidden\" name=\"_wpcf7_unit_tag\" value=\"wpcf7-f2320-o1\" \/>\n<input type=\"hidden\" name=\"_wpcf7_container_post\" value=\"0\" \/>\n<input type=\"hidden\" name=\"_wpcf7_posted_data_hash\" value=\"\" \/>\n<input type=\"hidden\" name=\"_wpcf7_recaptcha_response\" value=\"\" \/>\n<\/div>\n<div id=\"responsive-form\" class=\"clearfix\">\n\t<div class=\"form-row column-full\">\n\t\t<div class=\"column-half\">\n\t\t\t<p><span class=\"wpcf7-form-control-wrap\" data-name=\"your-name\"><input size=\"40\" class=\"wpcf7-form-control wpcf7-text wpcf7-validates-as-required span12\" aria-required=\"true\" aria-invalid=\"false\" placeholder=\"Name *\" value=\"\" type=\"text\" name=\"your-name\" \/><\/span>\n\t\t\t<\/p>\n\t\t<\/div>\n\t\t<div class=\"column-half\">\n\t\t\t<p><span class=\"wpcf7-form-control-wrap\" data-name=\"your-name\"><input size=\"40\" class=\"wpcf7-form-control wpcf7-text wpcf7-validates-as-required span12\" aria-required=\"true\" aria-invalid=\"false\" placeholder=\"Nachname *\" value=\"\" type=\"text\" name=\"your-name\" \/><\/span>\n\t\t\t<\/p>\n\t\t<\/div>\n\t<\/div>\n\t<div class=\"form-row column-full\">\n\t\t<div class=\"column-full\">\n\t\t\t<p><span class=\"wpcf7-form-control-wrap\" data-name=\"your-email\"><input size=\"40\" class=\"wpcf7-form-control wpcf7-text wpcf7-email wpcf7-validates-as-required wpcf7-validates-as-email span12\" aria-required=\"true\" aria-invalid=\"false\" placeholder=\"Email *\" value=\"\" type=\"email\" name=\"your-email\" \/><\/span>\n\t\t\t<\/p>\n\t\t<\/div>\n\t<\/div>\n\t<div class=\"form-row column-full\">\n\t\t<div class=\"column-full\">\n\t\t\t<p><span class=\"wpcf7-form-control-wrap\" data-name=\"phone\"><input size=\"40\" class=\"wpcf7-form-control wpcf7-text wpcf7-validates-as-required span12\" aria-required=\"true\" aria-invalid=\"false\" placeholder=\"Telefon\" value=\"\" type=\"text\" name=\"phone\" \/><\/span>\n\t\t\t<\/p>\n\t\t<\/div>\n\t<\/div>\n\t<div class=\"form-row column-full\">\n\t\t<div class=\"column-full\">\n\t\t\t<p><span class=\"wpcf7-form-control-wrap\" data-name=\"phone\"><input size=\"40\" class=\"wpcf7-form-control wpcf7-text wpcf7-validates-as-required span12\" aria-required=\"true\" aria-invalid=\"false\" placeholder=\"Stadt\" value=\"\" type=\"text\" name=\"phone\" \/><\/span>\n\t\t\t<\/p>\n\t\t<\/div>\n\t<\/div>\n\t<div class=\"form-row column-full\">\n\t\t<p><span class=\"wpcf7-form-control-wrap\" data-name=\"acceptance-5\"><span class=\"wpcf7-form-control wpcf7-acceptance\"><span class=\"wpcf7-list-item\"><input type=\"checkbox\" name=\"acceptance-5\" value=\"1\" aria-invalid=\"false\" \/><\/span><\/span><\/span>\n\t\t<\/p>\n\t\t<p><a href=\"\/informativa-privacy\" target=\"_blank\">Habe ich gelesen und akzeptiert datenschutzrichtlinie<\/a>\n\t\t<\/p>\n\t<\/div>\n\t<div class=\"form-row column-full\">\n\t\n\t<\/div>\n\t<div class=\"form-row column-full\">\n\t\t<div class=\"button-submit-book\">\n\t\t\t<p><input class=\"wpcf7-form-control has-spinner wpcf7-submit\" type=\"submit\" value=\"SENDEN\" \/>\n\t\t\t<\/p>\n\t\t<\/div>\n\t<\/div>\n<\/div><div class=\"wpcf7-response-output\" aria-hidden=\"true\"><\/div>\n<\/form>\n<\/div>\n<\/div>\n<p><\/div><\/div>[\/vc_column][\/vc_row]<\/p>\n","protected":false},"excerpt":{"rendered":"<p>[vc_row][vc_column][rev_slider_vc alias=&#8221;homepage-de&#8221;][\/vc_column][\/vc_row][vc_row css=&#8221;.vc_custom_1531490634804{padding-top: 60px !important;padding-bottom: 60px !important;}&#8221;][vc_column][vc_custom_heading text=&#8221;Hotel Valbrenta a Limena di Padova Willkommen&#8221; font_container=&#8221;tag:h1|font_size:24px|text_align:center|color:%23000000|line_height:30px&#8221; google_fonts=&#8221;font_family:Lato%3A100%2C100italic%2C300%2C300italic%2Cregular%2Citalic%2C700%2C700italic%2C900%2C900italic|font_style:700%20bold%20italic%3A700%3Aitalic&#8221;][vc_separator color=&#8221;black&#8221; border_width=&#8221;2&#8243; el_width=&#8221;10&#8243; type=&#8221;small&#8221; gap=&#8221;short&#8221;][vc_column_text]Bei dem Hotel \u201eValbrenta\u201c, bei dem die Tradition und die Modernit\u00e4t ihren Sublimations- und Treffpunkt gefunden haben, kann die Aggujaro Familie heute noch, im Zeichen einer sich wiederholenden Familientradition, jenes Service anbieten, das dieses Hotel [&hellip;]<\/p>\n","protected":false},"author":1,"featured_media":0,"parent":0,"menu_order":0,"comment_status":"closed","ping_status":"closed","template":"","meta":[],"_links":{"self":[{"href":"https:\/\/www.hotelvalbrenta.com\/de\/wp-json\/wp\/v2\/pages\/2423"}],"collection":[{"href":"https:\/\/www.hotelvalbrenta.com\/de\/wp-json\/wp\/v2\/pages"}],"about":[{"href":"https:\/\/www.hotelvalbrenta.com\/de\/wp-json\/wp\/v2\/types\/page"}],"author":[{"embeddable":true,"href":"https:\/\/www.hotelvalbrenta.com\/de\/wp-json\/wp\/v2\/users\/1"}],"replies":[{"embeddable":true,"href":"https:\/\/www.hotelvalbrenta.com\/de\/wp-json\/wp\/v2\/comments?post=2423"}],"version-history":[{"count":13,"href":"https:\/\/www.hotelvalbrenta.com\/de\/wp-json\/wp\/v2\/pages\/2423\/revisions"}],"predecessor-version":[{"id":4311,"href":"https:\/\/www.hotelvalbrenta.com\/de\/wp-json\/wp\/v2\/pages\/2423\/revisions\/4311"}],"wp:attachment":[{"href":"https:\/\/www.hotelvalbrenta.com\/de\/wp-json\/wp\/v2\/media?parent=2423"}],"curies":[{"name":"wp","href":"https:\/\/api.w.org\/{rel}","templated":true}]}}