{"id":1979,"date":"2018-07-16T14:02:36","date_gmt":"2018-07-16T12:02:36","guid":{"rendered":"http:\/\/hotelvalbrenta.com.netechlab.it\/hotel\/"},"modified":"2022-06-15T21:51:18","modified_gmt":"2022-06-15T19:51:18","slug":"hotel","status":"publish","type":"page","link":"https:\/\/www.hotelvalbrenta.com\/de\/hotel\/","title":{"rendered":"Hotel"},"content":{"rendered":"<p>[vc_row css=&#8221;.vc_custom_1531750596119{padding-top: 60px !important;padding-bottom: 60px !important;}&#8221;][vc_column][vc_custom_heading text=&#8221;Hotel Valbrenta a Limena &#8211; Padova&#8221; font_container=&#8221;tag:h1|font_size:24px|text_align:center|color:%23000000|line_height:30px&#8221; google_fonts=&#8221;font_family:Lato%3A100%2C100italic%2C300%2C300italic%2Cregular%2Citalic%2C700%2C700italic%2C900%2C900italic|font_style:700%20bold%20italic%3A700%3Aitalic&#8221;][vc_custom_heading text=&#8221;&#8221; font_container=&#8221;tag:h3|font_size:18px|text_align:center|color:%23000000|line_height:30px&#8221; google_fonts=&#8221;font_family:Lato%3A100%2C100italic%2C300%2C300italic%2Cregular%2Citalic%2C700%2C700italic%2C900%2C900italic|font_style:700%20bold%20italic%3A700%3Aitalic&#8221;][vc_separator color=&#8221;black&#8221; border_width=&#8221;2&#8243; el_width=&#8221;10&#8243; type=&#8221;small&#8221; gap=&#8221;short&#8221;][vc_column_text]Bei dem Hotel \u201eValbrenta\u201c, bei dem die Tradition und die Modernit\u00e4t ihren Sublimations- und Treffpunkt gefunden haben, kann die Aggujaro Familie heute noch, im Zeichen einer sich wiederholenden Familientradition, jenes Service anbieten, das dieses Hotel f\u00fcr seine Gastfreundschaft und gute K\u00fcche immer gekennzeichnet hat. Die g\u00fcnstige Lage des Hotels erlaubt es seinen G\u00e4sten, alle wichtigsten St\u00e4dte schnell und leicht zu erreichen, ohne dabei auf die Ruhe der kleinen Ortschaft und auf die Naturreinheit der Venetianer K\u00fcche zu verzichten.[\/vc_column_text][\/vc_column][\/vc_row][vc_row full_width=&#8221;stretch_row_content_no_spaces&#8221; content_placement=&#8221;middle&#8221; css=&#8221;.vc_custom_1531750186924{padding-top: 50% !important;background-image: url(http:\/\/www.hotelvalbrenta.com\/wp-content\/uploads\/2018\/07\/chi-siamo_storia_LL8wcAZ.jpg?id=410) !important;background-position: center !important;background-repeat: no-repeat !important;background-size: contain !important;}&#8221;][vc_column css=&#8221;.vc_custom_1531749665503{padding-top: 0px !important;padding-right: 0px !important;padding-bottom: 0px !important;padding-left: 0px !important;}&#8221;][\/vc_column][\/vc_row][vc_row css=&#8221;.vc_custom_1531490634804{padding-top: 60px !important;padding-bottom: 60px !important;}&#8221;][vc_column][vc_custom_heading text=&#8221;Unsere Geschichte&#8221; font_container=&#8221;tag:h1|font_size:24px|text_align:center|color:%23000000|line_height:30px&#8221; google_fonts=&#8221;font_family:Lato%3A100%2C100italic%2C300%2C300italic%2Cregular%2Citalic%2C700%2C700italic%2C900%2C900italic|font_style:700%20bold%20italic%3A700%3Aitalic&#8221;][vc_separator color=&#8221;black&#8221; border_width=&#8221;2&#8243; el_width=&#8221;10&#8243; type=&#8221;small&#8221; gap=&#8221;short&#8221;][\/vc_column][\/vc_row][vc_row][vc_column width=&#8221;1\/2&#8243;][vc_single_image image=&#8221;419&#8243; img_size=&#8221;full&#8221;][\/vc_column][vc_column width=&#8221;1\/2&#8243;][vc_column_text]Die Geschichte lehrt uns, dass in 300 der Padua im Krieg mit den Menschen in Vicenza in Limerick Brentella der Kanal gebaut, um Wasser aus der Brenta nach Padua zu bringen. So wurde diese neue Wasserstra\u00dfe, um die das Zentrum von Limerick entstand geboren. Es bildete ein Zentrum des Handels, der Transit von Schiffen, von Aktivit\u00e4ten im Zusammenhang mit ihnen konnte nicht verpassen die Taverne fiumee. In diesem zweiten Entwurf der Mitte des siebzehnten Jahrhunderts ist bereits das Geb\u00e4ude in seiner heutigen Gr\u00f6\u00dfe erblickt. Das Vorhandensein dieser Pension sind in den Zeichnungen und der 500 bereits in einem von 1691 finden wir es genau so wie heute vertreten dokumentiert. Daher bin ich mehr als drei Jahrhunderten, die hier Leistungen, die schon damals die &#8220;inn&#8221; verliehen vorgesehen sind. Nennen Sie das, dass limenesi haben immer verwendet werden, um in diesem Hotel beziehen. Wir m\u00fcssen uns daran erinnern, dass in diesen Tagen das Gasthaus nicht nur ein &#8216;&#8221;Taverne&#8221;, wie wir sie heute verstehen, wo sie verbraucht Wein und Getr\u00e4nke und sie a\u00dfen im Sitzen oder Stehen, aber es war der Treffpunkt, ein wahres Zentrum Mall, wo Sie vereinbarten den Austausch von Waren und den Verkauf von verschiedenen Arten.[\/vc_column_text][\/vc_column][\/vc_row][vc_row][vc_column width=&#8221;1\/2&#8243;][vc_column_text]Bei der Gestaltung der zweiten H\u00e4lfte des siebzehnten Jahrhunderts &#8211; das sieht aus wie ein Foto des aktuellen Locanda &#8211; die Terrasse vor den beiden T\u00fcren ist genau das, was finestrecentrali heute. Es sollte angemerkt werden, auf der rechten Seite, die Stange mit dem Zeichen der Essplatz. Oft in den Gasth\u00f6fen konnte Lebensmittel ohne Pflicht zu verkaufen. Ein Privileg, das sie \u00e4hnlich dem aktuellen Port franco.Qui gemacht, in Limerick, vor der Pension, gab es einen Beitrag, wo Sie w\u00e4hrend der Schmied provvedeva ihrer Aufgaben stand. Vor dem Gasthaus bestanden viele Boote, die G\u00fcter von der Brenta und leitete nach Padua und Venedig, und dies zu einem Bezugspunkt und Treffpunkt f\u00fcr Nautiker. Bis in die fr\u00fchen neunzehnten Jahrhundert wurde das Gasthaus von der venezianischen Adelsfamilie Fini, die alle die wirtschaftliche Aktivit\u00e4t gesteuert Besitz. Wir wissen, dass wir im Jahr 1770 im Gasthaus a\u00df mit 5 Lire, sagt einer Spesenabrechnung von dem Ingenieur, der die Arbeit f\u00fcr den Bau gerichtet vorgelegt &#8220;colmelloni.&#8221; Wie auf dem Foto von fineOttocento der Inn immer seine Funktion als Ort der Erfrischung und Unterkunft f\u00fcr alle, die die wichtige Stra\u00dfe zwischen Padua und Nordeuropa durch die Trentino besucht gehalten gezeigt. F\u00fcr einen Vergleich, erinnern wir uns, dass die gleiche Ingenieur 48 Lire ausgegeben f\u00fcr Burchio transportieren ihn von Venedig nach Limerick.[\/vc_column_text][\/vc_column][vc_column width=&#8221;1\/2&#8243;][vc_single_image image=&#8221;428&#8243; img_size=&#8221;full&#8221;][\/vc_column][\/vc_row][vc_row][vc_column width=&#8221;1\/2&#8243;][vc_single_image image=&#8221;433&#8243; img_size=&#8221;full&#8221;][\/vc_column][vc_column width=&#8221;1\/2&#8243;][vc_column_text]Es ist mehr als ein Jahrhundert seit Sante Aggujaro kaufte diesen Ort dann wird das von der Familie verwaltet werden. Auf diese Weise hier im Hotel Valbrenta, haben Tradition und Moderne einen Treffpunkt und Sublimation gefunden und heute die Familie Aggujaro, im Zeichen einer Familientradition, die verl\u00e4ngert wird, kann diese weiterhin, die mutierte bieten Zeiten, nicht den Charakter der Gastfreundschaft und gutes Essen, das immer dieses Hotel unterschieden haben. Seine Lage ist ideal in der Vergangenheit, wenn alle trafficie die Verschiebungen erfolgte entlang der Fl\u00fcsse, so bleibt jetzt wegen seiner Lage am Stadtrand von Padua, zwei Minuten von der West-Ausfahrt der Autobahn Venedig &#8211; Mailand, eine halbe Autostunde von Venedig entfernt. Es sind alle Zutaten, um die komfortable N\u00e4he zu den wichtigsten Zentren, ohne dabei die Ruhe der kleinen Stadt und die Echtheit der venezianischen K\u00fcche haben.[\/vc_column_text][\/vc_column][\/vc_row]<\/p>\n","protected":false},"excerpt":{"rendered":"<p>[vc_row css=&#8221;.vc_custom_1531750596119{padding-top: 60px !important;padding-bottom: 60px !important;}&#8221;][vc_column][vc_custom_heading text=&#8221;Hotel Valbrenta a Limena &#8211; Padova&#8221; font_container=&#8221;tag:h1|font_size:24px|text_align:center|color:%23000000|line_height:30px&#8221; google_fonts=&#8221;font_family:Lato%3A100%2C100italic%2C300%2C300italic%2Cregular%2Citalic%2C700%2C700italic%2C900%2C900italic|font_style:700%20bold%20italic%3A700%3Aitalic&#8221;][vc_custom_heading text=&#8221;&#8221; font_container=&#8221;tag:h3|font_size:18px|text_align:center|color:%23000000|line_height:30px&#8221; google_fonts=&#8221;font_family:Lato%3A100%2C100italic%2C300%2C300italic%2Cregular%2Citalic%2C700%2C700italic%2C900%2C900italic|font_style:700%20bold%20italic%3A700%3Aitalic&#8221;][vc_separator color=&#8221;black&#8221; border_width=&#8221;2&#8243; el_width=&#8221;10&#8243; type=&#8221;small&#8221; gap=&#8221;short&#8221;][vc_column_text]Bei dem Hotel \u201eValbrenta\u201c, bei dem die Tradition und die Modernit\u00e4t ihren Sublimations- und Treffpunkt gefunden haben, kann die Aggujaro Familie heute noch, im Zeichen einer sich wiederholenden Familientradition, jenes Service anbieten, das dieses [&hellip;]<\/p>\n","protected":false},"author":1,"featured_media":0,"parent":0,"menu_order":6,"comment_status":"closed","ping_status":"closed","template":"","meta":[],"_links":{"self":[{"href":"https:\/\/www.hotelvalbrenta.com\/de\/wp-json\/wp\/v2\/pages\/1979"}],"collection":[{"href":"https:\/\/www.hotelvalbrenta.com\/de\/wp-json\/wp\/v2\/pages"}],"about":[{"href":"https:\/\/www.hotelvalbrenta.com\/de\/wp-json\/wp\/v2\/types\/page"}],"author":[{"embeddable":true,"href":"https:\/\/www.hotelvalbrenta.com\/de\/wp-json\/wp\/v2\/users\/1"}],"replies":[{"embeddable":true,"href":"https:\/\/www.hotelvalbrenta.com\/de\/wp-json\/wp\/v2\/comments?post=1979"}],"version-history":[{"count":7,"href":"https:\/\/www.hotelvalbrenta.com\/de\/wp-json\/wp\/v2\/pages\/1979\/revisions"}],"predecessor-version":[{"id":4085,"href":"https:\/\/www.hotelvalbrenta.com\/de\/wp-json\/wp\/v2\/pages\/1979\/revisions\/4085"}],"wp:attachment":[{"href":"https:\/\/www.hotelvalbrenta.com\/de\/wp-json\/wp\/v2\/media?parent=1979"}],"curies":[{"name":"wp","href":"https:\/\/api.w.org\/{rel}","templated":true}]}}