{"id":1939,"date":"2018-07-13T14:02:01","date_gmt":"2018-07-13T12:02:01","guid":{"rendered":"http:\/\/hotelvalbrenta.com.netechlab.it\/camere-e-servizi\/"},"modified":"2022-06-27T17:01:04","modified_gmt":"2022-06-27T15:01:04","slug":"camere-e-servizi","status":"publish","type":"page","link":"https:\/\/www.hotelvalbrenta.com\/de\/camere-e-servizi\/","title":{"rendered":"Zimmer und dienstleistungen"},"content":{"rendered":"<p>[vc_row full_width=&#8221;stretch_row_content_no_spaces&#8221; css=&#8221;.vc_custom_1531751234947{padding: 25% !important;background-image: url(http:\/\/www.hotelvalbrenta.com\/wp-content\/uploads\/2018\/07\/banner-principale-camere-e-servizi_cfjVw3t.jpg?id=530) !important;background-position: center !important;background-repeat: no-repeat !important;background-size: contain !important;}&#8221;][vc_column][\/vc_column][\/vc_row][vc_row full_width=&#8221;stretch_row_content_no_spaces&#8221; css=&#8221;.vc_custom_1656342050717{padding-top: 25% !important;padding-right: 25% !important;padding-bottom: 25% !important;padding-left: 25% !important;background-image: url(https:\/\/www.hotelvalbrenta.com\/wp-content\/uploads\/2022\/06\/645D59D7-689F-4A7B-BAF3-01B0198A2F5D-scaled.jpg?id=4116) !important;background-position: center !important;background-repeat: no-repeat !important;background-size: contain !important;}&#8221;][vc_column][\/vc_column][\/vc_row][vc_row css=&#8221;.vc_custom_1531753288528{margin-top: 50px !important;margin-bottom: 50px !important;}&#8221;][vc_column width=&#8221;1\/2&#8243;][vc_column_text]<\/p>\n<h1><em><strong>Unsere Zimmer<\/strong><\/em><\/h1>\n<p>[\/vc_column_text][vc_single_image image=&#8221;643&#8243; img_size=&#8221;large&#8221;][\/vc_column][vc_column width=&#8221;1\/2&#8243; css=&#8221;.vc_custom_1531752900288{border-left-width: 2px !important;border-left-color: #005050 !important;border-left-style: solid !important;}&#8221;][vc_column_text]<\/p>\n<p style=\"color: #003535; font-size: 18px;\"><em>Das Hotel verf\u00fcgt \u00fcber 30 schallisolierte Zimmer, die alle geschmackvoll eingerichtet und behindertengerecht ausgestattet sind und mit Telefon, Fernseher und Klimaanlage ausgestattet sind. Alle Zimmer haben ein eigenes Badezimmer mit Dusche und Haartrockner.<\/em><\/p>\n<p>[\/vc_column_text]<div class=\" porto-btn-ctn-center \"><a class=\"porto-btn porto-adjust-bottom-margin porto-btn-large porto-btn-fade-bg  porto-btn-center \"  rel='' href = \"\/de\/gallery\/\" target='_blank' data-hover=\"\" data-border-color=\"\" data-bg=\"#005050\" data-hover-bg=\"#006464\" data-border-hover=\"\" data-shadow-click=\"none\" data-shadow=\"\" style=\"border:none;background: #005050;color: #ffffff;\"><span class=\"porto-btn-hover\" style=\"background-color:#006464\"><\/span><span class=\"porto-btn-data porto-btn-text \" >GALERIE<\/span><\/a><\/div>[\/vc_column][\/vc_row][vc_row css=&#8221;.vc_custom_1531753303298{margin-top: 50px !important;margin-bottom: 50px !important;}&#8221;][vc_column width=&#8221;1\/2&#8243;][vc_column_text]<\/p>\n<h1><em><strong>Eingeschlossene Leistungen<\/strong><\/em><\/h1>\n<p>[\/vc_column_text][vc_single_image image=&#8221;654&#8243; img_size=&#8221;large&#8221;][\/vc_column][vc_column width=&#8221;1\/2&#8243; css=&#8221;.vc_custom_1531752921989{border-left-width: 2px !important;border-left-color: #005050 !important;border-left-style: solid !important;}&#8221;][vc_column_text]<\/p>\n<p style=\"color: #003535; font-size: 18px;\"><em>Das Hotel bietet folgende Leistungen: Wecker, Concierge 24\/24 h, Parkplatz, Sky TV, WI FI Internet. Das Fr\u00fchst\u00fcck ist immer im Preis inbegriffen und wird im angrenzenden Restaurant &#8220;Il Tulipano&#8221; serviert. F\u00fcr diejenigen, die auch Mittagessen oder Abendessen haben m\u00f6chten, gibt es auch Kongresse. Es gibt einen Tagungsraum mit Folien- und Videoprojektor.<br \/>\n<\/em><\/p>\n<p>[\/vc_column_text][\/vc_column][\/vc_row][vc_row css=&#8221;.vc_custom_1531753313777{margin-top: 50px !important;margin-bottom: 50px !important;}&#8221;][vc_column width=&#8221;1\/2&#8243;][vc_column_text]<\/p>\n<h1><em><strong>Zus\u00e4tzliche Dienstleistungen und Kongresse<\/strong><\/em><\/h1>\n<p>[\/vc_column_text][\/vc_column][vc_column width=&#8221;1\/2&#8243; css=&#8221;.vc_custom_1531752937845{border-left-width: 2px !important;border-left-color: #005050 !important;border-left-style: solid !important;}&#8221;][vc_column_text]<\/p>\n<p style=\"color: #003535; font-size: 18px;\"><strong>Guest Transfers.<\/strong> Pum uns von jedem Flughafen, Hafen oder Bahnhof zu erreichen oder zu verteilen, um jedes Ziel Sie DRM Autonoleggio Hotel Valbrenta Partnerfirma, die exklusiven Raten vorbehalten hat f\u00fcr alle unsere Kunden zu verwandeln. F\u00fcr weitere Informationen: Tel. +39 049 8235866 (h.0-24) www.dmr-autonoleggio.eu<\/p>\n<p>[\/vc_column_text][\/vc_column][\/vc_row]<\/p>\n","protected":false},"excerpt":{"rendered":"<p>[vc_row full_width=&#8221;stretch_row_content_no_spaces&#8221; css=&#8221;.vc_custom_1531751234947{padding: 25% !important;background-image: url(http:\/\/www.hotelvalbrenta.com\/wp-content\/uploads\/2018\/07\/banner-principale-camere-e-servizi_cfjVw3t.jpg?id=530) !important;background-position: center !important;background-repeat: no-repeat !important;background-size: contain !important;}&#8221;][vc_column][\/vc_column][\/vc_row][vc_row full_width=&#8221;stretch_row_content_no_spaces&#8221; css=&#8221;.vc_custom_1656342050717{padding-top: 25% !important;padding-right: 25% !important;padding-bottom: 25% !important;padding-left: 25% !important;background-image: url(https:\/\/www.hotelvalbrenta.com\/wp-content\/uploads\/2022\/06\/645D59D7-689F-4A7B-BAF3-01B0198A2F5D-scaled.jpg?id=4116) !important;background-position: center !important;background-repeat: no-repeat !important;background-size: contain !important;}&#8221;][vc_column][\/vc_column][\/vc_row][vc_row css=&#8221;.vc_custom_1531753288528{margin-top: 50px !important;margin-bottom: 50px !important;}&#8221;][vc_column width=&#8221;1\/2&#8243;][vc_column_text] Unsere Zimmer [\/vc_column_text][vc_single_image image=&#8221;643&#8243; img_size=&#8221;large&#8221;][\/vc_column][vc_column width=&#8221;1\/2&#8243; css=&#8221;.vc_custom_1531752900288{border-left-width: 2px !important;border-left-color: #005050 !important;border-left-style: solid !important;}&#8221;][vc_column_text] Das Hotel verf\u00fcgt \u00fcber 30 [&hellip;]<\/p>\n","protected":false},"author":1,"featured_media":0,"parent":0,"menu_order":11,"comment_status":"closed","ping_status":"closed","template":"","meta":[],"_links":{"self":[{"href":"https:\/\/www.hotelvalbrenta.com\/de\/wp-json\/wp\/v2\/pages\/1939"}],"collection":[{"href":"https:\/\/www.hotelvalbrenta.com\/de\/wp-json\/wp\/v2\/pages"}],"about":[{"href":"https:\/\/www.hotelvalbrenta.com\/de\/wp-json\/wp\/v2\/types\/page"}],"author":[{"embeddable":true,"href":"https:\/\/www.hotelvalbrenta.com\/de\/wp-json\/wp\/v2\/users\/1"}],"replies":[{"embeddable":true,"href":"https:\/\/www.hotelvalbrenta.com\/de\/wp-json\/wp\/v2\/comments?post=1939"}],"version-history":[{"count":5,"href":"https:\/\/www.hotelvalbrenta.com\/de\/wp-json\/wp\/v2\/pages\/1939\/revisions"}],"predecessor-version":[{"id":4186,"href":"https:\/\/www.hotelvalbrenta.com\/de\/wp-json\/wp\/v2\/pages\/1939\/revisions\/4186"}],"wp:attachment":[{"href":"https:\/\/www.hotelvalbrenta.com\/de\/wp-json\/wp\/v2\/media?parent=1939"}],"curies":[{"name":"wp","href":"https:\/\/api.w.org\/{rel}","templated":true}]}}