{"id":1923,"date":"2018-07-17T11:45:10","date_gmt":"2018-07-17T09:45:10","guid":{"rendered":"http:\/\/hotelvalbrenta.com.netechlab.it\/cultura-divertimento\/altri-luoghi-di-interesse\/"},"modified":"2018-08-14T12:42:41","modified_gmt":"2018-08-14T10:42:41","slug":"altri-luoghi-di-interesse","status":"publish","type":"page","link":"https:\/\/www.hotelvalbrenta.com\/de\/cultura-divertimento\/altri-luoghi-di-interesse\/","title":{"rendered":"Weitere Sehensw\u00fcrdigkeiten"},"content":{"rendered":"<p>[vc_row][vc_column][vc_separator style=&#8221;solid&#8221;][\/vc_column][\/vc_row][vc_row][vc_column width=&#8221;1\/2&#8243;][vc_single_image image=&#8221;949&#8243; img_size=&#8221;full&#8221;][vc_custom_heading text=&#8221;Golf Club La Montecchia&#8221; font_container=&#8221;tag:h2|font_size:18px|text_align:left|color:%23000000|line_height:30px&#8221; google_fonts=&#8221;font_family:Lato%3A100%2C100italic%2C300%2C300italic%2Cregular%2Citalic%2C700%2C700italic%2C900%2C900italic|font_style:700%20bold%20italic%3A700%3Aitalic&#8221;][vc_column_text]Der Golf Montecchia, im Jahr 1988 von einer Gruppe von Unternehmern bereit Padua geschaffen, n\u00e4hert sich jetzt seine ersten 25 Lebensjahre. Field, ein Kurs Meisterschaft vom britischen Architekten Tom Macaulay entworfen, Gastgeber der Challenge Tour in 2001 und 2002 und die Alps Tour in 2010 und 2012 Im Laufe der Jahre, die Sie Verbesserungen und \u00c4nderungen an der Rennstrecke vorgenommen haben, w\u00e4hrend die Natur er hat seinen Teil getan, indem den Baum Erbe zu st\u00e4rken. www.golfmontecchia.it[\/vc_column_text][\/vc_column][vc_column width=&#8221;1\/2&#8243;][vc_single_image image=&#8221;956&#8243; img_size=&#8221;full&#8221;][vc_custom_heading text=&#8221;Valsugana Rugby Altichiero Padova&#8221; font_container=&#8221;tag:h2|font_size:18px|text_align:left|color:%23000000|line_height:30px&#8221; google_fonts=&#8221;font_family:Lato%3A100%2C100italic%2C300%2C300italic%2Cregular%2Citalic%2C700%2C700italic%2C900%2C900italic|font_style:700%20bold%20italic%3A700%3Aitalic&#8221;][vc_column_text]Das Valsugana &#8211; oder Valsu &#8211; ist ein Verein im Jahre 1982 gegr\u00fcndet und besteht aus zwei Non-Profit-Verb\u00e4nde, auf freiwilligem Engagement ihrer Mitglieder, widmet sich der F\u00f6rderung der Praxis und Werte des Rugby bei jungen Menschen.[\/vc_column_text][\/vc_column][\/vc_row][vc_row][vc_column width=&#8221;1\/2&#8243;][vc_single_image image=&#8221;963&#8243; img_size=&#8221;full&#8221;][vc_custom_heading text=&#8221;Stadio Euganeo &#8211; 7 km&#8221; font_container=&#8221;tag:h2|font_size:18px|text_align:left|color:%23000000|line_height:30px&#8221; google_fonts=&#8221;font_family:Lato%3A100%2C100italic%2C300%2C300italic%2Cregular%2Citalic%2C700%2C700italic%2C900%2C900italic|font_style:700%20bold%20italic%3A700%3Aitalic&#8221;][vc_column_text]Die Euganeo Stadion ist die wichtigste Sportst\u00e4tte der Stadt Padua. Seit 1994 veranstaltet die Heimspiele der Fu\u00dfballmannschaft von Padua, internationalen Veranstaltungen in der Leichtathletik und Konzerte.[\/vc_column_text][\/vc_column][vc_column width=&#8221;1\/2&#8243;][vc_single_image image=&#8221;969&#8243; img_size=&#8221;full&#8221;][vc_custom_heading text=&#8221;Gran Teatro Geox &#8211; 12 Km&#8221; font_container=&#8221;tag:h2|font_size:18px|text_align:left|color:%23000000|line_height:30px&#8221; google_fonts=&#8221;font_family:Lato%3A100%2C100italic%2C300%2C300italic%2Cregular%2Citalic%2C700%2C700italic%2C900%2C900italic|font_style:700%20bold%20italic%3A700%3Aitalic&#8221;][vc_column_text]Das Gran Teatro Geox ist einer der wichtigsten Bereiche leben Italienisch. Eine Szene aus der Metropolregion Berufung hat die sich der Bezugspunkt f\u00fcr die Show im Nordosten.[\/vc_column_text][\/vc_column][\/vc_row][vc_row][vc_column width=&#8221;1\/2&#8243;][vc_single_image image=&#8221;975&#8243; img_size=&#8221;full&#8221;][vc_custom_heading text=&#8221;Centro Sportivo del Plebiscito Padova &#8211; 10 Km&#8221; font_container=&#8221;tag:h2|font_size:18px|text_align:left|color:%23000000|line_height:30px&#8221; google_fonts=&#8221;font_family:Lato%3A100%2C100italic%2C300%2C300italic%2Cregular%2Citalic%2C700%2C700italic%2C900%2C900italic|font_style:700%20bold%20italic%3A700%3Aitalic&#8221;][vc_column_text]Das Centro Sportivo Plebiscito Padova ist die wichtigste Wasserball-Team in der Stadt Padua sowohl in der M\u00e4nner-und Frauen-Bereich.[\/vc_column_text][\/vc_column][vc_column width=&#8221;1\/2&#8243;][vc_single_image image=&#8221;980&#8243; img_size=&#8221;full&#8221;][vc_custom_heading text=&#8221;Palaghiaccio &#8211; 10 Km&#8221; font_container=&#8221;tag:h2|font_size:18px|text_align:left|color:%23000000|line_height:30px&#8221; google_fonts=&#8221;font_family:Lato%3A100%2C100italic%2C300%2C300italic%2Cregular%2Citalic%2C700%2C700italic%2C900%2C900italic|font_style:700%20bold%20italic%3A700%3Aitalic&#8221;][vc_column_text]Er\u00f6ffnet durch Karolina Kostner, ist die sch\u00f6ne Eispalast Padova ein modernes Geb\u00e4ude, das auch Hockey Programme und Eiskunstlauf Pl\u00e4tze beherbergt, ist leicht zug\u00e4nglich und bietet die M\u00f6glichkeit, eine andere Sportart von der \u00fcblichen Praxis. www.2001team.com[\/vc_column_text][\/vc_column][\/vc_row][vc_row][vc_column width=&#8221;1\/2&#8243;][vc_single_image image=&#8221;986&#8243; img_size=&#8221;full&#8221;][vc_custom_heading text=&#8221;PalaFabris &#8211; 16 Km&#8221; font_container=&#8221;tag:h2|font_size:18px|text_align:left|color:%23000000|line_height:30px&#8221; google_fonts=&#8221;font_family:Lato%3A100%2C100italic%2C300%2C300italic%2Cregular%2Citalic%2C700%2C700italic%2C900%2C900italic|font_style:700%20bold%20italic%3A700%3Aitalic&#8221;][vc_column_text]Die PalaFabris (ex Palasport San Lazzaro) ist die wichtigste Sporthalle der Stadt Padua und einer der wichtigsten in der Region Venetien. Neben dem Hosting der Heimspiele des Teams Padua Volleyball, Basketball und Handball, beherbergt andere Sportveranstaltungen wie Meisterschaft Boxen, Fechten Wettbewerbe, Kickboxen, Tennis und so weiter. Es wird auch spielen wichtige Konzerte und Kongresse.[\/vc_column_text][\/vc_column][vc_column width=&#8221;1\/2&#8243;][vc_single_image image=&#8221;992&#8243; img_size=&#8221;full&#8221;][vc_custom_heading text=&#8221;Arte e Danza a Padova&#8221; font_container=&#8221;tag:h2|font_size:18px|text_align:left|color:%23000000|line_height:30px&#8221; google_fonts=&#8221;font_family:Lato%3A100%2C100italic%2C300%2C300italic%2Cregular%2Citalic%2C700%2C700italic%2C900%2C900italic|font_style:700%20bold%20italic%3A700%3Aitalic&#8221;][vc_column_text]Gegr\u00fcndet im Jahr 2005, mit der spezifischen Absicht, eine Wirklichkeit nur auf h\u00f6chstem technischen und k\u00fcnstlerisches Niveau zu schaffen, wird Artedanza Erfahrung von Simonetta Vaccara Reynaud produziert, der eine langen Karriere als professionelle T\u00e4nzerin in der Welt des klassischen Balletts, zeitgen\u00f6ssischen und Jazz hatte. In k\u00fcrzester Zeit hat er die M\u00f6glichkeit, seine Sch\u00fcler ihr Talent und die Gelegenheit zu bringen, professionelle &#8230; www.artedanzapadova.it zu erreichen[\/vc_column_text][\/vc_column][\/vc_row]<\/p>\n","protected":false},"excerpt":{"rendered":"<p>[vc_row][vc_column][vc_separator style=&#8221;solid&#8221;][\/vc_column][\/vc_row][vc_row][vc_column width=&#8221;1\/2&#8243;][vc_single_image image=&#8221;949&#8243; img_size=&#8221;full&#8221;][vc_custom_heading text=&#8221;Golf Club La Montecchia&#8221; font_container=&#8221;tag:h2|font_size:18px|text_align:left|color:%23000000|line_height:30px&#8221; google_fonts=&#8221;font_family:Lato%3A100%2C100italic%2C300%2C300italic%2Cregular%2Citalic%2C700%2C700italic%2C900%2C900italic|font_style:700%20bold%20italic%3A700%3Aitalic&#8221;][vc_column_text]Der Golf Montecchia, im Jahr 1988 von einer Gruppe von Unternehmern bereit Padua geschaffen, n\u00e4hert sich jetzt seine ersten 25 Lebensjahre. Field, ein Kurs Meisterschaft vom britischen Architekten Tom Macaulay entworfen, Gastgeber der Challenge Tour in 2001 und 2002 und die Alps Tour in 2010 [&hellip;]<\/p>\n","protected":false},"author":1,"featured_media":0,"parent":1894,"menu_order":1,"comment_status":"closed","ping_status":"closed","template":"","meta":[],"_links":{"self":[{"href":"https:\/\/www.hotelvalbrenta.com\/de\/wp-json\/wp\/v2\/pages\/1923"}],"collection":[{"href":"https:\/\/www.hotelvalbrenta.com\/de\/wp-json\/wp\/v2\/pages"}],"about":[{"href":"https:\/\/www.hotelvalbrenta.com\/de\/wp-json\/wp\/v2\/types\/page"}],"author":[{"embeddable":true,"href":"https:\/\/www.hotelvalbrenta.com\/de\/wp-json\/wp\/v2\/users\/1"}],"replies":[{"embeddable":true,"href":"https:\/\/www.hotelvalbrenta.com\/de\/wp-json\/wp\/v2\/comments?post=1923"}],"version-history":[{"count":3,"href":"https:\/\/www.hotelvalbrenta.com\/de\/wp-json\/wp\/v2\/pages\/1923\/revisions"}],"predecessor-version":[{"id":1934,"href":"https:\/\/www.hotelvalbrenta.com\/de\/wp-json\/wp\/v2\/pages\/1923\/revisions\/1934"}],"up":[{"embeddable":true,"href":"https:\/\/www.hotelvalbrenta.com\/de\/wp-json\/wp\/v2\/pages\/1894"}],"wp:attachment":[{"href":"https:\/\/www.hotelvalbrenta.com\/de\/wp-json\/wp\/v2\/media?parent=1923"}],"curies":[{"name":"wp","href":"https:\/\/api.w.org\/{rel}","templated":true}]}}