{"id":1909,"date":"2018-07-17T11:20:18","date_gmt":"2018-07-17T09:20:18","guid":{"rendered":"http:\/\/hotelvalbrenta.com.netechlab.it\/cultura-divertimento\/scopri-il-veneto-e-i-dintorni\/"},"modified":"2018-08-14T12:28:14","modified_gmt":"2018-08-14T10:28:14","slug":"scopri-il-veneto-e-i-dintorni","status":"publish","type":"page","link":"https:\/\/www.hotelvalbrenta.com\/de\/cultura-divertimento\/scopri-il-veneto-e-i-dintorni\/","title":{"rendered":"Entdecken Veneto und Umgebung"},"content":{"rendered":"<p>[vc_row full_width=&#8221;stretch_row_content_no_spaces&#8221; content_placement=&#8221;middle&#8221; css=&#8221;.vc_custom_1531819727851{background-position: center !important;background-repeat: no-repeat !important;background-size: contain !important;}&#8221;][vc_column css=&#8221;.vc_custom_1531749665503{padding-top: 0px !important;padding-right: 0px !important;padding-bottom: 0px !important;padding-left: 0px !important;}&#8221;][vc_single_image image=&#8221;1033&#8243; img_size=&#8221;full&#8221; alignment=&#8221;center&#8221; css=&#8221;.vc_custom_1531828025287{background-position: center !important;background-repeat: no-repeat !important;background-size: contain !important;}&#8221;][\/vc_column][\/vc_row][vc_row css=&#8221;.vc_custom_1531750596119{padding-top: 60px !important;padding-bottom: 60px !important;}&#8221;][vc_column][vc_custom_heading text=&#8221;Eine romantische bootsfahrt auf dem Brenta zwischen den venezianischen villen&#8221; font_container=&#8221;tag:h2|font_size:18px|text_align:left|color:%23000000|line_height:30px&#8221; google_fonts=&#8221;font_family:Lato%3A100%2C100italic%2C300%2C300italic%2Cregular%2Citalic%2C700%2C700italic%2C900%2C900italic|font_style:700%20bold%20italic%3A700%3Aitalic&#8221;][vc_column_text]Seit eh und je wird der Begriff \u201cVilla Veneta\u201d mit dem Ph\u00e4nomen der Sommerfrische verbunden. Diese wurde in Venetien besonders zur Zeit der Serenissima, d.h. der Herrschaft der Stadt Venedig \u00fcber die Region vom 15. bis zum Ende des 18. Jahrhundert gep egt. Allein entlang des Brenta-Kanals wurden mehr als 40 Villen erbaut. Weltber\u00fchmte K\u00fcnstler arbeiteten hier im Auftrage der reichen venezianischen Familien. Aus dem Brenta- Kanal wurde damit eine ideale Fortsetzung des Canale Grande, der Venedig in seiner ganzen L\u00e4nge durch ie\u00dft. Die Boote, die die feiernden Gesellschaften aus Venedig zu den einzelnen Villen brachten wurden Burchielli genannt. Man ruderte vom Markusplatz durch die Lagune bis nach Fusina. Von dort wurden die Boote mit Pferden vom Ufer aus bis zur jeweiligen Villa gezogen. Da sich die Familien ihre Kom\u00f6dianten und K\u00fcnstler auf den Booten mitnahmen herrschte auf dem Kanal w\u00e4hrend der Sommerzeit ein reges Treiben. Am Ende des 18. Jahrhunderts mit dem Fall der venezianischen Republik an Napoleon wurde der rege Verkehr aber eingestellt und die Burchielli gelangten nach und nach in Vergessenheit. In sechziger Jahren wurde die Schifffahrt als Tourist Service vorgeshlangen und es gab eine Erh\u00f6hung der Passagiere. Heutzutage bef\u00e4hrt der Burchiello, modernes und bequemes Boot, die Gew\u00e4sser der Riviera del Brenta von Padua nach Vendig und umgekehrt, und er bef\u00f6rdert Tausende von Touristen pro Jahr, W\u00e4hrend der Kreuzfahrt hat man Gelegenheit eine Anzahl der ber\u00fchmten Villen, die an die Namen der K\u00fcnstler wie Palladio und Tiepolo gekn\u00fcpft sind, zu besichtigen. Eine eindrucksvolle Reise durch neun bewegliche Br\u00fccken und f\u00fcnf Schleusen, wahre Wasseraufz\u00fcge da\u00df gestatten den Aufstieg oder den Abstieg der Niveau des Wasser von zehn Meter bestehend unter Venedig und Padua.[\/vc_column_text][\/vc_column][\/vc_row][vc_row][vc_column width=&#8221;1\/4&#8243;][vc_single_image image=&#8221;887&#8243; img_size=&#8221;full&#8221;][vc_custom_heading text=&#8221;Piazzola sul brenta &#8211; 9 km&#8221; font_container=&#8221;tag:h2|font_size:18px|text_align:left|color:%23000000|line_height:30px&#8221; google_fonts=&#8221;font_family:Lato%3A100%2C100italic%2C300%2C300italic%2Cregular%2Citalic%2C700%2C700italic%2C900%2C900italic|font_style:700%20bold%20italic%3A700%3Aitalic&#8221;][vc_column_text]Villa Contarini. Camerini ist eine der gr\u00f6\u00dften Villen in der Region Venetien. Die Barockvilla liegt im Hintergrund des halbkreisf\u00f6rmigen und von Bogeng\u00e4ngen umgebenen Hauptplatzes von Piazzola sul Brenta. Hinter der Villa befindet sich ein weiter Park von \u00fcber 40 Hektarn mit Fischteichen, Seen und Aleen.[\/vc_column_text][\/vc_column][vc_column width=&#8221;1\/4&#8243;][vc_single_image image=&#8221;894&#8243; img_size=&#8221;full&#8221;][vc_custom_heading text=&#8221;Colli euganei &#8211; 30 km&#8221; font_container=&#8221;tag:h2|font_size:18px|text_align:left|color:%23000000|line_height:30px&#8221; google_fonts=&#8221;font_family:Lato%3A100%2C100italic%2C300%2C300italic%2Cregular%2Citalic%2C700%2C700italic%2C900%2C900italic|font_style:700%20bold%20italic%3A700%3Aitalic&#8221;][vc_column_text]Die nat\u00fcrliche Szenerie der Euganeischen H\u00fcgel im gleichnamigen Naturpark ist reich an historischen und k\u00fcnstlerischen Attraktionen. Hier k\u00f6nnen Sie die mittelalterlichen Ortschaften und Badeorte entdecken, die sich in dieser wundersch\u00f6nen, naturalistischen Umgebung befinden. Der Naturpark bietet \u00fcberdies auch viele M\u00f6glichkeiten f\u00fcr Wandern und Radfahren. www.turismopadova.it[\/vc_column_text][\/vc_column][vc_column width=&#8221;1\/4&#8243;][vc_single_image image=&#8221;902&#8243; img_size=&#8221;full&#8221;][vc_custom_heading text=&#8221;Venezia &#8211; 30 km&#8221; font_container=&#8221;tag:h2|font_size:18px|text_align:left|color:%23000000|line_height:30px&#8221; google_fonts=&#8221;font_family:Lato%3A100%2C100italic%2C300%2C300italic%2Cregular%2Citalic%2C700%2C700italic%2C900%2C900italic|font_style:700%20bold%20italic%3A700%3Aitalic&#8221;][vc_column_text]Umh\u00fcllt vom Nebel aufgrund der hohen Feuchtigkeit und \u00fcberflutet von unz\u00e4hligen Touristen aus der ganzen Welt, scheint Venedig nicht zu existieren, es ist, als w\u00e4re diese Stadt nur ein Teil unserer Tr\u00e4ume. www.turismovenezia.it[\/vc_column_text][\/vc_column][vc_column width=&#8221;1\/4&#8243;][vc_single_image image=&#8221;908&#8243; img_size=&#8221;full&#8221;][vc_custom_heading text=&#8221;Padova &#8211; 10 km&#8221; font_container=&#8221;tag:h2|font_size:18px|text_align:left|color:%23000000|line_height:30px&#8221; google_fonts=&#8221;font_family:Lato%3A100%2C100italic%2C300%2C300italic%2Cregular%2Citalic%2C700%2C700italic%2C900%2C900italic|font_style:700%20bold%20italic%3A700%3Aitalic&#8221;][vc_column_text]Mit ihren zahlreichen, k\u00fcnstlerischen und kulturellen Traditionen r\u00fchmt sich Padua von mehr als 3.000 Jahren Geschichte, die ihr eine F\u00fclle von Denkm\u00e4lern von gro\u00dfem, historischem Wert hinterlassen haben. www.turismopadova.it[\/vc_column_text][\/vc_column][\/vc_row][vc_row][vc_column width=&#8221;1\/4&#8243;][vc_single_image image=&#8221;887&#8243; img_size=&#8221;full&#8221;][vc_custom_heading text=&#8221;Arqu\u00e0 Petrarca &#8211; 9 km&#8221; font_container=&#8221;tag:h2|font_size:18px|text_align:left|color:%23000000|line_height:30px&#8221; google_fonts=&#8221;font_family:Lato%3A100%2C100italic%2C300%2C300italic%2Cregular%2Citalic%2C700%2C700italic%2C900%2C900italic|font_style:700%20bold%20italic%3A700%3Aitalic&#8221;][vc_column_text]Der ber\u00fchmte Dichter Petrarca w\u00e4hlte die Euganeischen H\u00fcgel und besonders diese zauberhafte Ortschaft, um dort die letzten Jahre seines Lebens zu verbringen. Heute ist es immer noch m\u00f6glich sein Heim zu besichtigen. www.turismopadova.it[\/vc_column_text][\/vc_column][vc_column width=&#8221;1\/4&#8243;][vc_single_image image=&#8221;922&#8243; img_size=&#8221;full&#8221;][vc_custom_heading text=&#8221;Vicenza &#8211; 45 km&#8221; font_container=&#8221;tag:h2|font_size:18px|text_align:left|color:%23000000|line_height:30px&#8221; google_fonts=&#8221;font_family:Lato%3A100%2C100italic%2C300%2C300italic%2Cregular%2Citalic%2C700%2C700italic%2C900%2C900italic|font_style:700%20bold%20italic%3A700%3Aitalic&#8221;][vc_column_text]Mit der alten Tradition der Goldschmiedekunst stellt sich Vicenza in diesem Bereich als Bezugspunkt f\u00fcr die ganze Welt. Die Stadt ist nicht nur anziehend, sondern auch mit dem \u00e4sthetischen Genie von Andrea Palladio verbunden. Der ber\u00fchmte Architekt hinterlie\u00df seiner Wahlstadt eine so wertvolle Erbschaft von Villen und Pal\u00e4sten au\u00dfergew\u00f6hnlicher Sch\u00f6nheit, dass Vicenza von UNESCO \u201eVerm\u00f6gen der Menschheit\u201c erkl\u00e4rt wurde. www.visitvicenza.org[\/vc_column_text][\/vc_column][vc_column width=&#8221;1\/4&#8243;][vc_single_image image=&#8221;928&#8243; img_size=&#8221;full&#8221;][vc_custom_heading text=&#8221;Verona &#8211; 85 km&#8221; font_container=&#8221;tag:h2|font_size:18px|text_align:left|color:%23000000|line_height:30px&#8221; google_fonts=&#8221;font_family:Lato%3A100%2C100italic%2C300%2C300italic%2Cregular%2Citalic%2C700%2C700italic%2C900%2C900italic|font_style:700%20bold%20italic%3A700%3Aitalic&#8221;][vc_column_text]Es ist kaum m\u00f6glich, an die Stadt Verona ohne die tragische Geschichte von Romeo und Julia zu denken. Auch die Arena und ihre Werke sind gleichfalls unvergesslich. www.tourism.verona.it[\/vc_column_text][\/vc_column][vc_column width=&#8221;1\/4&#8243;][\/vc_column][\/vc_row]<\/p>\n","protected":false},"excerpt":{"rendered":"<p>[vc_row full_width=&#8221;stretch_row_content_no_spaces&#8221; content_placement=&#8221;middle&#8221; css=&#8221;.vc_custom_1531819727851{background-position: center !important;background-repeat: no-repeat !important;background-size: contain !important;}&#8221;][vc_column css=&#8221;.vc_custom_1531749665503{padding-top: 0px !important;padding-right: 0px !important;padding-bottom: 0px !important;padding-left: 0px !important;}&#8221;][vc_single_image image=&#8221;1033&#8243; img_size=&#8221;full&#8221; alignment=&#8221;center&#8221; css=&#8221;.vc_custom_1531828025287{background-position: center !important;background-repeat: no-repeat !important;background-size: contain !important;}&#8221;][\/vc_column][\/vc_row][vc_row css=&#8221;.vc_custom_1531750596119{padding-top: 60px !important;padding-bottom: 60px !important;}&#8221;][vc_column][vc_custom_heading text=&#8221;Eine romantische bootsfahrt auf dem Brenta zwischen den venezianischen villen&#8221; font_container=&#8221;tag:h2|font_size:18px|text_align:left|color:%23000000|line_height:30px&#8221; google_fonts=&#8221;font_family:Lato%3A100%2C100italic%2C300%2C300italic%2Cregular%2Citalic%2C700%2C700italic%2C900%2C900italic|font_style:700%20bold%20italic%3A700%3Aitalic&#8221;][vc_column_text]Seit eh und je wird der Begriff \u201cVilla Veneta\u201d mit [&hellip;]<\/p>\n","protected":false},"author":1,"featured_media":0,"parent":1894,"menu_order":0,"comment_status":"closed","ping_status":"closed","template":"","meta":[],"_links":{"self":[{"href":"https:\/\/www.hotelvalbrenta.com\/de\/wp-json\/wp\/v2\/pages\/1909"}],"collection":[{"href":"https:\/\/www.hotelvalbrenta.com\/de\/wp-json\/wp\/v2\/pages"}],"about":[{"href":"https:\/\/www.hotelvalbrenta.com\/de\/wp-json\/wp\/v2\/types\/page"}],"author":[{"embeddable":true,"href":"https:\/\/www.hotelvalbrenta.com\/de\/wp-json\/wp\/v2\/users\/1"}],"replies":[{"embeddable":true,"href":"https:\/\/www.hotelvalbrenta.com\/de\/wp-json\/wp\/v2\/comments?post=1909"}],"version-history":[{"count":2,"href":"https:\/\/www.hotelvalbrenta.com\/de\/wp-json\/wp\/v2\/pages\/1909\/revisions"}],"predecessor-version":[{"id":1918,"href":"https:\/\/www.hotelvalbrenta.com\/de\/wp-json\/wp\/v2\/pages\/1909\/revisions\/1918"}],"up":[{"embeddable":true,"href":"https:\/\/www.hotelvalbrenta.com\/de\/wp-json\/wp\/v2\/pages\/1894"}],"wp:attachment":[{"href":"https:\/\/www.hotelvalbrenta.com\/de\/wp-json\/wp\/v2\/media?parent=1909"}],"curies":[{"name":"wp","href":"https:\/\/api.w.org\/{rel}","templated":true}]}}